{"id":1656,"date":"2023-09-19T11:13:35","date_gmt":"2023-09-19T11:13:35","guid":{"rendered":"https:\/\/whitemont.com\/?page_id=1656"},"modified":"2023-09-19T11:16:34","modified_gmt":"2023-09-19T11:16:34","slug":"histoire","status":"publish","type":"page","link":"http:\/\/whitemont.com\/en\/histoire\/","title":{"rendered":"Our story"},"content":{"rendered":"<div data-elementor-type=\"wp-page\" data-elementor-id=\"1656\" class=\"elementor elementor-1656\" data-elementor-post-type=\"page\">\n\t\t\t\t<div data-particle_enable=\"false\" data-particle-mobile-disabled=\"false\" class=\"elementor-element elementor-element-539ce8e e-flex e-con-boxed e-con e-parent\" data-id=\"539ce8e\" data-element_type=\"container\" data-e-type=\"container\">\n\t\t\t\t\t<div class=\"e-con-inner\">\n\t\t\t\t<div class=\"elementor-element elementor-element-bc847a6 elementor-widget elementor-widget-text-editor\" data-id=\"bc847a6\" data-element_type=\"widget\" data-e-type=\"widget\" data-widget_type=\"text-editor.default\">\n\t\t\t\t<div class=\"elementor-widget-container\">\n\t\t\t\t\t\t\t\t\t<p>NOTRE HISTOIRE<\/p><p>WHITEMONT was co-established by an actuary who hadn't ventured into the realm of financial services before. This fresh perspective became our strength. With no preconceived notions or legacy practices to adhere to, he implanted a culture of rigorous research and meticulous analysis. Having the distinctive ability to quantify and calculate complexities, he ensured that no detail was overlooked. After investing a significant amount of effort and dedication, he took an uncommon step in the often-individualistic financial world: he began sharing these tools with fellow advisors sharing the same values. The company\u2019s culture was established and this analytical foundation was further fueled by the genuine passion for delivering only the most insightful and optimal advice to our clients.<\/p><p>1999: CO-FOND\u00c9 PAR PETER TSAKIRIS<\/p><p>2003: ACCORD EXCLUSIF AVEC LA F\u00c9D\u00c9RATION DE L&rsquo;INFORMATIQUE DU QU\u00c9BEC (FIQ) QUI EST DEVENUE EN 2008, R\u00c9SEAU ACTION-TI, S&rsquo;ADRESSANT \u00c0 SES 7 000 MEMBRES<\/p><p>2005: JOINT LE GROUPE FINANCIER PEAK<\/p><p>2007: PETER DEVIENT L&rsquo;UNIQUE ACTIONNAIRE<\/p><p>2009: CHANGEMENT DE NOM DE GIFACTO \u00c0 WHITEMONT<\/p><p>2010: ADH\u00c9SION \u00c0 PLANIPR\u00caT, AGENCE HYPOTH\u00c9CAIRE<\/p><p>2010: ACCORD EXCLUSIF AVEC LE \u201cR\u00c9SEAU DES ING\u00c9NIEURS DU QU\u00c9BEC\u201d QUI EST DEVENU PAR LA SUITE GENIUM360, S&rsquo;ADRESSANT \u00c0 SES 76 000 MEMBRES<\/p><p>2015: D\u00c9PASSEMENT DE 300M$ EN ACTIFS SOUS ADMINISTRATION<\/p><p>2016: LE FONDATEUR A \u00c9T\u00c9 NOMM\u00c9 FINALISTE POUR LE PRESTIGIEUX PRIX EXCELLENCE, OFFERT PAR LA CHAMBRE DE LA S\u00c9CURIT\u00c9 FINANCI\u00c8RE (CSF) DANS LA CAT\u00c9GORIE DISTINCTION<\/p><p>2017: POUR LA 2e ANN\u00c9E CONS\u00c9CUTIVE, LE FONDATEUR A \u00c9T\u00c9 NOMM\u00c9 FINALISTE POUR LE PRIX EXCELLENCE, OFFERT PAR LA CSF DANS LA CAT\u00c9GORIE DISTINCTION<\/p><p>2017: D\u00c9PASSEMENT DE 500M$ EN ACTIFS SOUS ADMINISTRATION<\/p><p>2020: D\u00c9PASSEMENT DE 750M$ EN ACTIFS SOUS ADMINISTRATION<\/p><p>2022: ACCORD AVEC DIVERSICO POUR LA CR\u00c9ATION DE LA DIVISION HYPOTH\u00c9CAIRE<\/p><p>2023: R\u00c9FORME DE NOTRE SITE WEB<\/p><p>2023: ACCORD EXCLUSIF AVEC UPPERBEE<\/p>\t\t\t\t\t\t\t\t<\/div>\n\t\t\t\t<\/div>\n\t\t\t\t\t<\/div>\n\t\t\t\t<\/div>\n\t\t\t\t<\/div>","protected":false},"excerpt":{"rendered":"<p>NOTRE HISTOIRE WHITEMONT a \u00e9t\u00e9 co-fond\u00e9 par un actuaire qui n&rsquo;avait jamais explor\u00e9 le monde des services financiers auparavant. Cette perspective novatrice est devenue notre atout. Sans id\u00e9es pr\u00e9con\u00e7ues ni pratiques h\u00e9rit\u00e9es auxquelles se conformer, il a instaur\u00e9 une culture de recherche rigoureuse et d&rsquo;analyse minutieuse. Dot\u00e9 de la capacit\u00e9 unique de quantifier et de<br \/><a class=\"moretag\" href=\"http:\/\/whitemont.com\/en\/histoire\/\">+ Read More<\/a><\/p>","protected":false},"author":1,"featured_media":0,"parent":0,"menu_order":0,"comment_status":"closed","ping_status":"closed","template":"","meta":{"footnotes":""},"class_list":["post-1656","page","type-page","status-publish","hentry"],"_links":{"self":[{"href":"http:\/\/whitemont.com\/en\/wp-json\/wp\/v2\/pages\/1656","targetHints":{"allow":["GET"]}}],"collection":[{"href":"http:\/\/whitemont.com\/en\/wp-json\/wp\/v2\/pages"}],"about":[{"href":"http:\/\/whitemont.com\/en\/wp-json\/wp\/v2\/types\/page"}],"author":[{"embeddable":true,"href":"http:\/\/whitemont.com\/en\/wp-json\/wp\/v2\/users\/1"}],"replies":[{"embeddable":true,"href":"http:\/\/whitemont.com\/en\/wp-json\/wp\/v2\/comments?post=1656"}],"version-history":[{"count":5,"href":"http:\/\/whitemont.com\/en\/wp-json\/wp\/v2\/pages\/1656\/revisions"}],"predecessor-version":[{"id":1661,"href":"http:\/\/whitemont.com\/en\/wp-json\/wp\/v2\/pages\/1656\/revisions\/1661"}],"wp:attachment":[{"href":"http:\/\/whitemont.com\/en\/wp-json\/wp\/v2\/media?parent=1656"}],"curies":[{"name":"wp","href":"https:\/\/api.w.org\/{rel}","templated":true}]}}