{"id":2080,"date":"2023-09-19T20:45:44","date_gmt":"2023-09-19T20:45:44","guid":{"rendered":"https:\/\/whitemont.com\/?page_id=2080"},"modified":"2024-09-17T10:28:51","modified_gmt":"2024-09-17T14:28:51","slug":"corporations-gestion-des-liquidites","status":"publish","type":"page","link":"http:\/\/whitemont.com\/en\/corporations-gestion-des-liquidites\/","title":{"rendered":"Corporations-Gestion des liquidit\u00e9s"},"content":{"rendered":"<div data-elementor-type=\"wp-page\" data-elementor-id=\"2080\" class=\"elementor elementor-2080\" data-elementor-post-type=\"page\">\n\t\t\t\t<div data-particle_enable=\"false\" data-particle-mobile-disabled=\"false\" class=\"elementor-element elementor-element-4c729081 e-flex e-con-boxed e-con e-parent\" data-id=\"4c729081\" data-element_type=\"container\" data-e-type=\"container\">\n\t\t\t\t\t<div class=\"e-con-inner\">\n\t\t\t\t<div class=\"elementor-element elementor-element-b33d834 elementor-widget__width-inherit elementor-widget elementor-widget-image\" data-id=\"b33d834\" data-element_type=\"widget\" data-e-type=\"widget\" data-widget_type=\"image.default\">\n\t\t\t\t<div class=\"elementor-widget-container\">\n\t\t\t\t\t\t\t\t\t\t\t\t\t\t\t<img fetchpriority=\"high\" decoding=\"async\" width=\"2000\" height=\"1372\" src=\"https:\/\/whitemont.com\/wp-content\/uploads\/2023\/09\/GestionLIquidites.jpg\" class=\"attachment-full size-full wp-image-2937\" alt=\"\" srcset=\"https:\/\/whitemont.com\/wp-content\/uploads\/2023\/09\/GestionLIquidites.jpg 2000w, https:\/\/whitemont.com\/wp-content\/uploads\/2023\/09\/GestionLIquidites-300x206.jpg 300w, https:\/\/whitemont.com\/wp-content\/uploads\/2023\/09\/GestionLIquidites-1024x702.jpg 1024w, https:\/\/whitemont.com\/wp-content\/uploads\/2023\/09\/GestionLIquidites-768x527.jpg 768w, https:\/\/whitemont.com\/wp-content\/uploads\/2023\/09\/GestionLIquidites-1536x1054.jpg 1536w, https:\/\/whitemont.com\/wp-content\/uploads\/2023\/09\/GestionLIquidites-18x12.jpg 18w\" sizes=\"(max-width: 2000px) 100vw, 2000px\" \/>\t\t\t\t\t\t\t\t\t\t\t\t\t\t\t<\/div>\n\t\t\t\t<\/div>\n\t\t\t\t\t<\/div>\n\t\t\t\t<\/div>\n\t\t<div data-particle_enable=\"false\" data-particle-mobile-disabled=\"false\" class=\"elementor-element elementor-element-52c6399f animated-slow e-flex e-con-boxed elementor-invisible e-con e-parent\" data-id=\"52c6399f\" data-element_type=\"container\" data-e-type=\"container\" data-settings=\"{&quot;animation&quot;:&quot;fadeIn&quot;}\">\n\t\t\t\t\t<div class=\"e-con-inner\">\n\t\t\t\t<div class=\"elementor-element elementor-element-1bbefb3 elementor-widget elementor-widget-heading\" data-id=\"1bbefb3\" data-element_type=\"widget\" data-e-type=\"widget\" data-widget_type=\"heading.default\">\n\t\t\t\t<div class=\"elementor-widget-container\">\n\t\t\t\t\t<h2 class=\"elementor-heading-title elementor-size-default\">Cash management\n<\/h2>\t\t\t\t<\/div>\n\t\t\t\t<\/div>\n\t\t\t\t<div class=\"elementor-element elementor-element-507fd5a6 elementor-widget elementor-widget-text-editor\" data-id=\"507fd5a6\" data-element_type=\"widget\" data-e-type=\"widget\" data-widget_type=\"text-editor.default\">\n\t\t\t\t<div class=\"elementor-widget-container\">\n\t\t\t\t\t\t\t\t\t<p class=\"p1\">Through PEAK Investments and PEAK Securities, our partner advisors work diligently to optimize a company's dormant cash by generating returns and maintaining liquidity. Through this service, they provide valuable advice on:<\/p>\t\t\t\t\t\t\t\t<\/div>\n\t\t\t\t<\/div>\n\t\t\t\t\t<\/div>\n\t\t\t\t<\/div>\n\t\t<div data-particle_enable=\"false\" data-particle-mobile-disabled=\"false\" class=\"elementor-element elementor-element-8d61939 e-flex e-con-boxed e-con e-parent\" data-id=\"8d61939\" data-element_type=\"container\" data-e-type=\"container\">\n\t\t\t\t\t<div class=\"e-con-inner\">\n\t\t<div data-particle_enable=\"false\" data-particle-mobile-disabled=\"false\" class=\"elementor-element elementor-element-afd1227 e-con-full e-flex elementor-invisible e-con e-child\" data-id=\"afd1227\" data-element_type=\"container\" data-e-type=\"container\" data-settings=\"{&quot;animation&quot;:&quot;slideInLeft&quot;}\">\n\t\t\t\t<div class=\"elementor-element elementor-element-96f7094 elementor-widget elementor-widget-heading\" data-id=\"96f7094\" data-element_type=\"widget\" data-e-type=\"widget\" data-widget_type=\"heading.default\">\n\t\t\t\t<div class=\"elementor-widget-container\">\n\t\t\t\t\t<h2 class=\"elementor-heading-title elementor-size-default\">Short-term Investments<\/h2>\t\t\t\t<\/div>\n\t\t\t\t<\/div>\n\t\t\t\t<div class=\"elementor-element elementor-element-d43901c elementor-widget elementor-widget-text-editor\" data-id=\"d43901c\" data-element_type=\"widget\" data-e-type=\"widget\" data-widget_type=\"text-editor.default\">\n\t\t\t\t<div class=\"elementor-widget-container\">\n\t\t\t\t\t\t\t\t\t<p class=\"p1\">Utilizing instruments such as GICs, money market funds, commercial paper, and short-term government bonds to generate returns on idle currency without sacrificing significant liquidity.<\/p>\t\t\t\t\t\t\t\t<\/div>\n\t\t\t\t<\/div>\n\t\t\t\t<\/div>\n\t\t\t\t\t<\/div>\n\t\t\t\t<\/div>\n\t\t<div data-particle_enable=\"false\" data-particle-mobile-disabled=\"false\" class=\"elementor-element elementor-element-1707691e e-flex e-con-boxed e-con e-parent\" data-id=\"1707691e\" data-element_type=\"container\" data-e-type=\"container\">\n\t\t\t\t\t<div class=\"e-con-inner\">\n\t\t<div data-particle_enable=\"false\" data-particle-mobile-disabled=\"false\" class=\"elementor-element elementor-element-2d1e7383 e-con-full e-flex elementor-invisible e-con e-child\" data-id=\"2d1e7383\" data-element_type=\"container\" data-e-type=\"container\" data-settings=\"{&quot;animation&quot;:&quot;slideInLeft&quot;}\">\n\t\t\t\t<div class=\"elementor-element elementor-element-95b8585 elementor-widget elementor-widget-heading\" data-id=\"95b8585\" data-element_type=\"widget\" data-e-type=\"widget\" data-widget_type=\"heading.default\">\n\t\t\t\t<div class=\"elementor-widget-container\">\n\t\t\t\t\t<h2 class=\"elementor-heading-title elementor-size-default\">Diversification<\/h2>\t\t\t\t<\/div>\n\t\t\t\t<\/div>\n\t\t\t\t<div class=\"elementor-element elementor-element-5dfba6c2 elementor-widget elementor-widget-text-editor\" data-id=\"5dfba6c2\" data-element_type=\"widget\" data-e-type=\"widget\" data-widget_type=\"text-editor.default\">\n\t\t\t\t<div class=\"elementor-widget-container\">\n\t\t\t\t\t\t\t\t\t<p class=\"p1\">Spreading investments across various instruments to reduce risk and maximize returns.<\/p>\t\t\t\t\t\t\t\t<\/div>\n\t\t\t\t<\/div>\n\t\t\t\t<\/div>\n\t\t\t\t\t<\/div>\n\t\t\t\t<\/div>\n\t\t<div data-particle_enable=\"false\" data-particle-mobile-disabled=\"false\" class=\"elementor-element elementor-element-08d42bb e-flex e-con-boxed e-con e-parent\" data-id=\"08d42bb\" data-element_type=\"container\" data-e-type=\"container\">\n\t\t\t\t\t<div class=\"e-con-inner\">\n\t\t<div data-particle_enable=\"false\" data-particle-mobile-disabled=\"false\" class=\"elementor-element elementor-element-9f8d0cc e-con-full e-flex elementor-invisible e-con e-child\" data-id=\"9f8d0cc\" data-element_type=\"container\" data-e-type=\"container\" data-settings=\"{&quot;animation&quot;:&quot;slideInLeft&quot;}\">\n\t\t\t\t<div class=\"elementor-element elementor-element-4c2147b elementor-widget elementor-widget-heading\" data-id=\"4c2147b\" data-element_type=\"widget\" data-e-type=\"widget\" data-widget_type=\"heading.default\">\n\t\t\t\t<div class=\"elementor-widget-container\">\n\t\t\t\t\t<h2 class=\"elementor-heading-title elementor-size-default\">Continuous Monitoring<\/h2>\t\t\t\t<\/div>\n\t\t\t\t<\/div>\n\t\t\t\t<div class=\"elementor-element elementor-element-a02c34e elementor-widget elementor-widget-text-editor\" data-id=\"a02c34e\" data-element_type=\"widget\" data-e-type=\"widget\" data-widget_type=\"text-editor.default\">\n\t\t\t\t<div class=\"elementor-widget-container\">\n\t\t\t\t\t\t\t\t\t<p class=\"p1\">Reviewing cash positions in relation to market conditions and business requirements on a regular basis in order to make any necessary adjustments.<\/p>\t\t\t\t\t\t\t\t<\/div>\n\t\t\t\t<\/div>\n\t\t\t\t<\/div>\n\t\t\t\t\t<\/div>\n\t\t\t\t<\/div>\n\t\t\t\t<\/div>","protected":false},"excerpt":{"rendered":"<p>Gestion des liquidit\u00e9s Gr\u00e2ce \u00e0 Services en Placement PEAK&nbsp; et valeurs mobili\u00e8res PEAK,&nbsp; nos conseillers partenaires s&rsquo;efforcent d&rsquo;optimiser les liquidit\u00e9s inactives d&rsquo;une entreprise en g\u00e9n\u00e9rant des rendements tout en conservant la liquidit\u00e9. Par ce service, ils fournissent des conseils pr\u00e9cieux sur : Investissements \u00e0 court terme En utilisant des instruments tels que les CPG, les<br \/><a class=\"moretag\" href=\"http:\/\/whitemont.com\/en\/corporations-gestion-des-liquidites\/\">+ Read More<\/a><\/p>","protected":false},"author":1,"featured_media":0,"parent":0,"menu_order":0,"comment_status":"closed","ping_status":"closed","template":"elementor_header_footer","meta":{"footnotes":""},"class_list":["post-2080","page","type-page","status-publish","hentry"],"_links":{"self":[{"href":"http:\/\/whitemont.com\/en\/wp-json\/wp\/v2\/pages\/2080","targetHints":{"allow":["GET"]}}],"collection":[{"href":"http:\/\/whitemont.com\/en\/wp-json\/wp\/v2\/pages"}],"about":[{"href":"http:\/\/whitemont.com\/en\/wp-json\/wp\/v2\/types\/page"}],"author":[{"embeddable":true,"href":"http:\/\/whitemont.com\/en\/wp-json\/wp\/v2\/users\/1"}],"replies":[{"embeddable":true,"href":"http:\/\/whitemont.com\/en\/wp-json\/wp\/v2\/comments?post=2080"}],"version-history":[{"count":43,"href":"http:\/\/whitemont.com\/en\/wp-json\/wp\/v2\/pages\/2080\/revisions"}],"predecessor-version":[{"id":4393,"href":"http:\/\/whitemont.com\/en\/wp-json\/wp\/v2\/pages\/2080\/revisions\/4393"}],"wp:attachment":[{"href":"http:\/\/whitemont.com\/en\/wp-json\/wp\/v2\/media?parent=2080"}],"curies":[{"name":"wp","href":"https:\/\/api.w.org\/{rel}","templated":true}]}}