{"id":4343,"date":"2024-09-17T09:34:47","date_gmt":"2024-09-17T13:34:47","guid":{"rendered":"https:\/\/whitemont.com\/?page_id=4343"},"modified":"2024-09-17T15:14:56","modified_gmt":"2024-09-17T19:14:56","slug":"notre-partenaire","status":"publish","type":"page","link":"http:\/\/whitemont.com\/en\/notre-partenaire\/","title":{"rendered":"Our Partner"},"content":{"rendered":"<div data-elementor-type=\"wp-page\" data-elementor-id=\"4343\" class=\"elementor elementor-4343\" data-elementor-post-type=\"page\">\n\t\t\t\t<div data-particle_enable=\"false\" data-particle-mobile-disabled=\"false\" class=\"elementor-element elementor-element-54b35691 e-flex e-con-boxed e-con e-parent\" data-id=\"54b35691\" data-element_type=\"container\" data-e-type=\"container\">\n\t\t\t\t\t<div class=\"e-con-inner\">\n\t\t\t\t<div class=\"elementor-element elementor-element-6995b0e0 elementor-widget__width-inherit elementor-widget elementor-widget-image\" data-id=\"6995b0e0\" data-element_type=\"widget\" data-e-type=\"widget\" data-widget_type=\"image.default\">\n\t\t\t\t<div class=\"elementor-widget-container\">\n\t\t\t\t\t\t\t\t\t\t\t\t\t\t\t<img fetchpriority=\"high\" decoding=\"async\" width=\"690\" height=\"368\" src=\"https:\/\/whitemont.com\/wp-content\/uploads\/2023\/09\/OurValuesRes-1024x546.jpg\" class=\"attachment-large size-large wp-image-1562\" alt=\"\" srcset=\"https:\/\/whitemont.com\/wp-content\/uploads\/2023\/09\/OurValuesRes-1024x546.jpg 1024w, https:\/\/whitemont.com\/wp-content\/uploads\/2023\/09\/OurValuesRes-300x160.jpg 300w, https:\/\/whitemont.com\/wp-content\/uploads\/2023\/09\/OurValuesRes-768x410.jpg 768w, https:\/\/whitemont.com\/wp-content\/uploads\/2023\/09\/OurValuesRes-1536x819.jpg 1536w, https:\/\/whitemont.com\/wp-content\/uploads\/2023\/09\/OurValuesRes.jpg 2000w\" sizes=\"(max-width: 690px) 100vw, 690px\" \/>\t\t\t\t\t\t\t\t\t\t\t\t\t\t\t<\/div>\n\t\t\t\t<\/div>\n\t\t\t\t\t<\/div>\n\t\t\t\t<\/div>\n\t\t<div data-particle_enable=\"false\" data-particle-mobile-disabled=\"false\" class=\"elementor-element elementor-element-4d40e2e9 e-flex e-con-boxed e-con e-parent\" data-id=\"4d40e2e9\" data-element_type=\"container\" data-e-type=\"container\">\n\t\t\t\t\t<div class=\"e-con-inner\">\n\t\t\t\t<div class=\"elementor-element elementor-element-25898b69 elementor-invisible elementor-widget elementor-widget-heading\" data-id=\"25898b69\" data-element_type=\"widget\" data-e-type=\"widget\" data-settings=\"{&quot;_animation&quot;:&quot;fadeIn&quot;}\" data-widget_type=\"heading.default\">\n\t\t\t\t<div class=\"elementor-widget-container\">\n\t\t\t\t\t<h2 class=\"elementor-heading-title elementor-size-default\">OUR PARTNER :  PEAK FINANCIAL GROUP<\/h2>\t\t\t\t<\/div>\n\t\t\t\t<\/div>\n\t\t\t\t\t<\/div>\n\t\t\t\t<\/div>\n\t\t<div data-particle_enable=\"false\" data-particle-mobile-disabled=\"false\" class=\"elementor-element elementor-element-6dbd87da animated-slow e-flex e-con-boxed elementor-invisible e-con e-parent\" data-id=\"6dbd87da\" data-element_type=\"container\" data-e-type=\"container\" data-settings=\"{&quot;animation&quot;:&quot;fadeIn&quot;}\">\n\t\t\t\t\t<div class=\"e-con-inner\">\n\t\t<div data-particle_enable=\"false\" data-particle-mobile-disabled=\"false\" class=\"elementor-element elementor-element-17998548 e-con-full animated-slow e-flex e-con e-child\" data-id=\"17998548\" data-element_type=\"container\" data-e-type=\"container\" data-settings=\"{&quot;animation&quot;:&quot;none&quot;}\">\n\t\t\t\t<div class=\"elementor-element elementor-element-2dc8cb2 elementor-widget elementor-widget-text-editor\" data-id=\"2dc8cb2\" data-element_type=\"widget\" data-e-type=\"widget\" data-widget_type=\"text-editor.default\">\n\t\t\t\t<div class=\"elementor-widget-container\">\n\t\t\t\t\t\t\t\t\t<p class=\"p1\"><a href=\"https:\/\/www.peakgroup.com\/en\/our-services\" target=\"_blank\" rel=\"noopener\">PEAK FINANCIAL GROUP is composed of 2 divisions\u00a0: PEAK Investments &amp; PEAK Securities.<\/a><\/p><p class=\"p1\">\u00a0<\/p><p class=\"p1\">PEAK Investments Advisors are mutual funds representative registered at the AMF. Their inscription could be verified at the Registry of Firms and Individuals on the AMF website: <a href=\"https:\/\/lautorite.qc.ca\/en\/general-public\/registers\"><span class=\"s1\">Registers\u00a0| AMF (lautorite.qc.ca)<\/span><\/a><\/p><p class=\"p1\">\u00a0<\/p><p class=\"p2\"><span class=\"s2\">PEAK Securities investment advisors are registered at the CIRO. Their inscription could be verified at the Registry of businesses and Individuals:\u00a0 <a href=\"https:\/\/www.ciro.ca\/office-investor\/looking-investment-advisor-or-firm\"><span class=\"s1\">https:\/\/www.ciro.ca\/office-investor\/looking-investment-advisor-or-firm<\/span><\/a><\/span><\/p>\t\t\t\t\t\t\t\t<\/div>\n\t\t\t\t<\/div>\n\t\t\t\t<\/div>\n\t\t\t\t\t<\/div>\n\t\t\t\t<\/div>\n\t\t<div data-particle_enable=\"false\" data-particle-mobile-disabled=\"false\" class=\"elementor-element elementor-element-ee4241c e-flex e-con-boxed e-con e-parent\" data-id=\"ee4241c\" data-element_type=\"container\" data-e-type=\"container\">\n\t\t\t\t\t<div class=\"e-con-inner\">\n\t\t\t\t<div class=\"elementor-element elementor-element-7e3e7ba elementor-widget elementor-widget-image\" data-id=\"7e3e7ba\" data-element_type=\"widget\" data-e-type=\"widget\" data-widget_type=\"image.default\">\n\t\t\t\t<div class=\"elementor-widget-container\">\n\t\t\t\t\t\t\t\t\t\t\t\t\t\t\t<img decoding=\"async\" width=\"690\" height=\"351\" src=\"https:\/\/whitemont.com\/wp-content\/uploads\/2024\/09\/AMF_logo.png\" class=\"attachment-large size-large wp-image-4366\" alt=\"\" srcset=\"https:\/\/whitemont.com\/wp-content\/uploads\/2024\/09\/AMF_logo.png 712w, https:\/\/whitemont.com\/wp-content\/uploads\/2024\/09\/AMF_logo-300x153.png 300w, https:\/\/whitemont.com\/wp-content\/uploads\/2024\/09\/AMF_logo-18x9.png 18w\" sizes=\"(max-width: 690px) 100vw, 690px\" \/>\t\t\t\t\t\t\t\t\t\t\t\t\t\t\t<\/div>\n\t\t\t\t<\/div>\n\t\t\t\t<div class=\"elementor-element elementor-element-a3102f7 elementor-widget elementor-widget-image\" data-id=\"a3102f7\" data-element_type=\"widget\" data-e-type=\"widget\" data-widget_type=\"image.default\">\n\t\t\t\t<div class=\"elementor-widget-container\">\n\t\t\t\t\t\t\t\t\t\t\t\t\t\t\t<img decoding=\"async\" width=\"690\" height=\"280\" src=\"https:\/\/whitemont.com\/wp-content\/uploads\/2024\/09\/CIRO_Logo.png\" class=\"attachment-large size-large wp-image-4365\" alt=\"\" srcset=\"https:\/\/whitemont.com\/wp-content\/uploads\/2024\/09\/CIRO_Logo.png 936w, https:\/\/whitemont.com\/wp-content\/uploads\/2024\/09\/CIRO_Logo-300x122.png 300w, https:\/\/whitemont.com\/wp-content\/uploads\/2024\/09\/CIRO_Logo-768x312.png 768w, https:\/\/whitemont.com\/wp-content\/uploads\/2024\/09\/CIRO_Logo-18x7.png 18w\" sizes=\"(max-width: 690px) 100vw, 690px\" \/>\t\t\t\t\t\t\t\t\t\t\t\t\t\t\t<\/div>\n\t\t\t\t<\/div>\n\t\t\t\t\t<\/div>\n\t\t\t\t<\/div>\n\t\t\t\t<\/div>","protected":false},"excerpt":{"rendered":"<p>Notre Courtier Partenaire: Groupe Financier Peak Le Groupe Financier PEAK est compos\u00e9 de deux divisions\u00a0: Services en Placements PEAK et Valeurs Mobili\u00e8res PEAK. \u00a0 Les conseillers inscrits \u00e0 Services en Placements PEAK sont des repr\u00e9sentants en \u00e9pargne collective d\u00fbment inscrits aupr\u00e8s l\u2019AMF. On peut consulter leur inscription au Registre des entreprises et individus au site<br \/><a class=\"moretag\" href=\"http:\/\/whitemont.com\/en\/notre-partenaire\/\">+ Read More<\/a><\/p>","protected":false},"author":1,"featured_media":0,"parent":0,"menu_order":0,"comment_status":"closed","ping_status":"closed","template":"elementor_header_footer","meta":{"footnotes":""},"class_list":["post-4343","page","type-page","status-publish","hentry"],"_links":{"self":[{"href":"http:\/\/whitemont.com\/en\/wp-json\/wp\/v2\/pages\/4343","targetHints":{"allow":["GET"]}}],"collection":[{"href":"http:\/\/whitemont.com\/en\/wp-json\/wp\/v2\/pages"}],"about":[{"href":"http:\/\/whitemont.com\/en\/wp-json\/wp\/v2\/types\/page"}],"author":[{"embeddable":true,"href":"http:\/\/whitemont.com\/en\/wp-json\/wp\/v2\/users\/1"}],"replies":[{"embeddable":true,"href":"http:\/\/whitemont.com\/en\/wp-json\/wp\/v2\/comments?post=4343"}],"version-history":[{"count":34,"href":"http:\/\/whitemont.com\/en\/wp-json\/wp\/v2\/pages\/4343\/revisions"}],"predecessor-version":[{"id":4445,"href":"http:\/\/whitemont.com\/en\/wp-json\/wp\/v2\/pages\/4343\/revisions\/4445"}],"wp:attachment":[{"href":"http:\/\/whitemont.com\/en\/wp-json\/wp\/v2\/media?parent=4343"}],"curies":[{"name":"wp","href":"https:\/\/api.w.org\/{rel}","templated":true}]}}