{"id":1692,"date":"2023-09-19T12:13:10","date_gmt":"2023-09-19T12:13:10","guid":{"rendered":"https:\/\/whitemont.com\/?page_id=1692"},"modified":"2024-10-23T16:28:48","modified_gmt":"2024-10-23T20:28:48","slug":"notre-histoire","status":"publish","type":"page","link":"https:\/\/whitemont.com\/en\/notre-histoire\/","title":{"rendered":"Our story"},"content":{"rendered":"<div data-elementor-type=\"wp-page\" data-elementor-id=\"1692\" class=\"elementor elementor-1692\" data-elementor-post-type=\"page\">\n\t\t\t\t<div data-particle_enable=\"false\" data-particle-mobile-disabled=\"false\" class=\"elementor-element elementor-element-77fb4a1c e-flex e-con-boxed e-con e-parent\" data-id=\"77fb4a1c\" data-element_type=\"container\" data-e-type=\"container\">\n\t\t\t\t\t<div class=\"e-con-inner\">\n\t\t\t\t<div class=\"elementor-element elementor-element-740b308c elementor-widget__width-inherit elementor-widget elementor-widget-image\" data-id=\"740b308c\" data-element_type=\"widget\" data-e-type=\"widget\" data-widget_type=\"image.default\">\n\t\t\t\t<div class=\"elementor-widget-container\">\n\t\t\t\t\t\t\t\t\t\t\t\t\t\t\t<img fetchpriority=\"high\" decoding=\"async\" width=\"690\" height=\"435\" src=\"https:\/\/whitemont.com\/wp-content\/uploads\/2023\/09\/OurStoryRes.jpg\" class=\"attachment-large size-large wp-image-3761\" alt=\"\" srcset=\"https:\/\/whitemont.com\/wp-content\/uploads\/2023\/09\/OurStoryRes.jpg 2000w, https:\/\/whitemont.com\/wp-content\/uploads\/2023\/09\/OurStoryRes-300x189.jpg 300w, https:\/\/whitemont.com\/wp-content\/uploads\/2023\/09\/OurStoryRes-1024x645.jpg 1024w, https:\/\/whitemont.com\/wp-content\/uploads\/2023\/09\/OurStoryRes-768x484.jpg 768w, https:\/\/whitemont.com\/wp-content\/uploads\/2023\/09\/OurStoryRes-1536x968.jpg 1536w\" sizes=\"(max-width: 690px) 100vw, 690px\" \/>\t\t\t\t\t\t\t\t\t\t\t\t\t\t\t<\/div>\n\t\t\t\t<\/div>\n\t\t<div data-particle_enable=\"false\" data-particle-mobile-disabled=\"false\" class=\"elementor-element elementor-element-21b67c76 e-flex e-con-boxed e-con e-child\" data-id=\"21b67c76\" data-element_type=\"container\" data-e-type=\"container\">\n\t\t\t\t\t<div class=\"e-con-inner\">\n\t\t\t\t<div class=\"elementor-element elementor-element-20ffde21 elementor-widget elementor-widget-heading\" data-id=\"20ffde21\" data-element_type=\"widget\" data-e-type=\"widget\" data-widget_type=\"heading.default\">\n\t\t\t\t<div class=\"elementor-widget-container\">\n\t\t\t\t\t<h2 class=\"elementor-heading-title elementor-size-default\">Our story\n<\/h2>\t\t\t\t<\/div>\n\t\t\t\t<\/div>\n\t\t\t\t<div class=\"elementor-element elementor-element-24fb993f elementor-widget elementor-widget-text-editor\" data-id=\"24fb993f\" data-element_type=\"widget\" data-e-type=\"widget\" data-widget_type=\"text-editor.default\">\n\t\t\t\t<div class=\"elementor-widget-container\">\n\t\t\t\t\t\t\t\t\t<p class=\"p1\">WHITEMONT was co-established by an actuary who hadn't ventured into the realm of financial services before. This fresh perspective became our strength. With no preconceived notions or legacy practices to adhere to, he implanted a culture of rigorous research and meticulous analysis. Having the distinctive ability to quantify and calculate complexities, he ensured that no detail was overlooked. After investing a significant amount of effort and dedication, he took an uncommon step in the often-individualistic financial world: he began sharing these tools with fellow advisors sharing the same values. The company\u2019s culture was established and this analytical foundation was further fueled by the genuine passion for delivering only the most insightful and optimal advice to our clients.<\/p>\t\t\t\t\t\t\t\t<\/div>\n\t\t\t\t<\/div>\n\t\t\t\t\t<\/div>\n\t\t\t\t<\/div>\n\t\t\t\t\t<\/div>\n\t\t\t\t<\/div>\n\t\t\t\t<\/div>","protected":false},"excerpt":{"rendered":"<p>Notre histoire WHITEMONT a \u00e9t\u00e9 co-fond\u00e9 par un actuaire qui n&rsquo;avait jamais explor\u00e9 le monde des services financiers auparavant. Cette perspective novatrice est devenue notre atout. Sans id\u00e9es pr\u00e9con\u00e7ues ni pratiques h\u00e9rit\u00e9es auxquelles se conformer, il a instaur\u00e9 une culture de recherche rigoureuse et d&rsquo;analyse minutieuse. Dot\u00e9 de la capacit\u00e9 unique de quantifier et de<br \/><a class=\"moretag\" href=\"https:\/\/whitemont.com\/en\/notre-histoire\/\">+ Read More<\/a><\/p>","protected":false},"author":1,"featured_media":0,"parent":0,"menu_order":0,"comment_status":"closed","ping_status":"closed","template":"elementor_header_footer","meta":{"footnotes":""},"class_list":["post-1692","page","type-page","status-publish","hentry"],"_links":{"self":[{"href":"https:\/\/whitemont.com\/en\/wp-json\/wp\/v2\/pages\/1692","targetHints":{"allow":["GET"]}}],"collection":[{"href":"https:\/\/whitemont.com\/en\/wp-json\/wp\/v2\/pages"}],"about":[{"href":"https:\/\/whitemont.com\/en\/wp-json\/wp\/v2\/types\/page"}],"author":[{"embeddable":true,"href":"https:\/\/whitemont.com\/en\/wp-json\/wp\/v2\/users\/1"}],"replies":[{"embeddable":true,"href":"https:\/\/whitemont.com\/en\/wp-json\/wp\/v2\/comments?post=1692"}],"version-history":[{"count":130,"href":"https:\/\/whitemont.com\/en\/wp-json\/wp\/v2\/pages\/1692\/revisions"}],"predecessor-version":[{"id":4509,"href":"https:\/\/whitemont.com\/en\/wp-json\/wp\/v2\/pages\/1692\/revisions\/4509"}],"wp:attachment":[{"href":"https:\/\/whitemont.com\/en\/wp-json\/wp\/v2\/media?parent=1692"}],"curies":[{"name":"wp","href":"https:\/\/api.w.org\/{rel}","templated":true}]}}