{"id":1977,"date":"2023-09-19T19:32:18","date_gmt":"2023-09-19T19:32:18","guid":{"rendered":"https:\/\/whitemont.com\/?page_id=1977"},"modified":"2023-09-22T17:00:49","modified_gmt":"2023-09-22T17:00:49","slug":"planification-financiere","status":"publish","type":"page","link":"https:\/\/whitemont.com\/en\/planification-financiere\/","title":{"rendered":"Financial planning"},"content":{"rendered":"<div data-elementor-type=\"wp-page\" data-elementor-id=\"1977\" class=\"elementor elementor-1977\" data-elementor-post-type=\"page\">\n\t\t\t\t<div data-particle_enable=\"false\" data-particle-mobile-disabled=\"false\" class=\"elementor-element elementor-element-4c729081 e-flex e-con-boxed e-con e-parent\" data-id=\"4c729081\" data-element_type=\"container\" data-e-type=\"container\">\n\t\t\t\t\t<div class=\"e-con-inner\">\n\t\t\t\t<div class=\"elementor-element elementor-element-b33d834 elementor-widget__width-inherit elementor-widget elementor-widget-image\" data-id=\"b33d834\" data-element_type=\"widget\" data-e-type=\"widget\" data-widget_type=\"image.default\">\n\t\t\t\t<div class=\"elementor-widget-container\">\n\t\t\t\t\t\t\t\t\t\t\t\t\t\t\t<img fetchpriority=\"high\" decoding=\"async\" width=\"1999\" height=\"1333\" src=\"https:\/\/whitemont.com\/wp-content\/uploads\/2023\/09\/PlanifFinanciereOverview.jpg\" class=\"attachment-full size-full wp-image-2198\" alt=\"\" srcset=\"https:\/\/whitemont.com\/wp-content\/uploads\/2023\/09\/PlanifFinanciereOverview.jpg 1999w, https:\/\/whitemont.com\/wp-content\/uploads\/2023\/09\/PlanifFinanciereOverview-300x200.jpg 300w, https:\/\/whitemont.com\/wp-content\/uploads\/2023\/09\/PlanifFinanciereOverview-1024x683.jpg 1024w, https:\/\/whitemont.com\/wp-content\/uploads\/2023\/09\/PlanifFinanciereOverview-768x512.jpg 768w, https:\/\/whitemont.com\/wp-content\/uploads\/2023\/09\/PlanifFinanciereOverview-1536x1024.jpg 1536w\" sizes=\"(max-width: 1999px) 100vw, 1999px\" \/>\t\t\t\t\t\t\t\t\t\t\t\t\t\t\t<\/div>\n\t\t\t\t<\/div>\n\t\t\t\t\t<\/div>\n\t\t\t\t<\/div>\n\t\t<div data-particle_enable=\"false\" data-particle-mobile-disabled=\"false\" class=\"elementor-element elementor-element-52c6399f e-flex e-con-boxed e-con e-parent\" data-id=\"52c6399f\" data-element_type=\"container\" data-e-type=\"container\">\n\t\t\t\t\t<div class=\"e-con-inner\">\n\t\t\t\t<div class=\"elementor-element elementor-element-5c737b8a elementor-widget elementor-widget-heading\" data-id=\"5c737b8a\" data-element_type=\"widget\" data-e-type=\"widget\" data-widget_type=\"heading.default\">\n\t\t\t\t<div class=\"elementor-widget-container\">\n\t\t\t\t\t<h2 class=\"elementor-heading-title elementor-size-default\">Financial planning<\/h2>\t\t\t\t<\/div>\n\t\t\t\t<\/div>\n\t\t\t\t<div class=\"elementor-element elementor-element-507fd5a6 elementor-widget elementor-widget-text-editor\" data-id=\"507fd5a6\" data-element_type=\"widget\" data-e-type=\"widget\" data-widget_type=\"text-editor.default\">\n\t\t\t\t<div class=\"elementor-widget-container\">\n\t\t\t\t\t\t\t\t\t<p>Our financial planning approach at WHITEMONT is a dynamic process of setting, planning, and managing our clients financial objectives. It involves analyzing the current financial situation, establishing objectives, and developing simple but solid strategies to achieve them, including budgeting, investment, tax planning, and risk management, in order to secure their financial future.<\/p>\t\t\t\t\t\t\t\t<\/div>\n\t\t\t\t<\/div>\n\t\t\t\t\t<\/div>\n\t\t\t\t<\/div>\n\t\t\t\t<\/div>","protected":false},"excerpt":{"rendered":"<p>Planification financi\u00e8re Notre approche de planification financi\u00e8re chez WHITEMONT est un processus dynamique des hypoth\u00e8ses de base, de d\u00e9finition, de planification et de gestion des objectifs financiers de nos clients. Elle consiste \u00e0 analyser la situation financi\u00e8re actuelle, \u00e0 \u00e9tablir des objectifs et \u00e0 d\u00e9velopper des strat\u00e9gies simples mais solides pour les atteindre, y compris<br \/><a class=\"moretag\" href=\"https:\/\/whitemont.com\/en\/planification-financiere\/\">+ Read More<\/a><\/p>","protected":false},"author":1,"featured_media":0,"parent":0,"menu_order":0,"comment_status":"closed","ping_status":"closed","template":"elementor_header_footer","meta":{"footnotes":""},"class_list":["post-1977","page","type-page","status-publish","hentry"],"_links":{"self":[{"href":"https:\/\/whitemont.com\/en\/wp-json\/wp\/v2\/pages\/1977","targetHints":{"allow":["GET"]}}],"collection":[{"href":"https:\/\/whitemont.com\/en\/wp-json\/wp\/v2\/pages"}],"about":[{"href":"https:\/\/whitemont.com\/en\/wp-json\/wp\/v2\/types\/page"}],"author":[{"embeddable":true,"href":"https:\/\/whitemont.com\/en\/wp-json\/wp\/v2\/users\/1"}],"replies":[{"embeddable":true,"href":"https:\/\/whitemont.com\/en\/wp-json\/wp\/v2\/comments?post=1977"}],"version-history":[{"count":34,"href":"https:\/\/whitemont.com\/en\/wp-json\/wp\/v2\/pages\/1977\/revisions"}],"predecessor-version":[{"id":2988,"href":"https:\/\/whitemont.com\/en\/wp-json\/wp\/v2\/pages\/1977\/revisions\/2988"}],"wp:attachment":[{"href":"https:\/\/whitemont.com\/en\/wp-json\/wp\/v2\/media?parent=1977"}],"curies":[{"name":"wp","href":"https:\/\/api.w.org\/{rel}","templated":true}]}}