{"id":1982,"date":"2023-09-19T19:34:21","date_gmt":"2023-09-19T19:34:21","guid":{"rendered":"https:\/\/whitemont.com\/?page_id=1982"},"modified":"2024-09-24T04:59:22","modified_gmt":"2024-09-24T08:59:22","slug":"gestion-de-patrimoine","status":"publish","type":"page","link":"https:\/\/whitemont.com\/en\/gestion-de-patrimoine\/","title":{"rendered":"Wealth management"},"content":{"rendered":"<div data-elementor-type=\"wp-page\" data-elementor-id=\"1982\" class=\"elementor elementor-1982\" data-elementor-post-type=\"page\">\n\t\t\t\t<div data-particle_enable=\"false\" data-particle-mobile-disabled=\"false\" class=\"elementor-element elementor-element-4c729081 e-flex e-con-boxed e-con e-parent\" data-id=\"4c729081\" data-element_type=\"container\" data-e-type=\"container\">\n\t\t\t\t\t<div class=\"e-con-inner\">\n\t\t\t\t<div class=\"elementor-element elementor-element-b33d834 elementor-widget__width-inherit elementor-widget elementor-widget-image\" data-id=\"b33d834\" data-element_type=\"widget\" data-e-type=\"widget\" data-widget_type=\"image.default\">\n\t\t\t\t<div class=\"elementor-widget-container\">\n\t\t\t\t\t\t\t\t\t\t\t\t\t\t\t<img fetchpriority=\"high\" decoding=\"async\" width=\"2000\" height=\"1125\" src=\"https:\/\/whitemont.com\/wp-content\/uploads\/2023\/09\/GestionPatrimoineOverview.jpg\" class=\"attachment-full size-full wp-image-2202\" alt=\"\" srcset=\"https:\/\/whitemont.com\/wp-content\/uploads\/2023\/09\/GestionPatrimoineOverview.jpg 2000w, https:\/\/whitemont.com\/wp-content\/uploads\/2023\/09\/GestionPatrimoineOverview-300x169.jpg 300w, https:\/\/whitemont.com\/wp-content\/uploads\/2023\/09\/GestionPatrimoineOverview-1024x576.jpg 1024w, https:\/\/whitemont.com\/wp-content\/uploads\/2023\/09\/GestionPatrimoineOverview-768x432.jpg 768w, https:\/\/whitemont.com\/wp-content\/uploads\/2023\/09\/GestionPatrimoineOverview-1536x864.jpg 1536w\" sizes=\"(max-width: 2000px) 100vw, 2000px\" \/>\t\t\t\t\t\t\t\t\t\t\t\t\t\t\t<\/div>\n\t\t\t\t<\/div>\n\t\t\t\t\t<\/div>\n\t\t\t\t<\/div>\n\t\t<div data-particle_enable=\"false\" data-particle-mobile-disabled=\"false\" class=\"elementor-element elementor-element-52c6399f e-flex e-con-boxed e-con e-parent\" data-id=\"52c6399f\" data-element_type=\"container\" data-e-type=\"container\">\n\t\t\t\t\t<div class=\"e-con-inner\">\n\t\t\t\t<div class=\"elementor-element elementor-element-5c737b8a elementor-widget elementor-widget-heading\" data-id=\"5c737b8a\" data-element_type=\"widget\" data-e-type=\"widget\" data-widget_type=\"heading.default\">\n\t\t\t\t<div class=\"elementor-widget-container\">\n\t\t\t\t\t<h2 class=\"elementor-heading-title elementor-size-default\">Wealth management<\/h2>\t\t\t\t<\/div>\n\t\t\t\t<\/div>\n\t\t\t\t<div class=\"elementor-element elementor-element-507fd5a6 elementor-widget elementor-widget-text-editor\" data-id=\"507fd5a6\" data-element_type=\"widget\" data-e-type=\"widget\" data-widget_type=\"text-editor.default\">\n\t\t\t\t<div class=\"elementor-widget-container\">\n\t\t\t\t\t\t\t\t\t<p class=\"p1\">Through our Partner, PEAK Financial Group, the partner-advisors use an integrated approach to develop and expand the financial assets of our clients. It combines specialized financial services, such as investment advice, tax advice, and estate planning, to create customized strategies that seek to preserve and increase\u00a0our clients' wealth over time.<\/p>\t\t\t\t\t\t\t\t<\/div>\n\t\t\t\t<\/div>\n\t\t\t\t\t<\/div>\n\t\t\t\t<\/div>\n\t\t\t\t<\/div>","protected":false},"excerpt":{"rendered":"<p>Gestion de patrimoine Par l&rsquo;interm\u00e9diaire de notre partenaire, PEAK Financial Group, les partenaires-conseillers adoptent une approche int\u00e9gr\u00e9e pour d\u00e9velopper et augmenter les actifs financiers de nos clients. Elle combine des services financiers sp\u00e9cialis\u00e9s, tels que les conseils en investissement, les conseils fiscaux et la planification successorale, pour cr\u00e9er des strat\u00e9gies sur mesure visant \u00e0 pr\u00e9server<br \/><a class=\"moretag\" href=\"https:\/\/whitemont.com\/en\/gestion-de-patrimoine\/\">+ Read More<\/a><\/p>","protected":false},"author":1,"featured_media":0,"parent":0,"menu_order":0,"comment_status":"closed","ping_status":"closed","template":"elementor_header_footer","meta":{"footnotes":""},"class_list":["post-1982","page","type-page","status-publish","hentry"],"_links":{"self":[{"href":"https:\/\/whitemont.com\/en\/wp-json\/wp\/v2\/pages\/1982","targetHints":{"allow":["GET"]}}],"collection":[{"href":"https:\/\/whitemont.com\/en\/wp-json\/wp\/v2\/pages"}],"about":[{"href":"https:\/\/whitemont.com\/en\/wp-json\/wp\/v2\/types\/page"}],"author":[{"embeddable":true,"href":"https:\/\/whitemont.com\/en\/wp-json\/wp\/v2\/users\/1"}],"replies":[{"embeddable":true,"href":"https:\/\/whitemont.com\/en\/wp-json\/wp\/v2\/comments?post=1982"}],"version-history":[{"count":31,"href":"https:\/\/whitemont.com\/en\/wp-json\/wp\/v2\/pages\/1982\/revisions"}],"predecessor-version":[{"id":4478,"href":"https:\/\/whitemont.com\/en\/wp-json\/wp\/v2\/pages\/1982\/revisions\/4478"}],"wp:attachment":[{"href":"https:\/\/whitemont.com\/en\/wp-json\/wp\/v2\/media?parent=1982"}],"curies":[{"name":"wp","href":"https:\/\/api.w.org\/{rel}","templated":true}]}}