{"id":1993,"date":"2023-09-19T19:36:41","date_gmt":"2023-09-19T19:36:41","guid":{"rendered":"https:\/\/whitemont.com\/?page_id=1993"},"modified":"2024-09-17T10:26:30","modified_gmt":"2024-09-17T14:26:30","slug":"gestion-privee","status":"publish","type":"page","link":"https:\/\/whitemont.com\/en\/gestion-privee\/","title":{"rendered":"Private wealth management"},"content":{"rendered":"<div data-elementor-type=\"wp-page\" data-elementor-id=\"1993\" class=\"elementor elementor-1993\" data-elementor-post-type=\"page\">\n\t\t\t\t<div data-particle_enable=\"false\" data-particle-mobile-disabled=\"false\" class=\"elementor-element elementor-element-4c729081 e-flex e-con-boxed e-con e-parent\" data-id=\"4c729081\" data-element_type=\"container\" data-e-type=\"container\">\n\t\t\t\t\t<div class=\"e-con-inner\">\n\t\t\t\t<div class=\"elementor-element elementor-element-b33d834 elementor-widget__width-inherit elementor-widget elementor-widget-image\" data-id=\"b33d834\" data-element_type=\"widget\" data-e-type=\"widget\" data-widget_type=\"image.default\">\n\t\t\t\t<div class=\"elementor-widget-container\">\n\t\t\t\t\t\t\t\t\t\t\t\t\t\t\t<img fetchpriority=\"high\" decoding=\"async\" width=\"2000\" height=\"1333\" src=\"https:\/\/whitemont.com\/wp-content\/uploads\/2023\/09\/GestionPrivee.jpg\" class=\"attachment-full size-full wp-image-2731\" alt=\"\" srcset=\"https:\/\/whitemont.com\/wp-content\/uploads\/2023\/09\/GestionPrivee.jpg 2000w, https:\/\/whitemont.com\/wp-content\/uploads\/2023\/09\/GestionPrivee-300x200.jpg 300w, https:\/\/whitemont.com\/wp-content\/uploads\/2023\/09\/GestionPrivee-1024x682.jpg 1024w, https:\/\/whitemont.com\/wp-content\/uploads\/2023\/09\/GestionPrivee-768x512.jpg 768w, https:\/\/whitemont.com\/wp-content\/uploads\/2023\/09\/GestionPrivee-1536x1024.jpg 1536w, https:\/\/whitemont.com\/wp-content\/uploads\/2023\/09\/GestionPrivee-18x12.jpg 18w\" sizes=\"(max-width: 2000px) 100vw, 2000px\" \/>\t\t\t\t\t\t\t\t\t\t\t\t\t\t\t<\/div>\n\t\t\t\t<\/div>\n\t\t\t\t\t<\/div>\n\t\t\t\t<\/div>\n\t\t<div data-particle_enable=\"false\" data-particle-mobile-disabled=\"false\" class=\"elementor-element elementor-element-52c6399f e-flex e-con-boxed e-con e-parent\" data-id=\"52c6399f\" data-element_type=\"container\" data-e-type=\"container\">\n\t\t\t\t\t<div class=\"e-con-inner\">\n\t\t\t\t<div class=\"elementor-element elementor-element-5c737b8a elementor-widget elementor-widget-heading\" data-id=\"5c737b8a\" data-element_type=\"widget\" data-e-type=\"widget\" data-widget_type=\"heading.default\">\n\t\t\t\t<div class=\"elementor-widget-container\">\n\t\t\t\t\t<h2 class=\"elementor-heading-title elementor-size-default\">Private wealth management<\/h2>\t\t\t\t<\/div>\n\t\t\t\t<\/div>\n\t\t\t\t<div class=\"elementor-element elementor-element-507fd5a6 elementor-widget elementor-widget-text-editor\" data-id=\"507fd5a6\" data-element_type=\"widget\" data-e-type=\"widget\" data-widget_type=\"text-editor.default\">\n\t\t\t\t<div class=\"elementor-widget-container\">\n\t\t\t\t\t\t\t\t\t<p class=\"p1\">We are aware of the specific requirements of our affluent clientele. To address these specific needs, we provide access to Private Wealth Management mandates that have been meticulously curated by respected industry specialists. Although these mandates are not produced in-house, they have been selected for referral due to their exceptional quality and compatibility with our clients' financial goals. By entrusting us, you gain access to a vast network of expertise, ensuring that your wealth is managed with the uttermost precision and foresight.<\/p>\t\t\t\t\t\t\t\t<\/div>\n\t\t\t\t<\/div>\n\t\t\t\t\t<\/div>\n\t\t\t\t<\/div>\n\t\t\t\t<\/div>","protected":false},"excerpt":{"rendered":"<p>Gestion Priv\u00e9e Nous sommes conscients des exigences sp\u00e9cifiques de notre client\u00e8le ais\u00e9e. Pour r\u00e9pondre \u00e0 ces besoins particuliers, nous offrons l&rsquo;acc\u00e8s \u00e0 des mandats de Gestion Priv\u00e9e qui ont \u00e9t\u00e9 m\u00e9ticuleusement \u00e9labor\u00e9s par des sp\u00e9cialistes reconnus de l&rsquo;industrie. Bien que ces mandats ne soient pas produits en interne, ils ont \u00e9t\u00e9 s\u00e9lectionn\u00e9s pour \u00eatre recommand\u00e9s<br \/><a class=\"moretag\" href=\"https:\/\/whitemont.com\/en\/gestion-privee\/\">+ Read More<\/a><\/p>","protected":false},"author":1,"featured_media":0,"parent":0,"menu_order":0,"comment_status":"closed","ping_status":"closed","template":"elementor_header_footer","meta":{"footnotes":""},"class_list":["post-1993","page","type-page","status-publish","hentry"],"_links":{"self":[{"href":"https:\/\/whitemont.com\/en\/wp-json\/wp\/v2\/pages\/1993","targetHints":{"allow":["GET"]}}],"collection":[{"href":"https:\/\/whitemont.com\/en\/wp-json\/wp\/v2\/pages"}],"about":[{"href":"https:\/\/whitemont.com\/en\/wp-json\/wp\/v2\/types\/page"}],"author":[{"embeddable":true,"href":"https:\/\/whitemont.com\/en\/wp-json\/wp\/v2\/users\/1"}],"replies":[{"embeddable":true,"href":"https:\/\/whitemont.com\/en\/wp-json\/wp\/v2\/comments?post=1993"}],"version-history":[{"count":25,"href":"https:\/\/whitemont.com\/en\/wp-json\/wp\/v2\/pages\/1993\/revisions"}],"predecessor-version":[{"id":4387,"href":"https:\/\/whitemont.com\/en\/wp-json\/wp\/v2\/pages\/1993\/revisions\/4387"}],"wp:attachment":[{"href":"https:\/\/whitemont.com\/en\/wp-json\/wp\/v2\/media?parent=1993"}],"curies":[{"name":"wp","href":"https:\/\/api.w.org\/{rel}","templated":true}]}}