{"id":2003,"date":"2023-09-19T19:39:12","date_gmt":"2023-09-19T19:39:12","guid":{"rendered":"https:\/\/whitemont.com\/?page_id=2003"},"modified":"2023-09-22T17:05:02","modified_gmt":"2023-09-22T17:05:02","slug":"family-office","status":"publish","type":"page","link":"https:\/\/whitemont.com\/en\/family-office\/","title":{"rendered":"Family office"},"content":{"rendered":"<div data-elementor-type=\"wp-page\" data-elementor-id=\"2003\" class=\"elementor elementor-2003\" data-elementor-post-type=\"page\">\n\t\t\t\t<div data-particle_enable=\"false\" data-particle-mobile-disabled=\"false\" class=\"elementor-element elementor-element-4c729081 e-flex e-con-boxed e-con e-parent\" data-id=\"4c729081\" data-element_type=\"container\" data-e-type=\"container\">\n\t\t\t\t\t<div class=\"e-con-inner\">\n\t\t\t\t<div class=\"elementor-element elementor-element-b33d834 elementor-widget__width-inherit elementor-widget elementor-widget-image\" data-id=\"b33d834\" data-element_type=\"widget\" data-e-type=\"widget\" data-widget_type=\"image.default\">\n\t\t\t\t<div class=\"elementor-widget-container\">\n\t\t\t\t\t\t\t\t\t\t\t\t\t\t\t<img fetchpriority=\"high\" decoding=\"async\" width=\"1999\" height=\"1333\" src=\"https:\/\/whitemont.com\/wp-content\/uploads\/2023\/09\/FamilyOffice.jpg\" class=\"attachment-full size-full wp-image-2868\" alt=\"\" srcset=\"https:\/\/whitemont.com\/wp-content\/uploads\/2023\/09\/FamilyOffice.jpg 1999w, https:\/\/whitemont.com\/wp-content\/uploads\/2023\/09\/FamilyOffice-300x200.jpg 300w, https:\/\/whitemont.com\/wp-content\/uploads\/2023\/09\/FamilyOffice-1024x683.jpg 1024w, https:\/\/whitemont.com\/wp-content\/uploads\/2023\/09\/FamilyOffice-768x512.jpg 768w, https:\/\/whitemont.com\/wp-content\/uploads\/2023\/09\/FamilyOffice-1536x1024.jpg 1536w, https:\/\/whitemont.com\/wp-content\/uploads\/2023\/09\/FamilyOffice-18x12.jpg 18w\" sizes=\"(max-width: 1999px) 100vw, 1999px\" \/>\t\t\t\t\t\t\t\t\t\t\t\t\t\t\t<\/div>\n\t\t\t\t<\/div>\n\t\t\t\t\t<\/div>\n\t\t\t\t<\/div>\n\t\t<div data-particle_enable=\"false\" data-particle-mobile-disabled=\"false\" class=\"elementor-element elementor-element-52c6399f animated-slow e-flex e-con-boxed elementor-invisible e-con e-parent\" data-id=\"52c6399f\" data-element_type=\"container\" data-e-type=\"container\" data-settings=\"{&quot;animation&quot;:&quot;fadeIn&quot;}\">\n\t\t\t\t\t<div class=\"e-con-inner\">\n\t\t\t\t<div class=\"elementor-element elementor-element-5c737b8a elementor-widget elementor-widget-heading\" data-id=\"5c737b8a\" data-element_type=\"widget\" data-e-type=\"widget\" data-widget_type=\"heading.default\">\n\t\t\t\t<div class=\"elementor-widget-container\">\n\t\t\t\t\t<h2 class=\"elementor-heading-title elementor-size-default\">Family office<\/h2>\t\t\t\t<\/div>\n\t\t\t\t<\/div>\n\t\t\t\t<div class=\"elementor-element elementor-element-507fd5a6 elementor-widget elementor-widget-text-editor\" data-id=\"507fd5a6\" data-element_type=\"widget\" data-e-type=\"widget\" data-widget_type=\"text-editor.default\">\n\t\t\t\t<div class=\"elementor-widget-container\">\n\t\t\t\t\t\t\t\t\t<p class=\"p1\">We tailor our financial and administrative services to the specific requirements of our High-Net-Worth\u00a0families and individuals. Our Family Office services extend beyond traditional wealth management to include estate planning, tax optimization, philanthropic advisory, investment oversight, and administrative support. Our ultimate objective is to consolidate and streamline the complex financial affairs of our clients, ensuring current stability and the preservation of their legacy in the future.<\/p>\t\t\t\t\t\t\t\t<\/div>\n\t\t\t\t<\/div>\n\t\t\t\t\t<\/div>\n\t\t\t\t<\/div>\n\t\t\t\t<\/div>","protected":false},"excerpt":{"rendered":"<p>Family office Nous adaptons nos services financiers et administratifs aux besoins sp\u00e9cifiques de nos familles et individus \u00e0 fortune \u00e9lev\u00e9e. Nos services de Family Office vont au-del\u00e0 de la gestion traditionnelle de la richesse pour inclure la planification successorale, l&rsquo;optimisation fiscale, le conseil philanthropique, la supervision des investissements, et le support administratif. Notre objectif ultime<br \/><a class=\"moretag\" href=\"https:\/\/whitemont.com\/en\/family-office\/\">+ Read More<\/a><\/p>","protected":false},"author":1,"featured_media":0,"parent":0,"menu_order":0,"comment_status":"closed","ping_status":"closed","template":"elementor_header_footer","meta":{"footnotes":""},"class_list":["post-2003","page","type-page","status-publish","hentry"],"_links":{"self":[{"href":"https:\/\/whitemont.com\/en\/wp-json\/wp\/v2\/pages\/2003","targetHints":{"allow":["GET"]}}],"collection":[{"href":"https:\/\/whitemont.com\/en\/wp-json\/wp\/v2\/pages"}],"about":[{"href":"https:\/\/whitemont.com\/en\/wp-json\/wp\/v2\/types\/page"}],"author":[{"embeddable":true,"href":"https:\/\/whitemont.com\/en\/wp-json\/wp\/v2\/users\/1"}],"replies":[{"embeddable":true,"href":"https:\/\/whitemont.com\/en\/wp-json\/wp\/v2\/comments?post=2003"}],"version-history":[{"count":34,"href":"https:\/\/whitemont.com\/en\/wp-json\/wp\/v2\/pages\/2003\/revisions"}],"predecessor-version":[{"id":3006,"href":"https:\/\/whitemont.com\/en\/wp-json\/wp\/v2\/pages\/2003\/revisions\/3006"}],"wp:attachment":[{"href":"https:\/\/whitemont.com\/en\/wp-json\/wp\/v2\/media?parent=2003"}],"curies":[{"name":"wp","href":"https:\/\/api.w.org\/{rel}","templated":true}]}}