{"id":2060,"date":"2023-09-19T20:23:43","date_gmt":"2023-09-19T20:23:43","guid":{"rendered":"https:\/\/whitemont.com\/?page_id=2060"},"modified":"2023-09-28T20:39:13","modified_gmt":"2023-09-28T20:39:13","slug":"valeur-integrite","status":"publish","type":"page","link":"https:\/\/whitemont.com\/en\/valeur-integrite\/","title":{"rendered":"Valeur Int\u00e9grit\u00e9"},"content":{"rendered":"<div data-elementor-type=\"wp-page\" data-elementor-id=\"2060\" class=\"elementor elementor-2060\" data-elementor-post-type=\"page\">\n\t\t\t\t<div data-particle_enable=\"false\" data-particle-mobile-disabled=\"false\" class=\"elementor-element elementor-element-4c52fda6 e-flex e-con-boxed e-con e-parent\" data-id=\"4c52fda6\" data-element_type=\"container\" data-e-type=\"container\">\n\t\t\t\t\t<div class=\"e-con-inner\">\n\t\t\t\t<div class=\"elementor-element elementor-element-1d28dde1 elementor-widget__width-inherit elementor-widget elementor-widget-image\" data-id=\"1d28dde1\" data-element_type=\"widget\" data-e-type=\"widget\" data-widget_type=\"image.default\">\n\t\t\t\t<div class=\"elementor-widget-container\">\n\t\t\t\t\t\t\t\t\t\t\t\t\t\t\t<img fetchpriority=\"high\" decoding=\"async\" width=\"2000\" height=\"1125\" src=\"https:\/\/whitemont.com\/wp-content\/uploads\/2023\/09\/Integrity.jpg\" class=\"attachment-full size-full wp-image-3516\" alt=\"\" srcset=\"https:\/\/whitemont.com\/wp-content\/uploads\/2023\/09\/Integrity.jpg 2000w, https:\/\/whitemont.com\/wp-content\/uploads\/2023\/09\/Integrity-300x169.jpg 300w, https:\/\/whitemont.com\/wp-content\/uploads\/2023\/09\/Integrity-1024x576.jpg 1024w, https:\/\/whitemont.com\/wp-content\/uploads\/2023\/09\/Integrity-768x432.jpg 768w, https:\/\/whitemont.com\/wp-content\/uploads\/2023\/09\/Integrity-1536x864.jpg 1536w, https:\/\/whitemont.com\/wp-content\/uploads\/2023\/09\/Integrity-18x10.jpg 18w\" sizes=\"(max-width: 2000px) 100vw, 2000px\" \/>\t\t\t\t\t\t\t\t\t\t\t\t\t\t\t<\/div>\n\t\t\t\t<\/div>\n\t\t\t\t\t<\/div>\n\t\t\t\t<\/div>\n\t\t<div data-particle_enable=\"false\" data-particle-mobile-disabled=\"false\" class=\"elementor-element elementor-element-70766476 e-flex e-con-boxed e-con e-parent\" data-id=\"70766476\" data-element_type=\"container\" data-e-type=\"container\">\n\t\t\t\t\t<div class=\"e-con-inner\">\n\t\t\t\t<div class=\"elementor-element elementor-element-60e5a899 animated-slow elementor-invisible elementor-widget elementor-widget-heading\" data-id=\"60e5a899\" data-element_type=\"widget\" data-e-type=\"widget\" data-settings=\"{&quot;_animation&quot;:&quot;fadeIn&quot;}\" data-widget_type=\"heading.default\">\n\t\t\t\t<div class=\"elementor-widget-container\">\n\t\t\t\t\t<h2 class=\"elementor-heading-title elementor-size-default\">Our Commitment to Integrity means:<\/h2>\t\t\t\t<\/div>\n\t\t\t\t<\/div>\n\t\t\t\t\t<\/div>\n\t\t\t\t<\/div>\n\t\t<div data-particle_enable=\"false\" data-particle-mobile-disabled=\"false\" class=\"elementor-element elementor-element-473c7299 e-flex e-con-boxed e-con e-parent\" data-id=\"473c7299\" data-element_type=\"container\" data-e-type=\"container\">\n\t\t\t\t\t<div class=\"e-con-inner\">\n\t\t<div data-particle_enable=\"false\" data-particle-mobile-disabled=\"false\" class=\"elementor-element elementor-element-e02a640 e-con-full e-flex elementor-invisible e-con e-child\" data-id=\"e02a640\" data-element_type=\"container\" data-e-type=\"container\" data-settings=\"{&quot;animation&quot;:&quot;slideInLeft&quot;}\">\n\t\t\t\t<div class=\"elementor-element elementor-element-7fd97fb2 elementor-widget elementor-widget-heading\" data-id=\"7fd97fb2\" data-element_type=\"widget\" data-e-type=\"widget\" data-widget_type=\"heading.default\">\n\t\t\t\t<div class=\"elementor-widget-container\">\n\t\t\t\t\t<h2 class=\"elementor-heading-title elementor-size-default\">Always Clients First<\/h2>\t\t\t\t<\/div>\n\t\t\t\t<\/div>\n\t\t\t\t<div class=\"elementor-element elementor-element-34b65c8c elementor-widget elementor-widget-text-editor\" data-id=\"34b65c8c\" data-element_type=\"widget\" data-e-type=\"widget\" data-widget_type=\"text-editor.default\">\n\t\t\t\t<div class=\"elementor-widget-container\">\n\t\t\t\t\t\t\t\t\t<p class=\"p1\">To us, it isn't just a phrase, it's our practice. Every piece of advice, every strategy we establish, is driven by a genuine desire to improve our clients' financial well-being.<\/p>\t\t\t\t\t\t\t\t<\/div>\n\t\t\t\t<\/div>\n\t\t\t\t<\/div>\n\t\t\t\t\t<\/div>\n\t\t\t\t<\/div>\n\t\t<div data-particle_enable=\"false\" data-particle-mobile-disabled=\"false\" class=\"elementor-element elementor-element-7e4d2ae3 e-flex e-con-boxed e-con e-parent\" data-id=\"7e4d2ae3\" data-element_type=\"container\" data-e-type=\"container\">\n\t\t\t\t\t<div class=\"e-con-inner\">\n\t\t<div data-particle_enable=\"false\" data-particle-mobile-disabled=\"false\" class=\"elementor-element elementor-element-1d7a803e e-con-full e-flex elementor-invisible e-con e-child\" data-id=\"1d7a803e\" data-element_type=\"container\" data-e-type=\"container\" data-settings=\"{&quot;animation&quot;:&quot;slideInLeft&quot;}\">\n\t\t\t\t<div class=\"elementor-element elementor-element-9b3b1c2 elementor-widget elementor-widget-heading\" data-id=\"9b3b1c2\" data-element_type=\"widget\" data-e-type=\"widget\" data-widget_type=\"heading.default\">\n\t\t\t\t<div class=\"elementor-widget-container\">\n\t\t\t\t\t<h2 class=\"elementor-heading-title elementor-size-default\">No Conflicts of Interest<\/h2>\t\t\t\t<\/div>\n\t\t\t\t<\/div>\n\t\t\t\t<div class=\"elementor-element elementor-element-593edd3e elementor-widget elementor-widget-text-editor\" data-id=\"593edd3e\" data-element_type=\"widget\" data-e-type=\"widget\" data-widget_type=\"text-editor.default\">\n\t\t\t\t<div class=\"elementor-widget-container\">\n\t\t\t\t\t\t\t\t\t<p class=\"p1\">One of our defining strengths is our independence. We do not offer in-house products, eliminating potential conflicts of interest. This ensures that our recommendations are never influenced by anything other than our clients' best interests.<\/p>\t\t\t\t\t\t\t\t<\/div>\n\t\t\t\t<\/div>\n\t\t\t\t<\/div>\n\t\t\t\t\t<\/div>\n\t\t\t\t<\/div>\n\t\t<div data-particle_enable=\"false\" data-particle-mobile-disabled=\"false\" class=\"elementor-element elementor-element-43f58d0d e-flex e-con-boxed e-con e-parent\" data-id=\"43f58d0d\" data-element_type=\"container\" data-e-type=\"container\">\n\t\t\t\t\t<div class=\"e-con-inner\">\n\t\t<div data-particle_enable=\"false\" data-particle-mobile-disabled=\"false\" class=\"elementor-element elementor-element-18ba15e9 e-con-full e-flex elementor-invisible e-con e-child\" data-id=\"18ba15e9\" data-element_type=\"container\" data-e-type=\"container\" data-settings=\"{&quot;animation&quot;:&quot;slideInLeft&quot;}\">\n\t\t\t\t<div class=\"elementor-element elementor-element-4fb77a19 elementor-widget elementor-widget-heading\" data-id=\"4fb77a19\" data-element_type=\"widget\" data-e-type=\"widget\" data-widget_type=\"heading.default\">\n\t\t\t\t<div class=\"elementor-widget-container\">\n\t\t\t\t\t<h2 class=\"elementor-heading-title elementor-size-default\">Unbiased Product Due Diligence and Analysis<\/h2>\t\t\t\t<\/div>\n\t\t\t\t<\/div>\n\t\t\t\t<div class=\"elementor-element elementor-element-4a59c236 elementor-widget elementor-widget-text-editor\" data-id=\"4a59c236\" data-element_type=\"widget\" data-e-type=\"widget\" data-widget_type=\"text-editor.default\">\n\t\t\t\t<div class=\"elementor-widget-container\">\n\t\t\t\t\t\t\t\t\t<p class=\"p1\">We pride ourselves on our objective approach to product analysis. By meticulously evaluating the best available products on the market, we ensure that our recommendations are solely based on their merits and suitability for our clients.<\/p>\t\t\t\t\t\t\t\t<\/div>\n\t\t\t\t<\/div>\n\t\t\t\t<\/div>\n\t\t\t\t\t<\/div>\n\t\t\t\t<\/div>\n\t\t<div data-particle_enable=\"false\" data-particle-mobile-disabled=\"false\" class=\"elementor-element elementor-element-171fdb6 e-flex e-con-boxed e-con e-parent\" data-id=\"171fdb6\" data-element_type=\"container\" data-e-type=\"container\">\n\t\t\t\t\t<div class=\"e-con-inner\">\n\t\t<div data-particle_enable=\"false\" data-particle-mobile-disabled=\"false\" class=\"elementor-element elementor-element-74bbcf99 e-con-full e-flex elementor-invisible e-con e-child\" data-id=\"74bbcf99\" data-element_type=\"container\" data-e-type=\"container\" data-settings=\"{&quot;animation&quot;:&quot;slideInLeft&quot;}\">\n\t\t\t\t<div class=\"elementor-element elementor-element-456e1658 elementor-widget elementor-widget-heading\" data-id=\"456e1658\" data-element_type=\"widget\" data-e-type=\"widget\" data-widget_type=\"heading.default\">\n\t\t\t\t<div class=\"elementor-widget-container\">\n\t\t\t\t\t<h2 class=\"elementor-heading-title elementor-size-default\">Transparent Operations<\/h2>\t\t\t\t<\/div>\n\t\t\t\t<\/div>\n\t\t\t\t<div class=\"elementor-element elementor-element-48687abb elementor-widget elementor-widget-text-editor\" data-id=\"48687abb\" data-element_type=\"widget\" data-e-type=\"widget\" data-widget_type=\"text-editor.default\">\n\t\t\t\t<div class=\"elementor-widget-container\">\n\t\t\t\t\t\t\t\t\t<p class=\"p1\">Our commitment to integrity ensures complete transparency in all our operations. Every transaction, strategy, recommendation and our compensation is communicated in writing, keeping our clients informed and empowered.<\/p>\t\t\t\t\t\t\t\t<\/div>\n\t\t\t\t<\/div>\n\t\t\t\t<\/div>\n\t\t\t\t\t<\/div>\n\t\t\t\t<\/div>\n\t\t<div data-particle_enable=\"false\" data-particle-mobile-disabled=\"false\" class=\"elementor-element elementor-element-7e8b2f0 e-flex e-con-boxed e-con e-parent\" data-id=\"7e8b2f0\" data-element_type=\"container\" data-e-type=\"container\">\n\t\t\t\t\t<div class=\"e-con-inner\">\n\t\t<div data-particle_enable=\"false\" data-particle-mobile-disabled=\"false\" class=\"elementor-element elementor-element-bfcd0c3 e-con-full e-flex elementor-invisible e-con e-child\" data-id=\"bfcd0c3\" data-element_type=\"container\" data-e-type=\"container\" data-settings=\"{&quot;animation&quot;:&quot;slideInLeft&quot;}\">\n\t\t\t\t<div class=\"elementor-element elementor-element-8990de9 elementor-widget elementor-widget-heading\" data-id=\"8990de9\" data-element_type=\"widget\" data-e-type=\"widget\" data-widget_type=\"heading.default\">\n\t\t\t\t<div class=\"elementor-widget-container\">\n\t\t\t\t\t<h2 class=\"elementor-heading-title elementor-size-default\">Keeping Ethical Standards<\/h2>\t\t\t\t<\/div>\n\t\t\t\t<\/div>\n\t\t\t\t<div class=\"elementor-element elementor-element-fb4fed9 elementor-widget elementor-widget-text-editor\" data-id=\"fb4fed9\" data-element_type=\"widget\" data-e-type=\"widget\" data-widget_type=\"text-editor.default\">\n\t\t\t\t<div class=\"elementor-widget-container\">\n\t\t\t\t\t\t\t\t\t<p class=\"p1\">Beyond our unbiased product recommendations, our integrity is reflected in our firm commitment to the highest ethical standards with honesty and sincerity.<\/p>\t\t\t\t\t\t\t\t<\/div>\n\t\t\t\t<\/div>\n\t\t\t\t<\/div>\n\t\t\t\t\t<\/div>\n\t\t\t\t<\/div>\n\t\t<div data-particle_enable=\"false\" data-particle-mobile-disabled=\"false\" class=\"elementor-element elementor-element-668ae8b e-flex e-con-boxed e-con e-parent\" data-id=\"668ae8b\" data-element_type=\"container\" data-e-type=\"container\">\n\t\t\t\t\t<div class=\"e-con-inner\">\n\t\t<div data-particle_enable=\"false\" data-particle-mobile-disabled=\"false\" class=\"elementor-element elementor-element-6e9ae4e e-con-full e-flex elementor-invisible e-con e-child\" data-id=\"6e9ae4e\" data-element_type=\"container\" data-e-type=\"container\" data-settings=\"{&quot;animation&quot;:&quot;slideInLeft&quot;}\">\n\t\t\t\t<div class=\"elementor-element elementor-element-e2da1bd elementor-widget elementor-widget-heading\" data-id=\"e2da1bd\" data-element_type=\"widget\" data-e-type=\"widget\" data-widget_type=\"heading.default\">\n\t\t\t\t<div class=\"elementor-widget-container\">\n\t\t\t\t\t<h2 class=\"elementor-heading-title elementor-size-default\">Long-Term Client Relationships<\/h2>\t\t\t\t<\/div>\n\t\t\t\t<\/div>\n\t\t\t\t<div class=\"elementor-element elementor-element-db95e8a elementor-widget elementor-widget-text-editor\" data-id=\"db95e8a\" data-element_type=\"widget\" data-e-type=\"widget\" data-widget_type=\"text-editor.default\">\n\t\t\t\t<div class=\"elementor-widget-container\">\n\t\t\t\t\t\t\t\t\t<p class=\"p1\">Our approach, which is based on integrity, creates long-lasting relationships. Our clients\u00a0choose to remain with us not only because of our expertise, but also because of the peace of mind that comes from knowing that we\u00a0operate\u00a0with complete trustworthiness.<\/p>\t\t\t\t\t\t\t\t<\/div>\n\t\t\t\t<\/div>\n\t\t\t\t<\/div>\n\t\t\t\t\t<\/div>\n\t\t\t\t<\/div>\n\t\t<div data-particle_enable=\"false\" data-particle-mobile-disabled=\"false\" class=\"elementor-element elementor-element-b4d5b7b e-flex e-con-boxed e-con e-parent\" data-id=\"b4d5b7b\" data-element_type=\"container\" data-e-type=\"container\">\n\t\t\t\t\t<div class=\"e-con-inner\">\n\t\t\t\t<div class=\"elementor-element elementor-element-56a4a8c elementor-widget elementor-widget-text-editor\" data-id=\"56a4a8c\" data-element_type=\"widget\" data-e-type=\"widget\" data-widget_type=\"text-editor.default\">\n\t\t\t\t<div class=\"elementor-widget-container\">\n\t\t\t\t\t\t\t\t\t<p class=\"p1\">In an industry where trust is paramount, our commitment to integrity provides our clients with a stable, honest, and transparent partnership. This commitment distinguishes WHITEMONT, making us the firm of choice for those seeking trustworthy financial advice.<\/p>\t\t\t\t\t\t\t\t<\/div>\n\t\t\t\t<\/div>\n\t\t\t\t\t<\/div>\n\t\t\t\t<\/div>\n\t\t\t\t<\/div>","protected":false},"excerpt":{"rendered":"<p>Notre engagement sur l&rsquo;int\u00e9grit\u00e9 signifie : Toujours Prioriser nos Clients Pour nous, ce n&rsquo;est pas juste une phrase, c&rsquo;est notre pratique. Chaque conseil, chaque strat\u00e9gie que nous \u00e9tablissons, est motiv\u00e9 par un d\u00e9sir sinc\u00e8re d&rsquo;am\u00e9liorer le bien-\u00eatre financier de nos clients. Pas de Conflits d&rsquo;Int\u00e9r\u00eats L&rsquo;une de nos forces distinctives est notre ind\u00e9pendance. Nous n\u2019avons<br \/><a class=\"moretag\" href=\"https:\/\/whitemont.com\/en\/valeur-integrite\/\">+ Read More<\/a><\/p>","protected":false},"author":1,"featured_media":0,"parent":0,"menu_order":0,"comment_status":"closed","ping_status":"closed","template":"elementor_header_footer","meta":{"footnotes":""},"class_list":["post-2060","page","type-page","status-publish","hentry"],"_links":{"self":[{"href":"https:\/\/whitemont.com\/en\/wp-json\/wp\/v2\/pages\/2060","targetHints":{"allow":["GET"]}}],"collection":[{"href":"https:\/\/whitemont.com\/en\/wp-json\/wp\/v2\/pages"}],"about":[{"href":"https:\/\/whitemont.com\/en\/wp-json\/wp\/v2\/types\/page"}],"author":[{"embeddable":true,"href":"https:\/\/whitemont.com\/en\/wp-json\/wp\/v2\/users\/1"}],"replies":[{"embeddable":true,"href":"https:\/\/whitemont.com\/en\/wp-json\/wp\/v2\/comments?post=2060"}],"version-history":[{"count":31,"href":"https:\/\/whitemont.com\/en\/wp-json\/wp\/v2\/pages\/2060\/revisions"}],"predecessor-version":[{"id":3810,"href":"https:\/\/whitemont.com\/en\/wp-json\/wp\/v2\/pages\/2060\/revisions\/3810"}],"wp:attachment":[{"href":"https:\/\/whitemont.com\/en\/wp-json\/wp\/v2\/media?parent=2060"}],"curies":[{"name":"wp","href":"https:\/\/api.w.org\/{rel}","templated":true}]}}