{"id":2130,"date":"2023-09-19T21:54:40","date_gmt":"2023-09-19T21:54:40","guid":{"rendered":"https:\/\/whitemont.com\/?page_id=2130"},"modified":"2023-09-29T15:28:56","modified_gmt":"2023-09-29T15:28:56","slug":"corp-assurance_collective","status":"publish","type":"page","link":"https:\/\/whitemont.com\/en\/corp-assurance_collective\/","title":{"rendered":"Corp-Assurance_Collective"},"content":{"rendered":"<div data-elementor-type=\"wp-page\" data-elementor-id=\"2130\" class=\"elementor elementor-2130\" data-elementor-post-type=\"page\">\n\t\t\t\t<div data-particle_enable=\"false\" data-particle-mobile-disabled=\"false\" class=\"elementor-element elementor-element-4c729081 e-flex e-con-boxed e-con e-parent\" data-id=\"4c729081\" data-element_type=\"container\" data-e-type=\"container\">\n\t\t\t\t\t<div class=\"e-con-inner\">\n\t\t\t\t<div class=\"elementor-element elementor-element-b33d834 elementor-widget__width-inherit elementor-widget elementor-widget-image\" data-id=\"b33d834\" data-element_type=\"widget\" data-e-type=\"widget\" data-widget_type=\"image.default\">\n\t\t\t\t<div class=\"elementor-widget-container\">\n\t\t\t\t\t\t\t\t\t\t\t\t\t\t\t<img fetchpriority=\"high\" decoding=\"async\" width=\"2000\" height=\"1333\" src=\"https:\/\/whitemont.com\/wp-content\/uploads\/2023\/09\/AssurancesCollectives.jpg\" class=\"attachment-full size-full wp-image-3043\" alt=\"\" srcset=\"https:\/\/whitemont.com\/wp-content\/uploads\/2023\/09\/AssurancesCollectives.jpg 2000w, https:\/\/whitemont.com\/wp-content\/uploads\/2023\/09\/AssurancesCollectives-300x200.jpg 300w, https:\/\/whitemont.com\/wp-content\/uploads\/2023\/09\/AssurancesCollectives-1024x682.jpg 1024w, https:\/\/whitemont.com\/wp-content\/uploads\/2023\/09\/AssurancesCollectives-768x512.jpg 768w, https:\/\/whitemont.com\/wp-content\/uploads\/2023\/09\/AssurancesCollectives-1536x1024.jpg 1536w, https:\/\/whitemont.com\/wp-content\/uploads\/2023\/09\/AssurancesCollectives-18x12.jpg 18w\" sizes=\"(max-width: 2000px) 100vw, 2000px\" \/>\t\t\t\t\t\t\t\t\t\t\t\t\t\t\t<\/div>\n\t\t\t\t<\/div>\n\t\t\t\t\t<\/div>\n\t\t\t\t<\/div>\n\t\t<div data-particle_enable=\"false\" data-particle-mobile-disabled=\"false\" class=\"elementor-element elementor-element-52c6399f e-flex e-con-boxed e-con e-parent\" data-id=\"52c6399f\" data-element_type=\"container\" data-e-type=\"container\">\n\t\t\t\t\t<div class=\"e-con-inner\">\n\t\t\t\t<div class=\"elementor-element elementor-element-5c737b8a elementor-widget elementor-widget-heading\" data-id=\"5c737b8a\" data-element_type=\"widget\" data-e-type=\"widget\" data-widget_type=\"heading.default\">\n\t\t\t\t<div class=\"elementor-widget-container\">\n\t\t\t\t\t<h2 class=\"elementor-heading-title elementor-size-default\">Group insurance<\/h2>\t\t\t\t<\/div>\n\t\t\t\t<\/div>\n\t\t\t\t<div class=\"elementor-element elementor-element-507fd5a6 elementor-widget elementor-widget-text-editor\" data-id=\"507fd5a6\" data-element_type=\"widget\" data-e-type=\"widget\" data-widget_type=\"text-editor.default\">\n\t\t\t\t<div class=\"elementor-widget-container\">\n\t\t\t\t\t\t\t\t\t<p class=\"p1\">Through meticulous analysis of past renewals of group insurance plans, we consistently identify opportunities to generate permanent annual savings. Our partnership with a renowned associate with over two decades of industry prominence enhances our capacity to deliver unparalleled value. This enduring partnership demonstrates our dedication to providing our clients with the best possible financial solutions.<\/p>\t\t\t\t\t\t\t\t<\/div>\n\t\t\t\t<\/div>\n\t\t\t\t\t<\/div>\n\t\t\t\t<\/div>\n\t\t\t\t<\/div>","protected":false},"excerpt":{"rendered":"<p>Assurance collective Par une analyse m\u00e9ticuleuse des renouvellements pass\u00e9s de plans d&rsquo;assurance collective, nous identifions syst\u00e9matiquement des opportunit\u00e9s de g\u00e9n\u00e9rer des \u00e9conomies annuelles permanentes. Notre partenariat avec une firme renomm\u00e9e, fort de plus de deux d\u00e9cennies de notori\u00e9t\u00e9 dans l&rsquo;industrie, renforce notre capacit\u00e9 \u00e0 offrir une valeur in\u00e9gal\u00e9e. Ce partenariat durable t\u00e9moigne de notre d\u00e9vouement<br \/><a class=\"moretag\" href=\"https:\/\/whitemont.com\/en\/corp-assurance_collective\/\">+ Read More<\/a><\/p>","protected":false},"author":1,"featured_media":0,"parent":0,"menu_order":0,"comment_status":"closed","ping_status":"closed","template":"elementor_header_footer","meta":{"footnotes":""},"class_list":["post-2130","page","type-page","status-publish","hentry"],"_links":{"self":[{"href":"https:\/\/whitemont.com\/en\/wp-json\/wp\/v2\/pages\/2130","targetHints":{"allow":["GET"]}}],"collection":[{"href":"https:\/\/whitemont.com\/en\/wp-json\/wp\/v2\/pages"}],"about":[{"href":"https:\/\/whitemont.com\/en\/wp-json\/wp\/v2\/types\/page"}],"author":[{"embeddable":true,"href":"https:\/\/whitemont.com\/en\/wp-json\/wp\/v2\/users\/1"}],"replies":[{"embeddable":true,"href":"https:\/\/whitemont.com\/en\/wp-json\/wp\/v2\/comments?post=2130"}],"version-history":[{"count":22,"href":"https:\/\/whitemont.com\/en\/wp-json\/wp\/v2\/pages\/2130\/revisions"}],"predecessor-version":[{"id":3906,"href":"https:\/\/whitemont.com\/en\/wp-json\/wp\/v2\/pages\/2130\/revisions\/3906"}],"wp:attachment":[{"href":"https:\/\/whitemont.com\/en\/wp-json\/wp\/v2\/media?parent=2130"}],"curies":[{"name":"wp","href":"https:\/\/api.w.org\/{rel}","templated":true}]}}