{"id":2132,"date":"2023-09-19T21:55:11","date_gmt":"2023-09-19T21:55:11","guid":{"rendered":"https:\/\/whitemont.com\/?page_id=2132"},"modified":"2023-09-24T21:33:10","modified_gmt":"2023-09-24T21:33:10","slug":"corp-hypotheques_collectives","status":"publish","type":"page","link":"https:\/\/whitemont.com\/en\/corp-hypotheques_collectives\/","title":{"rendered":"Corp-Hypotheques_Collectives"},"content":{"rendered":"<div data-elementor-type=\"wp-page\" data-elementor-id=\"2132\" class=\"elementor elementor-2132\" data-elementor-post-type=\"page\">\n\t\t\t\t<div data-particle_enable=\"false\" data-particle-mobile-disabled=\"false\" class=\"elementor-element elementor-element-4c729081 e-flex e-con-boxed e-con e-parent\" data-id=\"4c729081\" data-element_type=\"container\" data-e-type=\"container\">\n\t\t\t\t\t<div class=\"e-con-inner\">\n\t\t\t\t<div class=\"elementor-element elementor-element-b33d834 elementor-widget__width-inherit elementor-widget elementor-widget-image\" data-id=\"b33d834\" data-element_type=\"widget\" data-e-type=\"widget\" data-widget_type=\"image.default\">\n\t\t\t\t<div class=\"elementor-widget-container\">\n\t\t\t\t\t\t\t\t\t\t\t\t\t\t\t<img fetchpriority=\"high\" decoding=\"async\" width=\"2000\" height=\"1333\" src=\"https:\/\/whitemont.com\/wp-content\/uploads\/2023\/09\/HypothequesCollectives.jpg\" class=\"attachment-full size-full wp-image-3047\" alt=\"\" srcset=\"https:\/\/whitemont.com\/wp-content\/uploads\/2023\/09\/HypothequesCollectives.jpg 2000w, https:\/\/whitemont.com\/wp-content\/uploads\/2023\/09\/HypothequesCollectives-300x200.jpg 300w, https:\/\/whitemont.com\/wp-content\/uploads\/2023\/09\/HypothequesCollectives-1024x682.jpg 1024w, https:\/\/whitemont.com\/wp-content\/uploads\/2023\/09\/HypothequesCollectives-768x512.jpg 768w, https:\/\/whitemont.com\/wp-content\/uploads\/2023\/09\/HypothequesCollectives-1536x1024.jpg 1536w, https:\/\/whitemont.com\/wp-content\/uploads\/2023\/09\/HypothequesCollectives-18x12.jpg 18w\" sizes=\"(max-width: 2000px) 100vw, 2000px\" \/>\t\t\t\t\t\t\t\t\t\t\t\t\t\t\t<\/div>\n\t\t\t\t<\/div>\n\t\t\t\t\t<\/div>\n\t\t\t\t<\/div>\n\t\t<div data-particle_enable=\"false\" data-particle-mobile-disabled=\"false\" class=\"elementor-element elementor-element-52c6399f animated-slow e-flex e-con-boxed elementor-invisible e-con e-parent\" data-id=\"52c6399f\" data-element_type=\"container\" data-e-type=\"container\" data-settings=\"{&quot;animation&quot;:&quot;fadeIn&quot;}\">\n\t\t\t\t\t<div class=\"e-con-inner\">\n\t\t\t\t<div class=\"elementor-element elementor-element-5c737b8a elementor-widget elementor-widget-heading\" data-id=\"5c737b8a\" data-element_type=\"widget\" data-e-type=\"widget\" data-widget_type=\"heading.default\">\n\t\t\t\t<div class=\"elementor-widget-container\">\n\t\t\t\t\t<h2 class=\"elementor-heading-title elementor-size-default\">Group mortgage<\/h2>\t\t\t\t<\/div>\n\t\t\t\t<\/div>\n\t\t\t\t<div class=\"elementor-element elementor-element-507fd5a6 elementor-widget elementor-widget-text-editor\" data-id=\"507fd5a6\" data-element_type=\"widget\" data-e-type=\"widget\" data-widget_type=\"text-editor.default\">\n\t\t\t\t<div class=\"elementor-widget-container\">\n\t\t\t\t\t\t\t\t\t<p class=\"p1\">By implementing a corporate group plan focusing on mortgage advisory, we relieve employees of the often overwhelming\u00a0task of securing the ideal mortgage. Our exhaustive approach sifts through more than 150 mortgage combinations, streamlining the process and ensuring that each individual receives the optimal loan. By relieving the employees of this responsibility, we not only reduce their stress but also considerably\u00a0increase their productivity. rust in us to be the bridge that connects your employees to a stress-free mortgage experience, allowing them to focus on what they do best at work.<\/p>\t\t\t\t\t\t\t\t<\/div>\n\t\t\t\t<\/div>\n\t\t\t\t\t<\/div>\n\t\t\t\t<\/div>\n\t\t\t\t<\/div>","protected":false},"excerpt":{"rendered":"<p>Hypoth\u00e8que collective En mettant en place un plan collectif d&rsquo;entreprise ax\u00e9 sur le conseil hypoth\u00e9caire, nous soulageons les employ\u00e9s de la t\u00e2che souvent accablante de trouver l&rsquo;hypoth\u00e8que id\u00e9ale. Notre approche exhaustive examine plus de 150 combinaisons hypoth\u00e9caires, simplifiant le processus et garantissant que chaque individu re\u00e7oit le pr\u00eat optimal. En d\u00e9chargeant les employ\u00e9s de cette<br \/><a class=\"moretag\" href=\"https:\/\/whitemont.com\/en\/corp-hypotheques_collectives\/\">+ Read More<\/a><\/p>","protected":false},"author":1,"featured_media":0,"parent":0,"menu_order":0,"comment_status":"closed","ping_status":"closed","template":"elementor_header_footer","meta":{"footnotes":""},"class_list":["post-2132","page","type-page","status-publish","hentry"],"_links":{"self":[{"href":"https:\/\/whitemont.com\/en\/wp-json\/wp\/v2\/pages\/2132","targetHints":{"allow":["GET"]}}],"collection":[{"href":"https:\/\/whitemont.com\/en\/wp-json\/wp\/v2\/pages"}],"about":[{"href":"https:\/\/whitemont.com\/en\/wp-json\/wp\/v2\/types\/page"}],"author":[{"embeddable":true,"href":"https:\/\/whitemont.com\/en\/wp-json\/wp\/v2\/users\/1"}],"replies":[{"embeddable":true,"href":"https:\/\/whitemont.com\/en\/wp-json\/wp\/v2\/comments?post=2132"}],"version-history":[{"count":28,"href":"https:\/\/whitemont.com\/en\/wp-json\/wp\/v2\/pages\/2132\/revisions"}],"predecessor-version":[{"id":3388,"href":"https:\/\/whitemont.com\/en\/wp-json\/wp\/v2\/pages\/2132\/revisions\/3388"}],"wp:attachment":[{"href":"https:\/\/whitemont.com\/en\/wp-json\/wp\/v2\/media?parent=2132"}],"curies":[{"name":"wp","href":"https:\/\/api.w.org\/{rel}","templated":true}]}}