{"id":2235,"date":"2023-09-20T15:03:26","date_gmt":"2023-09-20T15:03:26","guid":{"rendered":"https:\/\/whitemont.com\/?page_id=2235"},"modified":"2024-09-17T15:24:19","modified_gmt":"2024-09-17T19:24:19","slug":"conseillers-administration","status":"publish","type":"page","link":"https:\/\/whitemont.com\/en\/conseillers-administration\/","title":{"rendered":"Conseillers-Administration"},"content":{"rendered":"<div data-elementor-type=\"wp-page\" data-elementor-id=\"2235\" class=\"elementor elementor-2235\" data-elementor-post-type=\"page\">\n\t\t\t\t<div data-particle_enable=\"false\" data-particle-mobile-disabled=\"false\" class=\"elementor-element elementor-element-4c729081 e-flex e-con-boxed e-con e-parent\" data-id=\"4c729081\" data-element_type=\"container\" data-e-type=\"container\">\n\t\t\t\t\t<div class=\"e-con-inner\">\n\t\t\t\t<div class=\"elementor-element elementor-element-b33d834 elementor-widget__width-inherit elementor-widget elementor-widget-image\" data-id=\"b33d834\" data-element_type=\"widget\" data-e-type=\"widget\" data-widget_type=\"image.default\">\n\t\t\t\t<div class=\"elementor-widget-container\">\n\t\t\t\t\t\t\t\t\t\t\t\t\t\t\t<img fetchpriority=\"high\" decoding=\"async\" width=\"2000\" height=\"1335\" src=\"https:\/\/whitemont.com\/wp-content\/uploads\/2023\/09\/ServicsToAdvisors.jpg\" class=\"attachment-full size-full wp-image-2872\" alt=\"\" srcset=\"https:\/\/whitemont.com\/wp-content\/uploads\/2023\/09\/ServicsToAdvisors.jpg 2000w, https:\/\/whitemont.com\/wp-content\/uploads\/2023\/09\/ServicsToAdvisors-300x200.jpg 300w, https:\/\/whitemont.com\/wp-content\/uploads\/2023\/09\/ServicsToAdvisors-1024x684.jpg 1024w, https:\/\/whitemont.com\/wp-content\/uploads\/2023\/09\/ServicsToAdvisors-768x513.jpg 768w, https:\/\/whitemont.com\/wp-content\/uploads\/2023\/09\/ServicsToAdvisors-1536x1025.jpg 1536w, https:\/\/whitemont.com\/wp-content\/uploads\/2023\/09\/ServicsToAdvisors-18x12.jpg 18w\" sizes=\"(max-width: 2000px) 100vw, 2000px\" \/>\t\t\t\t\t\t\t\t\t\t\t\t\t\t\t<\/div>\n\t\t\t\t<\/div>\n\t\t\t\t\t<\/div>\n\t\t\t\t<\/div>\n\t\t<div data-particle_enable=\"false\" data-particle-mobile-disabled=\"false\" class=\"elementor-element elementor-element-52c6399f e-flex e-con-boxed e-con e-parent\" data-id=\"52c6399f\" data-element_type=\"container\" data-e-type=\"container\">\n\t\t\t\t\t<div class=\"e-con-inner\">\n\t\t\t\t<div class=\"elementor-element elementor-element-5c737b8a elementor-widget elementor-widget-heading\" data-id=\"5c737b8a\" data-element_type=\"widget\" data-e-type=\"widget\" data-widget_type=\"heading.default\">\n\t\t\t\t<div class=\"elementor-widget-container\">\n\t\t\t\t\t<h2 class=\"elementor-heading-title elementor-size-default\">Services to advisors<\/h2>\t\t\t\t<\/div>\n\t\t\t\t<\/div>\n\t\t<div data-particle_enable=\"false\" data-particle-mobile-disabled=\"false\" class=\"elementor-element elementor-element-afd1227 e-con-full e-flex elementor-invisible e-con e-child\" data-id=\"afd1227\" data-element_type=\"container\" data-e-type=\"container\" data-settings=\"{&quot;animation&quot;:&quot;slideInLeft&quot;}\">\n\t\t\t\t<div class=\"elementor-element elementor-element-96f7094 elementor-widget elementor-widget-heading\" data-id=\"96f7094\" data-element_type=\"widget\" data-e-type=\"widget\" data-widget_type=\"heading.default\">\n\t\t\t\t<div class=\"elementor-widget-container\">\n\t\t\t\t\t<h2 class=\"elementor-heading-title elementor-size-default\">Our proposal<\/h2>\t\t\t\t<\/div>\n\t\t\t\t<\/div>\n\t\t\t\t<div class=\"elementor-element elementor-element-d43901c elementor-widget elementor-widget-text-editor\" data-id=\"d43901c\" data-element_type=\"widget\" data-e-type=\"widget\" data-widget_type=\"text-editor.default\">\n\t\t\t\t<div class=\"elementor-widget-container\">\n\t\t\t\t\t\t\t\t\t<p class=\"p1\">Offering you an integrated, high-end service! Unmatched! Unique!<\/p><p class=\"p1\">Just like the one YOU are used to provide to your own clients.<\/p>\t\t\t\t\t\t\t\t<\/div>\n\t\t\t\t<\/div>\n\t\t\t\t<\/div>\n\t\t<div data-particle_enable=\"false\" data-particle-mobile-disabled=\"false\" class=\"elementor-element elementor-element-f35b082 e-con-full e-flex elementor-invisible e-con e-child\" data-id=\"f35b082\" data-element_type=\"container\" data-e-type=\"container\" data-settings=\"{&quot;animation&quot;:&quot;slideInLeft&quot;}\">\n\t\t\t\t<div class=\"elementor-element elementor-element-a67f6b9 elementor-widget elementor-widget-heading\" data-id=\"a67f6b9\" data-element_type=\"widget\" data-e-type=\"widget\" data-widget_type=\"heading.default\">\n\t\t\t\t<div class=\"elementor-widget-container\">\n\t\t\t\t\t<h2 class=\"elementor-heading-title elementor-size-default\">How?<\/h2>\t\t\t\t<\/div>\n\t\t\t\t<\/div>\n\t\t\t\t<div class=\"elementor-element elementor-element-e396156 elementor-widget elementor-widget-text-editor\" data-id=\"e396156\" data-element_type=\"widget\" data-e-type=\"widget\" data-widget_type=\"text-editor.default\">\n\t\t\t\t<div class=\"elementor-widget-container\">\n\t\t\t\t\t\t\t\t\t<ul>\n<li>Through comprehensive administrative support, we give you complete freedom to do what you do best:<\/li>\n<\/ul>\n<p>Advising your clients.<\/p><p><br><\/p>\n<ul>\n<li>Through the expertise, experience, and knowledge of our multidisciplinary team: always offering your clients the best possible solution, at all times.<\/li><\/ul><div><br><\/div><ul>\n<li>Par l&rsquo;ind\u00e9pendance de nos conseils et recommandations: nous n&rsquo;appartenons \u00e0 aucune soci\u00e9t\u00e9 financi\u00e8re. Nous&nbsp;prodiguons des conseils totalement objectifs, dans le seul int\u00e9r\u00eat de vos clients.<\/li><\/ul><div><br><\/div><ul>\n<li>Through our marketing system, we help you get well known.<\/li>\n<\/ul>\t\t\t\t\t\t\t\t<\/div>\n\t\t\t\t<\/div>\n\t\t\t\t<\/div>\n\t\t\t\t\t<\/div>\n\t\t\t\t<\/div>\n\t\t<div data-particle_enable=\"false\" data-particle-mobile-disabled=\"false\" class=\"elementor-element elementor-element-b3bafce e-flex e-con-boxed e-con e-parent\" data-id=\"b3bafce\" data-element_type=\"container\" data-e-type=\"container\">\n\t\t\t\t\t<div class=\"e-con-inner\">\n\t\t<div data-particle_enable=\"false\" data-particle-mobile-disabled=\"false\" class=\"elementor-element elementor-element-38c0c09 e-con-full e-flex e-con e-child\" data-id=\"38c0c09\" data-element_type=\"container\" data-e-type=\"container\">\n\t\t\t\t<div class=\"elementor-element elementor-element-37d3da5 elementor-widget elementor-widget-heading\" data-id=\"37d3da5\" data-element_type=\"widget\" data-e-type=\"widget\" data-widget_type=\"heading.default\">\n\t\t\t\t<div class=\"elementor-widget-container\">\n\t\t\t\t\t<h2 class=\"elementor-heading-title elementor-size-default\">3 distinctive support areas<\/h2>\t\t\t\t<\/div>\n\t\t\t\t<\/div>\n\t\t\t\t<div class=\"elementor-element elementor-element-1709e82 e-transform elementor-widget__width-initial elementor-invisible elementor-widget elementor-widget-accordion\" data-id=\"1709e82\" data-element_type=\"widget\" data-e-type=\"widget\" data-settings=\"{&quot;motion_fx_motion_fx_mouse&quot;:&quot;yes&quot;,&quot;_animation&quot;:&quot;fadeIn&quot;,&quot;_transform_skewX_effect_hover&quot;:{&quot;unit&quot;:&quot;px&quot;,&quot;size&quot;:&quot;&quot;,&quot;sizes&quot;:[]},&quot;_transform_skewX_effect_hover_tablet&quot;:{&quot;unit&quot;:&quot;deg&quot;,&quot;size&quot;:&quot;&quot;,&quot;sizes&quot;:[]},&quot;_transform_skewX_effect_hover_mobile&quot;:{&quot;unit&quot;:&quot;deg&quot;,&quot;size&quot;:&quot;&quot;,&quot;sizes&quot;:[]},&quot;_transform_skewY_effect_hover&quot;:{&quot;unit&quot;:&quot;px&quot;,&quot;size&quot;:&quot;&quot;,&quot;sizes&quot;:[]},&quot;_transform_skewY_effect_hover_tablet&quot;:{&quot;unit&quot;:&quot;deg&quot;,&quot;size&quot;:&quot;&quot;,&quot;sizes&quot;:[]},&quot;_transform_skewY_effect_hover_mobile&quot;:{&quot;unit&quot;:&quot;deg&quot;,&quot;size&quot;:&quot;&quot;,&quot;sizes&quot;:[]}}\" data-widget_type=\"accordion.default\">\n\t\t\t\t<div class=\"elementor-widget-container\">\n\t\t\t\t\t\t\t<div class=\"elementor-accordion\">\n\t\t\t\t\t\t\t<div class=\"elementor-accordion-item\">\n\t\t\t\t\t<div id=\"elementor-tab-title-2411\" class=\"elementor-tab-title\" data-tab=\"1\" role=\"button\" aria-controls=\"elementor-tab-content-2411\" aria-expanded=\"false\">\n\t\t\t\t\t\t\t\t\t\t\t\t\t<span class=\"elementor-accordion-icon elementor-accordion-icon-left\" aria-hidden=\"true\">\n\t\t\t\t\t\t\t\t\t\t\t\t\t\t\t<span class=\"elementor-accordion-icon-closed\"><i class=\"fas fa-chevron-down\"><\/i><\/span>\n\t\t\t\t\t\t\t\t<span class=\"elementor-accordion-icon-opened\"><i class=\"fas fa-minus\"><\/i><\/span>\n\t\t\t\t\t\t\t\t\t\t\t\t\t\t<\/span>\n\t\t\t\t\t\t\t\t\t\t\t\t<a class=\"elementor-accordion-title\" tabindex=\"0\">Administration<\/a>\n\t\t\t\t\t<\/div>\n\t\t\t\t\t<div id=\"elementor-tab-content-2411\" class=\"elementor-tab-content elementor-clearfix\" data-tab=\"1\" role=\"region\" aria-labelledby=\"elementor-tab-title-2411\"><ul><li>We allow you to dedicate more time to what you do best: serving your clients!<\/li><li>We provide you with our client relationship management software, which will help you better manage your business relationships!<\/li><li>We invest ourselves to help you increase your efficiency!<\/li><li>We integrate your way of doing things into our flexible structure.<\/li><li>We take responsibility for your administration.<\/li><\/ul><\/div>\n\t\t\t\t<\/div>\n\t\t\t\t\t\t\t<div class=\"elementor-accordion-item\">\n\t\t\t\t\t<div id=\"elementor-tab-title-2412\" class=\"elementor-tab-title\" data-tab=\"2\" role=\"button\" aria-controls=\"elementor-tab-content-2412\" aria-expanded=\"false\">\n\t\t\t\t\t\t\t\t\t\t\t\t\t<span class=\"elementor-accordion-icon elementor-accordion-icon-left\" aria-hidden=\"true\">\n\t\t\t\t\t\t\t\t\t\t\t\t\t\t\t<span class=\"elementor-accordion-icon-closed\"><i class=\"fas fa-chevron-down\"><\/i><\/span>\n\t\t\t\t\t\t\t\t<span class=\"elementor-accordion-icon-opened\"><i class=\"fas fa-minus\"><\/i><\/span>\n\t\t\t\t\t\t\t\t\t\t\t\t\t\t<\/span>\n\t\t\t\t\t\t\t\t\t\t\t\t<a class=\"elementor-accordion-title\" tabindex=\"0\">Business Development Support<\/a>\n\t\t\t\t\t<\/div>\n\t\t\t\t\t<div id=\"elementor-tab-content-2412\" class=\"elementor-tab-content elementor-clearfix\" data-tab=\"2\" role=\"region\" aria-labelledby=\"elementor-tab-title-2412\"><ul><li class=\"p1\">We assist you in advising your clients across the full spectrum of financial planning options, including investments, insurance, liability management, and taxation.<\/li><li class=\"p1\">We carry out all the research and analysis concerning new products in investment, insurance, and mortgages.<\/li><li class=\"p1\">We share with you concepts in both insurance and investment.<\/li><li class=\"p1\">We are always on the lookout for new ideas and innovative approaches.<\/li><li class=\"p1\">We contribute to enhancing your professional image.<\/li><li class=\"p1\">We assist you in setting up a structure that allows you to improve your communication with your clients.<\/li><\/ul><\/div>\n\t\t\t\t<\/div>\n\t\t\t\t\t\t\t<div class=\"elementor-accordion-item\">\n\t\t\t\t\t<div id=\"elementor-tab-title-2413\" class=\"elementor-tab-title\" data-tab=\"3\" role=\"button\" aria-controls=\"elementor-tab-content-2413\" aria-expanded=\"false\">\n\t\t\t\t\t\t\t\t\t\t\t\t\t<span class=\"elementor-accordion-icon elementor-accordion-icon-left\" aria-hidden=\"true\">\n\t\t\t\t\t\t\t\t\t\t\t\t\t\t\t<span class=\"elementor-accordion-icon-closed\"><i class=\"fas fa-chevron-down\"><\/i><\/span>\n\t\t\t\t\t\t\t\t<span class=\"elementor-accordion-icon-opened\"><i class=\"fas fa-minus\"><\/i><\/span>\n\t\t\t\t\t\t\t\t\t\t\t\t\t\t<\/span>\n\t\t\t\t\t\t\t\t\t\t\t\t<a class=\"elementor-accordion-title\" tabindex=\"0\">Professional Development Support<\/a>\n\t\t\t\t\t<\/div>\n\t\t\t\t\t<div id=\"elementor-tab-content-2413\" class=\"elementor-tab-content elementor-clearfix\" data-tab=\"3\" role=\"region\" aria-labelledby=\"elementor-tab-title-2413\"><ul><li class=\"p1\">We assist you with your business plan.<\/li><li class=\"p1\">We help you better organize your business.<\/li><li class=\"p1\">We maximize opportunities with you.<\/li><li class=\"p1\">We create added value.<\/li><li class=\"p1\">We support you in planning your succession.<\/li><li class=\"p1\">We enhance your quality of life!<\/li><\/ul><\/div>\n\t\t\t\t<\/div>\n\t\t\t\t\t\t\t\t<\/div>\n\t\t\t\t\t\t<\/div>\n\t\t\t\t<\/div>\n\t\t\t\t<\/div>\n\t\t\t\t\t<\/div>\n\t\t\t\t<\/div>\n\t\t<div data-particle_enable=\"false\" data-particle-mobile-disabled=\"false\" class=\"elementor-element elementor-element-b55dd0b e-flex e-con-boxed e-con e-parent\" data-id=\"b55dd0b\" data-element_type=\"container\" data-e-type=\"container\">\n\t\t\t\t\t<div class=\"e-con-inner\">\n\t\t<div data-particle_enable=\"false\" data-particle-mobile-disabled=\"false\" class=\"elementor-element elementor-element-4aef726 e-con-full e-flex elementor-invisible e-con e-child\" data-id=\"4aef726\" data-element_type=\"container\" data-e-type=\"container\" data-settings=\"{&quot;animation&quot;:&quot;slideInLeft&quot;}\">\n\t\t\t\t<div class=\"elementor-element elementor-element-44976c4 elementor-widget elementor-widget-heading\" data-id=\"44976c4\" data-element_type=\"widget\" data-e-type=\"widget\" data-widget_type=\"heading.default\">\n\t\t\t\t<div class=\"elementor-widget-container\">\n\t\t\t\t\t<h2 class=\"elementor-heading-title elementor-size-default\">Our commitment<\/h2>\t\t\t\t<\/div>\n\t\t\t\t<\/div>\n\t\t\t\t<div class=\"elementor-element elementor-element-13d7aa3 elementor-widget elementor-widget-text-editor\" data-id=\"13d7aa3\" data-element_type=\"widget\" data-e-type=\"widget\" data-widget_type=\"text-editor.default\">\n\t\t\t\t<div class=\"elementor-widget-container\">\n\t\t\t\t\t\t\t\t\t<p class=\"p1\"><b>We commit to offer you:&nbsp;<\/b><\/p><p class=\"p1\"><b><br><\/b><\/p>\n<p class=\"p2\">Une libert\u00e9 totale<\/p>\n<p class=\"p2\"><br><\/p><p class=\"p2\">Des conseils ind\u00e9pendants et des planifications financi\u00e8res int\u00e9gr\u00e9es que vous pouvez offrir \u00e0 vos clients<\/p>\n<p class=\"p2\"><br><\/p><p class=\"p2\">Une \u00e9thique professionnelle irr\u00e9prochable<\/p>\n<p class=\"p2\"><br><\/p><p class=\"p2\">Une gamme de produits analys\u00e9s et \u00e9valu\u00e9s par nos actuaires<\/p>\n<p class=\"p2\"><br><\/p><p class=\"p2\">Un soutien complet par notre personnel hautement qualifi\u00e9<\/p>\n<p class=\"p2\"><br><\/p><p class=\"p2\">Des solutions personnalis\u00e9es en placements, assurances et hypoth\u00e8ques<\/p>\n<p class=\"p2\"><br><\/p><p class=\"p2\">Des conseils sur toutes les facettes de la planification financi\u00e8re<\/p>\t\t\t\t\t\t\t\t<\/div>\n\t\t\t\t<\/div>\n\t\t\t\t<\/div>\n\t\t\t\t\t<\/div>\n\t\t\t\t<\/div>\n\t\t\t\t<\/div>","protected":false},"excerpt":{"rendered":"<p>Services aux conseillers Proposition Vous offrir un service int\u00e8gre et haut de gamme! In\u00e9gal\u00e9! Unique! Comme celui que VOUS offrez vous-m\u00eames \u00e0 vos propres clients. Comment? Par un soutien administratif complet nous vous offrons toute la libert\u00e9 pour exercer votre m\u00e9tier: Bien conseiller vos clients. Par l&rsquo;expertise, l&rsquo;exp\u00e9rience et la connaissance de notre \u00e9quipe multidisciplinaire:<br \/><a class=\"moretag\" href=\"https:\/\/whitemont.com\/en\/conseillers-administration\/\">+ Read More<\/a><\/p>","protected":false},"author":1,"featured_media":0,"parent":0,"menu_order":0,"comment_status":"closed","ping_status":"closed","template":"elementor_header_footer","meta":{"footnotes":""},"class_list":["post-2235","page","type-page","status-publish","hentry"],"_links":{"self":[{"href":"https:\/\/whitemont.com\/en\/wp-json\/wp\/v2\/pages\/2235","targetHints":{"allow":["GET"]}}],"collection":[{"href":"https:\/\/whitemont.com\/en\/wp-json\/wp\/v2\/pages"}],"about":[{"href":"https:\/\/whitemont.com\/en\/wp-json\/wp\/v2\/types\/page"}],"author":[{"embeddable":true,"href":"https:\/\/whitemont.com\/en\/wp-json\/wp\/v2\/users\/1"}],"replies":[{"embeddable":true,"href":"https:\/\/whitemont.com\/en\/wp-json\/wp\/v2\/comments?post=2235"}],"version-history":[{"count":79,"href":"https:\/\/whitemont.com\/en\/wp-json\/wp\/v2\/pages\/2235\/revisions"}],"predecessor-version":[{"id":4448,"href":"https:\/\/whitemont.com\/en\/wp-json\/wp\/v2\/pages\/2235\/revisions\/4448"}],"wp:attachment":[{"href":"https:\/\/whitemont.com\/en\/wp-json\/wp\/v2\/media?parent=2235"}],"curies":[{"name":"wp","href":"https:\/\/api.w.org\/{rel}","templated":true}]}}