{"id":3138,"date":"2023-09-22T19:12:41","date_gmt":"2023-09-22T19:12:41","guid":{"rendered":"https:\/\/whitemont.com\/?page_id=3138"},"modified":"2024-10-29T10:26:25","modified_gmt":"2024-10-29T14:26:25","slug":"notre-fondateur","status":"publish","type":"page","link":"https:\/\/whitemont.com\/en\/notre-fondateur\/","title":{"rendered":"Our founder"},"content":{"rendered":"<div data-elementor-type=\"wp-page\" data-elementor-id=\"3138\" class=\"elementor elementor-3138\" data-elementor-post-type=\"page\">\n\t\t\t\t<div data-particle_enable=\"false\" data-particle-mobile-disabled=\"false\" class=\"elementor-element elementor-element-5f344bf6 e-flex e-con-boxed e-con e-parent\" data-id=\"5f344bf6\" data-element_type=\"container\" data-e-type=\"container\">\n\t\t\t\t\t<div class=\"e-con-inner\">\n\t\t\t\t\t<\/div>\n\t\t\t\t<\/div>\n\t\t<div data-particle_enable=\"false\" data-particle-mobile-disabled=\"false\" class=\"elementor-element elementor-element-29318c0f animated-slow e-flex e-con-boxed elementor-invisible e-con e-parent\" data-id=\"29318c0f\" data-element_type=\"container\" data-e-type=\"container\" data-settings=\"{&quot;animation&quot;:&quot;fadeIn&quot;}\">\n\t\t\t\t\t<div class=\"e-con-inner\">\n\t\t\t\t<div class=\"elementor-element elementor-element-520fe0e9 animated-slow elementor-invisible elementor-widget elementor-widget-heading\" data-id=\"520fe0e9\" data-element_type=\"widget\" data-e-type=\"widget\" data-settings=\"{&quot;_animation&quot;:&quot;fadeIn&quot;}\" data-widget_type=\"heading.default\">\n\t\t\t\t<div class=\"elementor-widget-container\">\n\t\t\t\t\t<h2 class=\"elementor-heading-title elementor-size-default\">Our founder<\/h2>\t\t\t\t<\/div>\n\t\t\t\t<\/div>\n\t\t\t\t\t<\/div>\n\t\t\t\t<\/div>\n\t\t<div data-particle_enable=\"false\" data-particle-mobile-disabled=\"false\" class=\"elementor-element elementor-element-480e267 e-flex e-con-boxed e-con e-parent\" data-id=\"480e267\" data-element_type=\"container\" data-e-type=\"container\">\n\t\t\t\t\t<div class=\"e-con-inner\">\n\t\t<div data-particle_enable=\"false\" data-particle-mobile-disabled=\"false\" class=\"elementor-element elementor-element-6e5fa88 e-con-full e-flex e-con e-child\" data-id=\"6e5fa88\" data-element_type=\"container\" data-e-type=\"container\">\n\t\t<div data-particle_enable=\"false\" data-particle-mobile-disabled=\"false\" class=\"elementor-element elementor-element-de27551 e-con-full e-flex e-con e-child\" data-id=\"de27551\" data-element_type=\"container\" data-e-type=\"container\">\n\t\t\t\t<div class=\"elementor-element elementor-element-50b6f8e elementor-widget__width-initial elementor-widget elementor-widget-heading\" data-id=\"50b6f8e\" data-element_type=\"widget\" data-e-type=\"widget\" data-widget_type=\"heading.default\">\n\t\t\t\t<div class=\"elementor-widget-container\">\n\t\t\t\t\t<h2 class=\"elementor-heading-title elementor-size-default\">Peter Tsakiris<\/h2>\t\t\t\t<\/div>\n\t\t\t\t<\/div>\n\t\t\t\t<div class=\"elementor-element elementor-element-f8d8740 elementor-shape-rounded elementor-grid-0 e-grid-align-center elementor-widget elementor-widget-social-icons\" data-id=\"f8d8740\" data-element_type=\"widget\" data-e-type=\"widget\" data-widget_type=\"social-icons.default\">\n\t\t\t\t<div class=\"elementor-widget-container\">\n\t\t\t\t\t\t\t<div class=\"elementor-social-icons-wrapper elementor-grid\">\n\t\t\t\t\t\t\t<span class=\"elementor-grid-item\">\n\t\t\t\t\t<a class=\"elementor-icon elementor-social-icon elementor-social-icon-linkedin elementor-repeater-item-a7deacb\" href=\"https:\/\/www.linkedin.com\/in\/peter-tsakiris-cim-0a756717\/?locale=sv_SE\" target=\"_blank\">\n\t\t\t\t\t\t<span class=\"elementor-screen-only\">Linkedin<\/span>\n\t\t\t\t\t\t<i aria-hidden=\"true\" class=\"fab fa-linkedin\"><\/i>\t\t\t\t\t<\/a>\n\t\t\t\t<\/span>\n\t\t\t\t\t<\/div>\n\t\t\t\t\t\t<\/div>\n\t\t\t\t<\/div>\n\t\t\t\t<\/div>\n\t\t<div data-particle_enable=\"false\" data-particle-mobile-disabled=\"false\" class=\"elementor-element elementor-element-aee7091 e-con-full e-flex e-con e-child\" data-id=\"aee7091\" data-element_type=\"container\" data-e-type=\"container\">\n\t\t\t\t<div class=\"elementor-element elementor-element-f74a8bb elementor-widget__width-initial elementor-widget elementor-widget-text-editor\" data-id=\"f74a8bb\" data-element_type=\"widget\" data-e-type=\"widget\" data-widget_type=\"text-editor.default\">\n\t\t\t\t<div class=\"elementor-widget-container\">\n\t\t\t\t\t\t\t\t\t<p>B. Sc. Actuary, MBA, CIM, C. Adm., F. Pl.<\/p><p style=\"font-weight: 400;\">Financial Planner<\/p><p style=\"font-weight: 400;\">Financial Security Advisor<\/p><p style=\"font-weight: 400;\">Advisor in Group Insurance &amp; Annuity Plans<\/p><p style=\"font-weight: 400;\">Certified Mortgage Broker<\/p>\t\t\t\t\t\t\t\t<\/div>\n\t\t\t\t<\/div>\n\t\t\t\t<\/div>\n\t\t<div data-particle_enable=\"false\" data-particle-mobile-disabled=\"false\" class=\"elementor-element elementor-element-def0839 e-con-full e-flex e-con e-child\" data-id=\"def0839\" data-element_type=\"container\" data-e-type=\"container\">\n\t\t\t\t<div class=\"elementor-element elementor-element-8b9abc5 elementor-widget__width-initial elementor-widget elementor-widget-image\" data-id=\"8b9abc5\" data-element_type=\"widget\" data-e-type=\"widget\" data-widget_type=\"image.default\">\n\t\t\t\t<div class=\"elementor-widget-container\">\n\t\t\t\t\t\t\t\t\t\t\t\t\t\t\t<img fetchpriority=\"high\" decoding=\"async\" width=\"1500\" height=\"2100\" src=\"https:\/\/whitemont.com\/wp-content\/uploads\/2023\/09\/025-Peter-Tsakiris-1.jpg\" class=\"attachment-full size-full wp-image-3161\" alt=\"\" srcset=\"https:\/\/whitemont.com\/wp-content\/uploads\/2023\/09\/025-Peter-Tsakiris-1.jpg 1500w, https:\/\/whitemont.com\/wp-content\/uploads\/2023\/09\/025-Peter-Tsakiris-1-214x300.jpg 214w, https:\/\/whitemont.com\/wp-content\/uploads\/2023\/09\/025-Peter-Tsakiris-1-731x1024.jpg 731w, https:\/\/whitemont.com\/wp-content\/uploads\/2023\/09\/025-Peter-Tsakiris-1-768x1075.jpg 768w, https:\/\/whitemont.com\/wp-content\/uploads\/2023\/09\/025-Peter-Tsakiris-1-1097x1536.jpg 1097w, https:\/\/whitemont.com\/wp-content\/uploads\/2023\/09\/025-Peter-Tsakiris-1-1463x2048.jpg 1463w, https:\/\/whitemont.com\/wp-content\/uploads\/2023\/09\/025-Peter-Tsakiris-1-9x12.jpg 9w\" sizes=\"(max-width: 1500px) 100vw, 1500px\" \/>\t\t\t\t\t\t\t\t\t\t\t\t\t\t\t<\/div>\n\t\t\t\t<\/div>\n\t\t\t\t<\/div>\n\t\t\t\t<\/div>\n\t\t<div data-particle_enable=\"false\" data-particle-mobile-disabled=\"false\" class=\"elementor-element elementor-element-73e93ac e-con-full e-flex e-con e-child\" data-id=\"73e93ac\" data-element_type=\"container\" data-e-type=\"container\">\n\t\t\t\t<div class=\"elementor-element elementor-element-251e061 elementor-widget elementor-widget-text-editor\" data-id=\"251e061\" data-element_type=\"widget\" data-e-type=\"widget\" data-widget_type=\"text-editor.default\">\n\t\t\t\t<div class=\"elementor-widget-container\">\n\t\t\t\t\t\t\t\t\t<p>\u00ab\u00a0<span style=\"color: var( --e-global-color-text ); font-family: var( --e-global-typography-a407077-font-family ), Sans-serif; font-size: var( --e-global-typography-a407077-font-size ); font-weight: var( --e-global-typography-a407077-font-weight ); letter-spacing: var( --e-global-typography-a407077-letter-spacing ); word-spacing: var( --e-global-typography-a407077-word-spacing );\">I have a vision...\u00a0\u00bb<\/span><\/p>\t\t\t\t\t\t\t\t<\/div>\n\t\t\t\t<\/div>\n\t\t\t\t<\/div>\n\t\t\t\t<div class=\"elementor-element elementor-element-016d358 elementor-widget__width-initial elementor-widget elementor-widget-text-editor\" data-id=\"016d358\" data-element_type=\"widget\" data-e-type=\"widget\" data-widget_type=\"text-editor.default\">\n\t\t\t\t<div class=\"elementor-widget-container\">\n\t\t\t\t\t\t\t\t\t<p class=\"p1\">Peter Tsakiris is a motivated, accomplished, and determined portfolio manager. He has gained extensive experience as a licensed director, financial planner<span class=\"s1\"><sup>1<\/sup><\/span>, financial security advisor<span class=\"s1\"><sup>1<\/sup><\/span>group insurance &amp; annuity-plan advisor<span class=\"s1\"><sup>1<\/sup><\/span>and as certified mortgage broker<span class=\"s1\"><sup>2<\/sup><\/span>.<span class=\"Apple-converted-space\">\u00a0 <\/span>Adept in wealth management, Peter Tsakiris holds a permit in Quebec, in Ontario, in Alberta and in British Columbia.<\/p><p class=\"p1\">\u00a0<\/p><p class=\"p1\">As founder and CEO of Whitemont Financial Services Firm, Peter Tsakiris etched the Firm\u2019s mission, vision and values in stone from the start : <i>to unequivocally provide his clients, financial advisors and underwriters alike with his culture of excellence, independence and integrity in order to remain an integral partner to their success.<\/i>.<\/p><p class=\"p1\">\u00a0<\/p><p class=\"p1\">In his quest to be the best, Peter Tsakiris decided to offer the full spectrum of financial services under a one-stop independent financial services firm.<span class=\"Apple-converted-space\">\u00a0 <\/span>As such, he associated himself as a certified mortgage broker with Planipr\u00eat.<span class=\"Apple-converted-space\">\u00a0 <\/span>Planipr\u00eat is the third largest mortgage brokerage agency in Quebec and is highly regarded by Quebec\u2019s financial industry for the quality and strength of the files diligently submitted.<span class=\"Apple-converted-space\">\u00a0 <\/span>Assisted by his team of mortgage experts, Peter Tsakiris advises and negotiates on behalf of thousands of clients every year in search of the most competitive and advantageous mortgage loans offered by banks, credit unions and most other financial institutions.\u00a0<\/p><p class=\"p1\">\u00a0<\/p><p class=\"p1\">Compelling is the attention Peter Tsakiris invests in the advice offered\u00a0to his clients for their financial wellbeing. Throughout two decades now, the clients continue to appreciate his passion in wealth management and his in depth knowledge of the economy.<span class=\"Apple-converted-space\">\u00a0 <\/span>The trust Peter Tsakiris has earned from his clients, advisors and underwriters has positioned Whitemont to be a leader amongst the independent financial advisory firms in Quebec.<\/p><p class=\"p1\">\u00a0<\/p><p class=\"p1\">Testimony to this success is the ongoing partnership Peter Tsakiris enjoys with the GENIUM 360 (formely R\u00e9seau des Ing\u00e9nieurs du Qu\u00e9bec).<span class=\"Apple-converted-space\">\u00a0 <\/span>Since 2010, both Whitemont &amp; Planipr\u00eat offer the GENIUM360\u2019s 76,000 engineers and students in engineering with financial planning and mortgage brokerage services.<\/p><p class=\"p1\">\u00a0<\/p><p class=\"p1\">For 2 consecutive years, in 2016 and 2017, Peter was recognized as a finalist for the prestigious Excellence Award, offered by the Chambre de la s\u00e9curit\u00e9 financi\u00e8re (CSF) in the Distinction category. This award is especially significant as it shines a spotlight on the standout performers among advisors who have notably distinguished themselves. These Awards, which celebrate the excellence of members and underline the importance of advisory roles in personal finances, are designated for those who are passionately dedicated to enhancing the financial well-being of Quebecers.\u00a0<span style=\"color: var( --e-global-color-text ); font-family: var( --e-global-typography-3b58ca7-font-family ), Sans-serif; font-size: var( --e-global-typography-3b58ca7-font-size ); font-weight: var( --e-global-typography-3b58ca7-font-weight ); letter-spacing: var( --e-global-typography-3b58ca7-letter-spacing ); word-spacing: var( --e-global-typography-3b58ca7-word-spacing );\">Peter Tsakiris is fluent in the French, English and Greek languages.<\/span><\/p><p class=\"p1\"><span style=\"color: var( --e-global-color-text ); font-family: var( --e-global-typography-3b58ca7-font-family ), Sans-serif; font-size: var( --e-global-typography-3b58ca7-font-size ); font-weight: var( --e-global-typography-3b58ca7-font-weight ); letter-spacing: var( --e-global-typography-3b58ca7-letter-spacing ); word-spacing: var( --e-global-typography-3b58ca7-word-spacing );\">\u00a0<\/span><\/p><p class=\"p3\"><span class=\"s1\" style=\"font-family: var( --e-global-typography-3b58ca7-font-family ), Sans-serif; font-size: var( --e-global-typography-3b58ca7-font-size ); letter-spacing: var( --e-global-typography-3b58ca7-letter-spacing ); word-spacing: var( --e-global-typography-3b58ca7-word-spacing );\"><sup>1<\/sup><\/span><span style=\"font-family: var( --e-global-typography-3b58ca7-font-family ), Sans-serif; font-size: var( --e-global-typography-3b58ca7-font-size ); letter-spacing: var( --e-global-typography-3b58ca7-letter-spacing ); word-spacing: var( --e-global-typography-3b58ca7-word-spacing );\">\u00a0Registered at Whitemont Financial Services<\/span><\/p><p class=\"p3\"><span class=\"s1\"><sup>2<\/sup><\/span>\u00a0Registered at Planipr\u00eat<\/p>\t\t\t\t\t\t\t\t<\/div>\n\t\t\t\t<\/div>\n\t\t<div data-particle_enable=\"false\" data-particle-mobile-disabled=\"false\" class=\"elementor-element elementor-element-14dcc94 e-con-full e-flex e-con e-child\" data-id=\"14dcc94\" data-element_type=\"container\" data-e-type=\"container\">\n\t\t\t\t<div class=\"elementor-element elementor-element-ff9ec10 elementor-widget elementor-widget-text-editor\" data-id=\"ff9ec10\" data-element_type=\"widget\" data-e-type=\"widget\" data-widget_type=\"text-editor.default\">\n\t\t\t\t<div class=\"elementor-widget-container\">\n\t\t\t\t\t\t\t\t\t<p>Founded WHITEMONT<\/p>\t\t\t\t\t\t\t\t<\/div>\n\t\t\t\t<\/div>\n\t\t\t\t<div class=\"elementor-element elementor-element-4731c7a elementor-widget-divider--view-line elementor-widget elementor-widget-divider\" data-id=\"4731c7a\" data-element_type=\"widget\" data-e-type=\"widget\" data-widget_type=\"divider.default\">\n\t\t\t\t<div class=\"elementor-widget-container\">\n\t\t\t\t\t\t\t<div class=\"elementor-divider\">\n\t\t\t<span class=\"elementor-divider-separator\">\n\t\t\t\t\t\t<\/span>\n\t\t<\/div>\n\t\t\t\t\t\t<\/div>\n\t\t\t\t<\/div>\n\t\t\t\t<div class=\"elementor-element elementor-element-48ae4a2 elementor-widget elementor-widget-text-editor\" data-id=\"48ae4a2\" data-element_type=\"widget\" data-e-type=\"widget\" data-widget_type=\"text-editor.default\">\n\t\t\t\t<div class=\"elementor-widget-container\">\n\t\t\t\t\t\t\t\t\t<p>1999<\/p>\t\t\t\t\t\t\t\t<\/div>\n\t\t\t\t<\/div>\n\t\t\t\t<\/div>\n\t\t<div data-particle_enable=\"false\" data-particle-mobile-disabled=\"false\" class=\"elementor-element elementor-element-dca2c3d e-con-full e-flex e-con e-child\" data-id=\"dca2c3d\" data-element_type=\"container\" data-e-type=\"container\">\n\t\t\t\t<div class=\"elementor-element elementor-element-4191086 elementor-widget elementor-widget-text-editor\" data-id=\"4191086\" data-element_type=\"widget\" data-e-type=\"widget\" data-widget_type=\"text-editor.default\">\n\t\t\t\t<div class=\"elementor-widget-container\">\n\t\t\t\t\t\t\t\t\t<p>Birth place<\/p>\t\t\t\t\t\t\t\t<\/div>\n\t\t\t\t<\/div>\n\t\t\t\t<div class=\"elementor-element elementor-element-015ebd3 elementor-widget-divider--view-line elementor-widget elementor-widget-divider\" data-id=\"015ebd3\" data-element_type=\"widget\" data-e-type=\"widget\" data-widget_type=\"divider.default\">\n\t\t\t\t<div class=\"elementor-widget-container\">\n\t\t\t\t\t\t\t<div class=\"elementor-divider\">\n\t\t\t<span class=\"elementor-divider-separator\">\n\t\t\t\t\t\t<\/span>\n\t\t<\/div>\n\t\t\t\t\t\t<\/div>\n\t\t\t\t<\/div>\n\t\t\t\t<div class=\"elementor-element elementor-element-928bbfa elementor-widget elementor-widget-text-editor\" data-id=\"928bbfa\" data-element_type=\"widget\" data-e-type=\"widget\" data-widget_type=\"text-editor.default\">\n\t\t\t\t<div class=\"elementor-widget-container\">\n\t\t\t\t\t\t\t\t\t<p>Athens, Greece<\/p><p>Immigrated in Quebec in 1989<\/p>\t\t\t\t\t\t\t\t<\/div>\n\t\t\t\t<\/div>\n\t\t\t\t<\/div>\n\t\t<div data-particle_enable=\"false\" data-particle-mobile-disabled=\"false\" class=\"elementor-element elementor-element-ccc3853 e-con-full e-flex e-con e-child\" data-id=\"ccc3853\" data-element_type=\"container\" data-e-type=\"container\">\n\t\t\t\t<div class=\"elementor-element elementor-element-8aca230 elementor-widget elementor-widget-text-editor\" data-id=\"8aca230\" data-element_type=\"widget\" data-e-type=\"widget\" data-widget_type=\"text-editor.default\">\n\t\t\t\t<div class=\"elementor-widget-container\">\n\t\t\t\t\t\t\t\t\t<p>Education<\/p>\t\t\t\t\t\t\t\t<\/div>\n\t\t\t\t<\/div>\n\t\t\t\t<div class=\"elementor-element elementor-element-e208774 elementor-widget-divider--view-line elementor-widget elementor-widget-divider\" data-id=\"e208774\" data-element_type=\"widget\" data-e-type=\"widget\" data-widget_type=\"divider.default\">\n\t\t\t\t<div class=\"elementor-widget-container\">\n\t\t\t\t\t\t\t<div class=\"elementor-divider\">\n\t\t\t<span class=\"elementor-divider-separator\">\n\t\t\t\t\t\t<\/span>\n\t\t<\/div>\n\t\t\t\t\t\t<\/div>\n\t\t\t\t<\/div>\n\t\t\t\t<div class=\"elementor-element elementor-element-eb51010 elementor-widget elementor-widget-text-editor\" data-id=\"eb51010\" data-element_type=\"widget\" data-e-type=\"widget\" data-widget_type=\"text-editor.default\">\n\t\t\t\t<div class=\"elementor-widget-container\">\n\t\t\t\t\t\t\t\t\tBacc. en actuariat, Universit\u00e9 Laval\n\nMBA-Finance, UQAM\n\nCertificat en Planification Financi\u00e8re, Universit\u00e9 Laval\t\t\t\t\t\t\t\t<\/div>\n\t\t\t\t<\/div>\n\t\t\t\t<\/div>\n\t\t<div data-particle_enable=\"false\" data-particle-mobile-disabled=\"false\" class=\"elementor-element elementor-element-bc547ef e-con-full e-flex e-con e-child\" data-id=\"bc547ef\" data-element_type=\"container\" data-e-type=\"container\">\n\t\t\t\t<div class=\"elementor-element elementor-element-7e5602f elementor-widget elementor-widget-text-editor\" data-id=\"7e5602f\" data-element_type=\"widget\" data-e-type=\"widget\" data-widget_type=\"text-editor.default\">\n\t\t\t\t<div class=\"elementor-widget-container\">\n\t\t\t\t\t\t\t\t\t<p>Interests<\/p>\t\t\t\t\t\t\t\t<\/div>\n\t\t\t\t<\/div>\n\t\t\t\t<div class=\"elementor-element elementor-element-8fd8a69 elementor-widget-divider--view-line elementor-widget elementor-widget-divider\" data-id=\"8fd8a69\" data-element_type=\"widget\" data-e-type=\"widget\" data-widget_type=\"divider.default\">\n\t\t\t\t<div class=\"elementor-widget-container\">\n\t\t\t\t\t\t\t<div class=\"elementor-divider\">\n\t\t\t<span class=\"elementor-divider-separator\">\n\t\t\t\t\t\t<\/span>\n\t\t<\/div>\n\t\t\t\t\t\t<\/div>\n\t\t\t\t<\/div>\n\t\t\t\t<div class=\"elementor-element elementor-element-d891c65 elementor-widget elementor-widget-text-editor\" data-id=\"d891c65\" data-element_type=\"widget\" data-e-type=\"widget\" data-widget_type=\"text-editor.default\">\n\t\t\t\t<div class=\"elementor-widget-container\">\n\t\t\t\t\t\t\t\t\t<p>Passionn\u00e9 de la finance et de l\u2019\u00e9conomie, Voyages\u00a0\u00a0\u00a0<\/p>\t\t\t\t\t\t\t\t<\/div>\n\t\t\t\t<\/div>\n\t\t\t\t<\/div>\n\t\t\t\t\t<\/div>\n\t\t\t\t<\/div>\n\t\t\t\t<\/div>","protected":false},"excerpt":{"rendered":"<p>Notre fondateur Peter Tsakiris Linkedin B. Sc. Actuariat, MBA, CIM, Adm. A., Pl. Fin. Planificateur financier Conseiller en s\u00e9curit\u00e9 financi\u00e8re Conseiller en assurance et rentes collectives Courtier hypoth\u00e9caire agr\u00e9\u00e9 \u00ab\u00a0J&rsquo;ai une vision&#8230;\u00a0\u00bb Peter Tsakiris est un gestionnaire de portefeuille\u00a0motiv\u00e9, accompli, et d\u00e9termin\u00e9. Il a acquis une exp\u00e9rience de grande envergure \u00e0 titre d\u2019administrateur agr\u00e9\u00e9, de<br \/><a class=\"moretag\" href=\"https:\/\/whitemont.com\/en\/notre-fondateur\/\">+ Read More<\/a><\/p>","protected":false},"author":1,"featured_media":0,"parent":0,"menu_order":0,"comment_status":"closed","ping_status":"closed","template":"elementor_header_footer","meta":{"footnotes":""},"class_list":["post-3138","page","type-page","status-publish","hentry"],"_links":{"self":[{"href":"https:\/\/whitemont.com\/en\/wp-json\/wp\/v2\/pages\/3138","targetHints":{"allow":["GET"]}}],"collection":[{"href":"https:\/\/whitemont.com\/en\/wp-json\/wp\/v2\/pages"}],"about":[{"href":"https:\/\/whitemont.com\/en\/wp-json\/wp\/v2\/types\/page"}],"author":[{"embeddable":true,"href":"https:\/\/whitemont.com\/en\/wp-json\/wp\/v2\/users\/1"}],"replies":[{"embeddable":true,"href":"https:\/\/whitemont.com\/en\/wp-json\/wp\/v2\/comments?post=3138"}],"version-history":[{"count":127,"href":"https:\/\/whitemont.com\/en\/wp-json\/wp\/v2\/pages\/3138\/revisions"}],"predecessor-version":[{"id":4516,"href":"https:\/\/whitemont.com\/en\/wp-json\/wp\/v2\/pages\/3138\/revisions\/4516"}],"wp:attachment":[{"href":"https:\/\/whitemont.com\/en\/wp-json\/wp\/v2\/media?parent=3138"}],"curies":[{"name":"wp","href":"https:\/\/api.w.org\/{rel}","templated":true}]}}