{"id":3254,"date":"2023-09-24T18:41:23","date_gmt":"2023-09-24T18:41:23","guid":{"rendered":"https:\/\/whitemont.com\/?page_id=3254"},"modified":"2023-09-25T13:19:34","modified_gmt":"2023-09-25T13:19:34","slug":"protections-financieres","status":"publish","type":"page","link":"https:\/\/whitemont.com\/en\/protections-financieres\/","title":{"rendered":"Financial Protections"},"content":{"rendered":"<div data-elementor-type=\"wp-page\" data-elementor-id=\"3254\" class=\"elementor elementor-3254\" data-elementor-post-type=\"page\">\n\t\t\t\t<div data-particle_enable=\"false\" data-particle-mobile-disabled=\"false\" class=\"elementor-element elementor-element-174786fd e-flex e-con-boxed e-con e-parent\" data-id=\"174786fd\" data-element_type=\"container\" data-e-type=\"container\">\n\t\t\t\t\t<div class=\"e-con-inner\">\n\t\t\t\t\t<\/div>\n\t\t\t\t<\/div>\n\t\t<div data-particle_enable=\"false\" data-particle-mobile-disabled=\"false\" class=\"elementor-element elementor-element-1176d360 animated-slow e-flex e-con-boxed elementor-invisible e-con e-parent\" data-id=\"1176d360\" data-element_type=\"container\" data-e-type=\"container\" data-settings=\"{&quot;animation&quot;:&quot;fadeIn&quot;}\">\n\t\t\t\t\t<div class=\"e-con-inner\">\n\t\t\t\t<div class=\"elementor-element elementor-element-162decd6 elementor-widget elementor-widget-heading\" data-id=\"162decd6\" data-element_type=\"widget\" data-e-type=\"widget\" data-widget_type=\"heading.default\">\n\t\t\t\t<div class=\"elementor-widget-container\">\n\t\t\t\t\t<h2 class=\"elementor-heading-title elementor-size-default\">Financial Protections<\/h2>\t\t\t\t<\/div>\n\t\t\t\t<\/div>\n\t\t\t\t\t<\/div>\n\t\t\t\t<\/div>\n\t\t<div data-particle_enable=\"false\" data-particle-mobile-disabled=\"false\" class=\"elementor-element elementor-element-3fe2906 e-flex e-con-boxed e-con e-parent\" data-id=\"3fe2906\" data-element_type=\"container\" data-e-type=\"container\">\n\t\t\t\t\t<div class=\"e-con-inner\">\n\t\t<div data-particle_enable=\"false\" data-particle-mobile-disabled=\"false\" class=\"elementor-element elementor-element-0df7458 e-con-full e-flex elementor-invisible e-con e-child\" data-id=\"0df7458\" data-element_type=\"container\" data-e-type=\"container\" data-settings=\"{&quot;animation&quot;:&quot;slideInLeft&quot;}\">\n\t\t\t\t<div class=\"elementor-element elementor-element-0c3c6db elementor-widget elementor-widget-heading\" data-id=\"0c3c6db\" data-element_type=\"widget\" data-e-type=\"widget\" data-widget_type=\"heading.default\">\n\t\t\t\t<div class=\"elementor-widget-container\">\n\t\t\t\t\t<h2 class=\"elementor-heading-title elementor-size-default\">L\u2019AUTORIT\u00c9 DES MARCH\u00c9S FINANCIERS \u2013 FONDS D\u2019INDEMNISATION<\/h2>\t\t\t\t<\/div>\n\t\t\t\t<\/div>\n\t\t\t\t<div class=\"elementor-element elementor-element-163bc02 elementor-widget elementor-widget-text-editor\" data-id=\"163bc02\" data-element_type=\"widget\" data-e-type=\"widget\" data-widget_type=\"text-editor.default\">\n\t\t\t\t<div class=\"elementor-widget-container\">\n\t\t\t\t\t\t\t\t\t<p class=\"p1\">Thanks to the financial services compensation fund, the AMF compensates victims of fraud, fraudulent tactics, or embezzlement that occurred when they do business with individuals and companies authorized to operate under the Act respecting the distribution of financial products and services.<\/p><p>\u00a0<\/p><p>This compensation fund is financed by the mandatory annual contributions paid by firms, independent representatives, and independent companies registered with the AMF.<\/p><p>\u00a0<\/p><p><span class=\"s1\">Visit the link\u00a0:<\/span><\/p><p class=\"p2\"><a href=\"https:\/\/lautorite.qc.ca\/en\/general-public\/compensation-and-deposit-protection\/submit-a-claim-to-the-fonds-dindemnisation-des-services-financiers\" target=\"_blank\" rel=\"noopener\"><span lang=\"FR-CA\">Compensation fund | AMF (lautorite.qc.ca)<\/span><\/a><\/p>\t\t\t\t\t\t\t\t<\/div>\n\t\t\t\t<\/div>\n\t\t\t\t<\/div>\n\t\t<div data-particle_enable=\"false\" data-particle-mobile-disabled=\"false\" class=\"elementor-element elementor-element-e93fca9 e-con-full e-flex elementor-invisible e-con e-child\" data-id=\"e93fca9\" data-element_type=\"container\" data-e-type=\"container\" data-settings=\"{&quot;animation&quot;:&quot;slideInLeft&quot;}\">\n\t\t\t\t<div class=\"elementor-element elementor-element-87cd625 elementor-widget elementor-widget-heading\" data-id=\"87cd625\" data-element_type=\"widget\" data-e-type=\"widget\" data-widget_type=\"heading.default\">\n\t\t\t\t<div class=\"elementor-widget-container\">\n\t\t\t\t\t<h2 class=\"elementor-heading-title elementor-size-default\">CANADIAN INVESTOR PROTECTION FUND (CIPF)<\/h2>\t\t\t\t<\/div>\n\t\t\t\t<\/div>\n\t\t\t\t<div class=\"elementor-element elementor-element-5bb1666 elementor-widget elementor-widget-text-editor\" data-id=\"5bb1666\" data-element_type=\"widget\" data-e-type=\"widget\" data-widget_type=\"text-editor.default\">\n\t\t\t\t<div class=\"elementor-widget-container\">\n\t\t\t\t\t\t\t\t\t<p class=\"p1\">This protection applies to clients whose advisor is registered with PEAK Securities.<\/p><p>\u00a0<\/p><p>The mission of the Canadian Investor Protection Fund (CIPF) is to contribute to the security and confidence of clients of Canadian securities brokers by maintaining sufficient resources to return the financial assets of eligible clients of a member who becomes insolvent. CIPF members are securities brokerage firms that are members of the IIROC.<\/p><p>\u00a0<\/p><p>This protection applies in the rare cases of a securities broker's failure. The CIPF ensures that your cash deposits and your securities are returned to you, within certain limits.<\/p><p>\u00a0<\/p><p>The compensation cap is $1,000,000 for the general account (the grouping of all non-registered accounts) and $1,000,000 for each of the separate accounts (RRSP, RRIF, LIRA, and LIF form one separate account; RESPs form a second separate account; corporate accounts form a third separate account).<\/p><p>\u00a0<\/p><p>The $1,000,000 guarantee limit applies to the amount of your loss which, in most cases, will be much less than the value of your account.\u00a0<\/p><p>\u00a0<\/p><p class=\"p1\"><span class=\"s1\">Visit the link\u00a0:<\/span><\/p><p><a href=\"https:\/\/www.cipf.ca\/home\" target=\"_blank\" rel=\"noopener\">Canadian Investor Protection Fund (cipf.ca)<\/a><\/p>\t\t\t\t\t\t\t\t<\/div>\n\t\t\t\t<\/div>\n\t\t\t\t<\/div>\n\t\t\t\t\t<\/div>\n\t\t\t\t<\/div>\n\t\t\t\t<\/div>","protected":false},"excerpt":{"rendered":"<p>Protections financi\u00e8res L\u2019AUTORIT\u00c9 DES MARCH\u00c9S FINANCIERS \u2013 Fonds d\u2019indemnisation des services financiers Gr\u00e2ce au fonds d\u2019indemnisation des services financiers, l\u2019AMF d\u00e9dommage les victimes de fraudes, de man\u0153uvres dolosives ou de d\u00e9tournements de fonds survenus lorsqu\u2019elles font affaire avec les personnes et les entreprises autoris\u00e9es \u00e0 exercer en vertu de la Loi sur la distribution de<br \/><a class=\"moretag\" href=\"https:\/\/whitemont.com\/en\/protections-financieres\/\">+ Read More<\/a><\/p>","protected":false},"author":1,"featured_media":0,"parent":0,"menu_order":0,"comment_status":"closed","ping_status":"closed","template":"elementor_header_footer","meta":{"footnotes":""},"class_list":["post-3254","page","type-page","status-publish","hentry"],"_links":{"self":[{"href":"https:\/\/whitemont.com\/en\/wp-json\/wp\/v2\/pages\/3254","targetHints":{"allow":["GET"]}}],"collection":[{"href":"https:\/\/whitemont.com\/en\/wp-json\/wp\/v2\/pages"}],"about":[{"href":"https:\/\/whitemont.com\/en\/wp-json\/wp\/v2\/types\/page"}],"author":[{"embeddable":true,"href":"https:\/\/whitemont.com\/en\/wp-json\/wp\/v2\/users\/1"}],"replies":[{"embeddable":true,"href":"https:\/\/whitemont.com\/en\/wp-json\/wp\/v2\/comments?post=3254"}],"version-history":[{"count":40,"href":"https:\/\/whitemont.com\/en\/wp-json\/wp\/v2\/pages\/3254\/revisions"}],"predecessor-version":[{"id":3739,"href":"https:\/\/whitemont.com\/en\/wp-json\/wp\/v2\/pages\/3254\/revisions\/3739"}],"wp:attachment":[{"href":"https:\/\/whitemont.com\/en\/wp-json\/wp\/v2\/media?parent=3254"}],"curies":[{"name":"wp","href":"https:\/\/api.w.org\/{rel}","templated":true}]}}