{"id":3294,"date":"2023-09-24T19:42:06","date_gmt":"2023-09-24T19:42:06","guid":{"rendered":"https:\/\/whitemont.com\/?page_id=3294"},"modified":"2023-09-24T19:43:08","modified_gmt":"2023-09-24T19:43:08","slug":"protections-professionnelles","status":"publish","type":"page","link":"https:\/\/whitemont.com\/en\/protections-professionnelles\/","title":{"rendered":"Professional Protections"},"content":{"rendered":"<div data-elementor-type=\"wp-page\" data-elementor-id=\"3294\" class=\"elementor elementor-3294\" data-elementor-post-type=\"page\">\n\t\t\t\t<div data-particle_enable=\"false\" data-particle-mobile-disabled=\"false\" class=\"elementor-element elementor-element-174786fd e-flex e-con-boxed e-con e-parent\" data-id=\"174786fd\" data-element_type=\"container\" data-e-type=\"container\">\n\t\t\t\t\t<div class=\"e-con-inner\">\n\t\t\t\t\t<\/div>\n\t\t\t\t<\/div>\n\t\t<div data-particle_enable=\"false\" data-particle-mobile-disabled=\"false\" class=\"elementor-element elementor-element-1176d360 animated-slow e-flex e-con-boxed elementor-invisible e-con e-parent\" data-id=\"1176d360\" data-element_type=\"container\" data-e-type=\"container\" data-settings=\"{&quot;animation&quot;:&quot;fadeIn&quot;}\">\n\t\t\t\t\t<div class=\"e-con-inner\">\n\t\t\t\t<div class=\"elementor-element elementor-element-162decd6 elementor-widget elementor-widget-heading\" data-id=\"162decd6\" data-element_type=\"widget\" data-e-type=\"widget\" data-widget_type=\"heading.default\">\n\t\t\t\t<div class=\"elementor-widget-container\">\n\t\t\t\t\t<h2 class=\"elementor-heading-title elementor-size-default\">Professional Protections<\/h2>\t\t\t\t<\/div>\n\t\t\t\t<\/div>\n\t\t\t\t\t<\/div>\n\t\t\t\t<\/div>\n\t\t<div data-particle_enable=\"false\" data-particle-mobile-disabled=\"false\" class=\"elementor-element elementor-element-3fe2906 e-flex e-con-boxed e-con e-parent\" data-id=\"3fe2906\" data-element_type=\"container\" data-e-type=\"container\">\n\t\t\t\t\t<div class=\"e-con-inner\">\n\t\t<div data-particle_enable=\"false\" data-particle-mobile-disabled=\"false\" class=\"elementor-element elementor-element-0df7458 e-con-full e-flex elementor-invisible e-con e-child\" data-id=\"0df7458\" data-element_type=\"container\" data-e-type=\"container\" data-settings=\"{&quot;animation&quot;:&quot;slideInLeft&quot;}\">\n\t\t\t\t<div class=\"elementor-element elementor-element-0c3c6db elementor-widget elementor-widget-heading\" data-id=\"0c3c6db\" data-element_type=\"widget\" data-e-type=\"widget\" data-widget_type=\"heading.default\">\n\t\t\t\t<div class=\"elementor-widget-container\">\n\t\t\t\t\t<h2 class=\"elementor-heading-title elementor-size-default\">Professional Errors &amp; Omissions Insurance<\/h2>\t\t\t\t<\/div>\n\t\t\t\t<\/div>\n\t\t\t\t<div class=\"elementor-element elementor-element-163bc02 elementor-widget elementor-widget-text-editor\" data-id=\"163bc02\" data-element_type=\"widget\" data-e-type=\"widget\" data-widget_type=\"text-editor.default\">\n\t\t\t\t<div class=\"elementor-widget-container\">\n\t\t\t\t\t\t\t\t\t<p class=\"p1\">The WHITEMONT financial services firm and all its partner advisors are covered by professional liability insurance, which protects their respective professional activities against errors and\/or omissions on their part.<\/p>\t\t\t\t\t\t\t\t<\/div>\n\t\t\t\t<\/div>\n\t\t\t\t<\/div>\n\t\t\t\t\t<\/div>\n\t\t\t\t<\/div>\n\t\t\t\t<\/div>","protected":false},"excerpt":{"rendered":"<p>Protections professionelles Assurance responsabilit\u00e9 professionelle Le cabinet de services financiers WHITEMONT et tous ses conseillers partenaires poss\u00e8dent une assurance responsabilit\u00e9 professionnelle qui couvre leurs activit\u00e9s professionnelles respectives contre les erreurs et\/ou omissions de leur part.<\/p>","protected":false},"author":1,"featured_media":0,"parent":0,"menu_order":0,"comment_status":"closed","ping_status":"closed","template":"elementor_header_footer","meta":{"footnotes":""},"class_list":["post-3294","page","type-page","status-publish","hentry"],"_links":{"self":[{"href":"https:\/\/whitemont.com\/en\/wp-json\/wp\/v2\/pages\/3294","targetHints":{"allow":["GET"]}}],"collection":[{"href":"https:\/\/whitemont.com\/en\/wp-json\/wp\/v2\/pages"}],"about":[{"href":"https:\/\/whitemont.com\/en\/wp-json\/wp\/v2\/types\/page"}],"author":[{"embeddable":true,"href":"https:\/\/whitemont.com\/en\/wp-json\/wp\/v2\/users\/1"}],"replies":[{"embeddable":true,"href":"https:\/\/whitemont.com\/en\/wp-json\/wp\/v2\/comments?post=3294"}],"version-history":[{"count":4,"href":"https:\/\/whitemont.com\/en\/wp-json\/wp\/v2\/pages\/3294\/revisions"}],"predecessor-version":[{"id":3299,"href":"https:\/\/whitemont.com\/en\/wp-json\/wp\/v2\/pages\/3294\/revisions\/3299"}],"wp:attachment":[{"href":"https:\/\/whitemont.com\/en\/wp-json\/wp\/v2\/media?parent=3294"}],"curies":[{"name":"wp","href":"https:\/\/api.w.org\/{rel}","templated":true}]}}