{"id":3398,"date":"2023-09-24T22:04:41","date_gmt":"2023-09-24T22:04:41","guid":{"rendered":"https:\/\/whitemont.com\/?page_id=3398"},"modified":"2024-09-17T10:25:56","modified_gmt":"2024-09-17T14:25:56","slug":"gestion-discretionnaire-du-portefeuille","status":"publish","type":"page","link":"https:\/\/whitemont.com\/en\/gestion-discretionnaire-du-portefeuille\/","title":{"rendered":"Discretionary portfolio management"},"content":{"rendered":"<div data-elementor-type=\"wp-page\" data-elementor-id=\"3398\" class=\"elementor elementor-3398\" data-elementor-post-type=\"page\">\n\t\t\t\t<div data-particle_enable=\"false\" data-particle-mobile-disabled=\"false\" class=\"elementor-element elementor-element-4c729081 e-flex e-con-boxed e-con e-parent\" data-id=\"4c729081\" data-element_type=\"container\" data-e-type=\"container\">\n\t\t\t\t\t<div class=\"e-con-inner\">\n\t\t\t\t<div class=\"elementor-element elementor-element-b33d834 elementor-widget__width-inherit elementor-widget elementor-widget-image\" data-id=\"b33d834\" data-element_type=\"widget\" data-e-type=\"widget\" data-widget_type=\"image.default\">\n\t\t\t\t<div class=\"elementor-widget-container\">\n\t\t\t\t\t\t\t\t\t\t\t\t\t\t\t<img fetchpriority=\"high\" decoding=\"async\" width=\"2000\" height=\"1333\" src=\"https:\/\/whitemont.com\/wp-content\/uploads\/2023\/09\/GestionPrivee.jpg\" class=\"attachment-full size-full wp-image-2731\" alt=\"\" srcset=\"https:\/\/whitemont.com\/wp-content\/uploads\/2023\/09\/GestionPrivee.jpg 2000w, https:\/\/whitemont.com\/wp-content\/uploads\/2023\/09\/GestionPrivee-300x200.jpg 300w, https:\/\/whitemont.com\/wp-content\/uploads\/2023\/09\/GestionPrivee-1024x682.jpg 1024w, https:\/\/whitemont.com\/wp-content\/uploads\/2023\/09\/GestionPrivee-768x512.jpg 768w, https:\/\/whitemont.com\/wp-content\/uploads\/2023\/09\/GestionPrivee-1536x1024.jpg 1536w, https:\/\/whitemont.com\/wp-content\/uploads\/2023\/09\/GestionPrivee-18x12.jpg 18w\" sizes=\"(max-width: 2000px) 100vw, 2000px\" \/>\t\t\t\t\t\t\t\t\t\t\t\t\t\t\t<\/div>\n\t\t\t\t<\/div>\n\t\t\t\t\t<\/div>\n\t\t\t\t<\/div>\n\t\t<div data-particle_enable=\"false\" data-particle-mobile-disabled=\"false\" class=\"elementor-element elementor-element-52c6399f e-flex e-con-boxed e-con e-parent\" data-id=\"52c6399f\" data-element_type=\"container\" data-e-type=\"container\">\n\t\t\t\t\t<div class=\"e-con-inner\">\n\t\t\t\t<div class=\"elementor-element elementor-element-5c737b8a elementor-widget elementor-widget-heading\" data-id=\"5c737b8a\" data-element_type=\"widget\" data-e-type=\"widget\" data-widget_type=\"heading.default\">\n\t\t\t\t<div class=\"elementor-widget-container\">\n\t\t\t\t\t<h2 class=\"elementor-heading-title elementor-size-default\">Discretionary portfolio management<\/h2>\t\t\t\t<\/div>\n\t\t\t\t<\/div>\n\t\t\t\t<div class=\"elementor-element elementor-element-507fd5a6 elementor-widget elementor-widget-text-editor\" data-id=\"507fd5a6\" data-element_type=\"widget\" data-e-type=\"widget\" data-widget_type=\"text-editor.default\">\n\t\t\t\t<div class=\"elementor-widget-container\">\n\t\t\t\t\t\t\t\t\t<p class=\"p1\">Through PEAK Securities,\u00a0we are pleased to introduce the\u00a0Discretionary Portfolio Management service, which exemplifies our partners\u2019 financial expertise and innovative approach. Our partner licensed advisors\u00a0team tailor a\u00a0model portfolio\u00a0to a variety of financial objectives and risk tolerances, based on years of research and market intelligence. By entrusting them\u00a0with the service of discretionary portfolio\u00a0management, you will enjoy a streamlined, proactive investment experience in which your portfolio will be continuously modified and optimized to ensure that it remains in line with your financial goals.<\/p>\t\t\t\t\t\t\t\t<\/div>\n\t\t\t\t<\/div>\n\t\t\t\t\t<\/div>\n\t\t\t\t<\/div>\n\t\t\t\t<\/div>","protected":false},"excerpt":{"rendered":"<p>Gestion discr\u00e9tionnaire de portefeuille Gr\u00e2ce \u00e0 Valeurs Mobili\u00e8res PEAK, nous sommes ravis de pr\u00e9senter le service de gestion discr\u00e9tionnaire de portefeuille, qui illustre l\u2019expertise financi\u00e8re et l\u2019approche novatrice de nos partenaires. Notre \u00e9quipe de conseillers partenaires adapte un mod\u00e8le de portefeuille \u00e0 divers objectifs financiers et tol\u00e9rances au risque, bas\u00e9 sur des ann\u00e9es de recherche<br \/><a class=\"moretag\" href=\"https:\/\/whitemont.com\/en\/gestion-discretionnaire-du-portefeuille\/\">+ Read More<\/a><\/p>","protected":false},"author":1,"featured_media":0,"parent":0,"menu_order":0,"comment_status":"closed","ping_status":"closed","template":"elementor_header_footer","meta":{"footnotes":""},"class_list":["post-3398","page","type-page","status-publish","hentry"],"_links":{"self":[{"href":"https:\/\/whitemont.com\/en\/wp-json\/wp\/v2\/pages\/3398","targetHints":{"allow":["GET"]}}],"collection":[{"href":"https:\/\/whitemont.com\/en\/wp-json\/wp\/v2\/pages"}],"about":[{"href":"https:\/\/whitemont.com\/en\/wp-json\/wp\/v2\/types\/page"}],"author":[{"embeddable":true,"href":"https:\/\/whitemont.com\/en\/wp-json\/wp\/v2\/users\/1"}],"replies":[{"embeddable":true,"href":"https:\/\/whitemont.com\/en\/wp-json\/wp\/v2\/comments?post=3398"}],"version-history":[{"count":10,"href":"https:\/\/whitemont.com\/en\/wp-json\/wp\/v2\/pages\/3398\/revisions"}],"predecessor-version":[{"id":4384,"href":"https:\/\/whitemont.com\/en\/wp-json\/wp\/v2\/pages\/3398\/revisions\/4384"}],"wp:attachment":[{"href":"https:\/\/whitemont.com\/en\/wp-json\/wp\/v2\/media?parent=3398"}],"curies":[{"name":"wp","href":"https:\/\/api.w.org\/{rel}","templated":true}]}}