{"id":3560,"date":"2023-09-25T01:13:40","date_gmt":"2023-09-25T01:13:40","guid":{"rendered":"https:\/\/whitemont.com\/?page_id=3560"},"modified":"2024-09-24T04:49:43","modified_gmt":"2024-09-24T08:49:43","slug":"conseillers","status":"publish","type":"page","link":"https:\/\/whitemont.com\/en\/conseillers\/","title":{"rendered":"Advisors"},"content":{"rendered":"<div data-elementor-type=\"wp-page\" data-elementor-id=\"3560\" class=\"elementor elementor-3560\" data-elementor-post-type=\"page\">\n\t\t\t\t<div data-particle_enable=\"false\" data-particle-mobile-disabled=\"false\" class=\"elementor-element elementor-element-5f344bf6 e-flex e-con-boxed e-con e-parent\" data-id=\"5f344bf6\" data-element_type=\"container\" data-e-type=\"container\">\n\t\t\t\t\t<div class=\"e-con-inner\">\n\t\t\t\t\t<\/div>\n\t\t\t\t<\/div>\n\t\t<div data-particle_enable=\"false\" data-particle-mobile-disabled=\"false\" class=\"elementor-element elementor-element-29318c0f animated-slow e-flex e-con-boxed elementor-invisible e-con e-parent\" data-id=\"29318c0f\" data-element_type=\"container\" data-e-type=\"container\" data-settings=\"{&quot;animation&quot;:&quot;fadeIn&quot;}\">\n\t\t\t\t\t<div class=\"e-con-inner\">\n\t\t\t\t<div class=\"elementor-element elementor-element-520fe0e9 animated-slow elementor-invisible elementor-widget elementor-widget-heading\" data-id=\"520fe0e9\" data-element_type=\"widget\" data-e-type=\"widget\" data-settings=\"{&quot;_animation&quot;:&quot;fadeIn&quot;}\" data-widget_type=\"heading.default\">\n\t\t\t\t<div class=\"elementor-widget-container\">\n\t\t\t\t\t<h2 class=\"elementor-heading-title elementor-size-default\">Advisors<\/h2>\t\t\t\t<\/div>\n\t\t\t\t<\/div>\n\t\t\t\t\t<\/div>\n\t\t\t\t<\/div>\n\t\t<div data-particle_enable=\"false\" data-particle-mobile-disabled=\"false\" class=\"elementor-element elementor-element-55a4015 e-flex e-con-boxed e-con e-parent\" data-id=\"55a4015\" data-element_type=\"container\" data-e-type=\"container\">\n\t\t\t\t\t<div class=\"e-con-inner\">\n\t\t<div data-particle_enable=\"false\" data-particle-mobile-disabled=\"false\" class=\"elementor-element elementor-element-93a5398 e-con-full e-flex e-con e-child\" data-id=\"93a5398\" data-element_type=\"container\" data-e-type=\"container\">\n\t\t<div data-particle_enable=\"false\" data-particle-mobile-disabled=\"false\" class=\"elementor-element elementor-element-794e035 e-con-full e-flex e-con e-child\" data-id=\"794e035\" data-element_type=\"container\" data-e-type=\"container\">\n\t\t\t\t<div class=\"elementor-element elementor-element-9cc60d8 elementor-widget__width-initial elementor-widget elementor-widget-image\" data-id=\"9cc60d8\" data-element_type=\"widget\" data-e-type=\"widget\" data-widget_type=\"image.default\">\n\t\t\t\t<div class=\"elementor-widget-container\">\n\t\t\t\t\t\t\t\t\t\t\t\t\t\t\t<img fetchpriority=\"high\" decoding=\"async\" width=\"1500\" height=\"2100\" src=\"https:\/\/whitemont.com\/wp-content\/uploads\/2023\/09\/025-Peter-Tsakiris-1.jpg\" class=\"attachment-full size-full wp-image-3161\" alt=\"\" srcset=\"https:\/\/whitemont.com\/wp-content\/uploads\/2023\/09\/025-Peter-Tsakiris-1.jpg 1500w, https:\/\/whitemont.com\/wp-content\/uploads\/2023\/09\/025-Peter-Tsakiris-1-214x300.jpg 214w, https:\/\/whitemont.com\/wp-content\/uploads\/2023\/09\/025-Peter-Tsakiris-1-731x1024.jpg 731w, https:\/\/whitemont.com\/wp-content\/uploads\/2023\/09\/025-Peter-Tsakiris-1-768x1075.jpg 768w, https:\/\/whitemont.com\/wp-content\/uploads\/2023\/09\/025-Peter-Tsakiris-1-1097x1536.jpg 1097w, https:\/\/whitemont.com\/wp-content\/uploads\/2023\/09\/025-Peter-Tsakiris-1-1463x2048.jpg 1463w, https:\/\/whitemont.com\/wp-content\/uploads\/2023\/09\/025-Peter-Tsakiris-1-9x12.jpg 9w\" sizes=\"(max-width: 1500px) 100vw, 1500px\" \/>\t\t\t\t\t\t\t\t\t\t\t\t\t\t\t<\/div>\n\t\t\t\t<\/div>\n\t\t\t\t<\/div>\n\t\t<div data-particle_enable=\"false\" data-particle-mobile-disabled=\"false\" class=\"elementor-element elementor-element-a3d3a4c e-con-full e-flex e-con e-child\" data-id=\"a3d3a4c\" data-element_type=\"container\" data-e-type=\"container\">\n\t\t<div data-particle_enable=\"false\" data-particle-mobile-disabled=\"false\" class=\"elementor-element elementor-element-1addadd e-con-full e-flex e-con e-child\" data-id=\"1addadd\" data-element_type=\"container\" data-e-type=\"container\">\n\t\t\t\t<div class=\"elementor-element elementor-element-e9c4f1b elementor-widget__width-initial elementor-widget elementor-widget-heading\" data-id=\"e9c4f1b\" data-element_type=\"widget\" data-e-type=\"widget\" data-widget_type=\"heading.default\">\n\t\t\t\t<div class=\"elementor-widget-container\">\n\t\t\t\t\t<h2 class=\"elementor-heading-title elementor-size-default\">Peter Tsakiris<\/h2>\t\t\t\t<\/div>\n\t\t\t\t<\/div>\n\t\t\t\t<\/div>\n\t\t\t\t<\/div>\n\t\t<div data-particle_enable=\"false\" data-particle-mobile-disabled=\"false\" class=\"elementor-element elementor-element-eb95e69 e-con-full e-flex e-con e-child\" data-id=\"eb95e69\" data-element_type=\"container\" data-e-type=\"container\">\n\t\t\t\t<div class=\"elementor-element elementor-element-e8432c3 elementor-widget__width-initial elementor-widget elementor-widget-text-editor\" data-id=\"e8432c3\" data-element_type=\"widget\" data-e-type=\"widget\" data-widget_type=\"text-editor.default\">\n\t\t\t\t<div class=\"elementor-widget-container\">\n\t\t\t\t\t\t\t\t\t<p>B. Sc. Actuary, MBA, CIM, C. Adm., F. Pl.<\/p><p>Branch Manager, PEAK Securities Inc.<\/p><p>Portfolio Manager, PEAK Securities Inc.<\/p><p style=\"font-weight: 400;\">Financial Planner<\/p><p style=\"font-weight: 400;\">Financial Security Advisor<\/p><p style=\"font-weight: 400;\">Advisor in Group Insurance &amp; Annuity Plans<\/p><p style=\"font-weight: 400;\">Certified Mortgage Broker<\/p>\t\t\t\t\t\t\t\t<\/div>\n\t\t\t\t<\/div>\n\t\t\t\t<\/div>\n\t\t\t\t<\/div>\n\t\t\t\t\t<\/div>\n\t\t\t\t<\/div>\n\t\t\t\t<\/div>","protected":false},"excerpt":{"rendered":"<p>Conseillers Peter Tsakiris B. Sc. Actuariat, MBA, CIM, Adm. A., Pl. Fin. Directeur de Succursale, Valeurs Mobili\u00e8res PEAK Inc. Gestionnaire de portefeuille, Valeurs Mobili\u00e8res PEAK Inc. Planificateur financier Conseiller en s\u00e9curit\u00e9 financi\u00e8re Conseiller en assurance et rentes collectives Courtier hypoth\u00e9caire agr\u00e9\u00e9<\/p>","protected":false},"author":1,"featured_media":0,"parent":0,"menu_order":0,"comment_status":"closed","ping_status":"closed","template":"elementor_header_footer","meta":{"footnotes":""},"class_list":["post-3560","page","type-page","status-publish","hentry"],"_links":{"self":[{"href":"https:\/\/whitemont.com\/en\/wp-json\/wp\/v2\/pages\/3560","targetHints":{"allow":["GET"]}}],"collection":[{"href":"https:\/\/whitemont.com\/en\/wp-json\/wp\/v2\/pages"}],"about":[{"href":"https:\/\/whitemont.com\/en\/wp-json\/wp\/v2\/types\/page"}],"author":[{"embeddable":true,"href":"https:\/\/whitemont.com\/en\/wp-json\/wp\/v2\/users\/1"}],"replies":[{"embeddable":true,"href":"https:\/\/whitemont.com\/en\/wp-json\/wp\/v2\/comments?post=3560"}],"version-history":[{"count":46,"href":"https:\/\/whitemont.com\/en\/wp-json\/wp\/v2\/pages\/3560\/revisions"}],"predecessor-version":[{"id":4475,"href":"https:\/\/whitemont.com\/en\/wp-json\/wp\/v2\/pages\/3560\/revisions\/4475"}],"wp:attachment":[{"href":"https:\/\/whitemont.com\/en\/wp-json\/wp\/v2\/media?parent=3560"}],"curies":[{"name":"wp","href":"https:\/\/api.w.org\/{rel}","templated":true}]}}