{"id":3586,"date":"2023-09-25T01:24:51","date_gmt":"2023-09-25T01:24:51","guid":{"rendered":"https:\/\/whitemont.com\/?page_id=3586"},"modified":"2023-10-31T11:04:03","modified_gmt":"2023-10-31T15:04:03","slug":"actualites-et-presse","status":"publish","type":"page","link":"https:\/\/whitemont.com\/en\/actualites-et-presse\/","title":{"rendered":"News and Press"},"content":{"rendered":"<div data-elementor-type=\"wp-page\" data-elementor-id=\"3586\" class=\"elementor elementor-3586\" data-elementor-post-type=\"page\">\n\t\t\t\t<div data-particle_enable=\"false\" data-particle-mobile-disabled=\"false\" class=\"elementor-element elementor-element-fceee95 e-flex e-con-boxed e-con e-parent\" data-id=\"fceee95\" data-element_type=\"container\" data-e-type=\"container\">\n\t\t\t\t\t<div class=\"e-con-inner\">\n\t\t\t\t\t<\/div>\n\t\t\t\t<\/div>\n\t\t<div data-particle_enable=\"false\" data-particle-mobile-disabled=\"false\" class=\"elementor-element elementor-element-b800b5d e-flex e-con-boxed e-con e-parent\" data-id=\"b800b5d\" data-element_type=\"container\" data-e-type=\"container\">\n\t\t\t\t\t<div class=\"e-con-inner\">\n\t\t\t\t<div class=\"elementor-element elementor-element-4202e65 elementor-widget elementor-widget-heading\" data-id=\"4202e65\" data-element_type=\"widget\" data-e-type=\"widget\" data-widget_type=\"heading.default\">\n\t\t\t\t<div class=\"elementor-widget-container\">\n\t\t\t\t\t<h2 class=\"elementor-heading-title elementor-size-default\">News and Press<\/h2>\t\t\t\t<\/div>\n\t\t\t\t<\/div>\n\t\t\t\t\t<\/div>\n\t\t\t\t<\/div>\n\t\t<div data-particle_enable=\"false\" data-particle-mobile-disabled=\"false\" class=\"elementor-element elementor-element-784d0c9 e-flex e-con-boxed e-con e-parent\" data-id=\"784d0c9\" data-element_type=\"container\" data-e-type=\"container\">\n\t\t\t\t\t<div class=\"e-con-inner\">\n\t\t<a data-particle_enable=\"false\" data-particle-mobile-disabled=\"false\" class=\"elementor-element elementor-element-9ea4e2e e-flex e-con-boxed e-con e-child\" data-id=\"9ea4e2e\" data-element_type=\"container\" data-e-type=\"container\" data-settings=\"{&quot;background_background&quot;:&quot;classic&quot;}\" href=\"https:\/\/www.conseiller.ca\/nouvelles\/industrie\/tete-a-tete-avec-peter-tsakiris\/\" target=\"_blank\">\n\t\t\t\t\t<div class=\"e-con-inner\">\n\t\t\t\t<div class=\"elementor-element elementor-element-7c7db76 elementor-widget__width-initial elementor-widget elementor-widget-heading\" data-id=\"7c7db76\" data-element_type=\"widget\" data-e-type=\"widget\" data-widget_type=\"heading.default\">\n\t\t\t\t<div class=\"elementor-widget-container\">\n\t\t\t\t\t<h2 class=\"elementor-heading-title elementor-size-default\">9 Septembre 2015<\/h2>\t\t\t\t<\/div>\n\t\t\t\t<\/div>\n\t\t<div data-particle_enable=\"false\" data-particle-mobile-disabled=\"false\" class=\"elementor-element elementor-element-166d2de e-con-full e-flex e-con e-child\" data-id=\"166d2de\" data-element_type=\"container\" data-e-type=\"container\">\n\t\t\t\t<div class=\"elementor-element elementor-element-f7588f0 elementor-widget elementor-widget-heading\" data-id=\"f7588f0\" data-element_type=\"widget\" data-e-type=\"widget\" data-widget_type=\"heading.default\">\n\t\t\t\t<div class=\"elementor-widget-container\">\n\t\t\t\t\t<h2 class=\"elementor-heading-title elementor-size-default\">T\u00eate-\u00e0-t\u00eate avec Peter Tsakiris<\/h2>\t\t\t\t<\/div>\n\t\t\t\t<\/div>\n\t\t\t\t<div class=\"elementor-element elementor-element-a556baf elementor-widget elementor-widget-text-editor\" data-id=\"a556baf\" data-element_type=\"widget\" data-e-type=\"widget\" data-widget_type=\"text-editor.default\">\n\t\t\t\t<div class=\"elementor-widget-container\">\n\t\t\t\t\t\t\t\t\t<p>Outiller ses conseillers ind\u00e9pendants pour qu\u2019ils puissent se concentrer sur leur client\u00e8le, voil\u00e0 sa mission.<\/p>\t\t\t\t\t\t\t\t<\/div>\n\t\t\t\t<\/div>\n\t\t\t\t<\/div>\n\t\t\t\t<div class=\"elementor-element elementor-element-305b56b elementor-widget__width-initial elementor-widget elementor-widget-image\" data-id=\"305b56b\" data-element_type=\"widget\" data-e-type=\"widget\" data-widget_type=\"image.default\">\n\t\t\t\t<div class=\"elementor-widget-container\">\n\t\t\t\t\t\t\t\t\t\t\t\t\t\t\t<img fetchpriority=\"high\" decoding=\"async\" width=\"300\" height=\"200\" src=\"https:\/\/whitemont.com\/wp-content\/uploads\/2023\/09\/Actualite1-300x200.jpeg\" class=\"attachment-medium size-medium wp-image-3588\" alt=\"\" srcset=\"https:\/\/whitemont.com\/wp-content\/uploads\/2023\/09\/Actualite1-300x200.jpeg 300w, https:\/\/whitemont.com\/wp-content\/uploads\/2023\/09\/Actualite1-18x12.jpeg 18w, https:\/\/whitemont.com\/wp-content\/uploads\/2023\/09\/Actualite1.jpeg 425w\" sizes=\"(max-width: 300px) 100vw, 300px\" \/>\t\t\t\t\t\t\t\t\t\t\t\t\t\t\t<\/div>\n\t\t\t\t<\/div>\n\t\t\t\t\t<\/div>\n\t\t\t\t<\/a>\n\t\t\t\t\t<\/div>\n\t\t\t\t<\/div>\n\t\t<div data-particle_enable=\"false\" data-particle-mobile-disabled=\"false\" class=\"elementor-element elementor-element-0c8e225 e-flex e-con-boxed e-con e-parent\" data-id=\"0c8e225\" data-element_type=\"container\" data-e-type=\"container\">\n\t\t\t\t\t<div class=\"e-con-inner\">\n\t\t<a data-particle_enable=\"false\" data-particle-mobile-disabled=\"false\" class=\"elementor-element elementor-element-6c7b6dd e-flex e-con-boxed e-con e-child\" data-id=\"6c7b6dd\" data-element_type=\"container\" data-e-type=\"container\" href=\"https:\/\/www.lapresse.ca\/affaires\/finances-personnelles\/2020-03-08\/train-de-vie-vers-une-retraite-hative\" target=\"_blank\">\n\t\t\t\t\t<div class=\"e-con-inner\">\n\t\t\t\t<div class=\"elementor-element elementor-element-9273afe elementor-widget__width-initial elementor-widget elementor-widget-heading\" data-id=\"9273afe\" data-element_type=\"widget\" data-e-type=\"widget\" data-widget_type=\"heading.default\">\n\t\t\t\t<div class=\"elementor-widget-container\">\n\t\t\t\t\t<h2 class=\"elementor-heading-title elementor-size-default\">8 Mars 2020<\/h2>\t\t\t\t<\/div>\n\t\t\t\t<\/div>\n\t\t<div data-particle_enable=\"false\" data-particle-mobile-disabled=\"false\" class=\"elementor-element elementor-element-03e42ff e-con-full e-flex e-con e-child\" data-id=\"03e42ff\" data-element_type=\"container\" data-e-type=\"container\">\n\t\t\t\t<div class=\"elementor-element elementor-element-c93ffab elementor-widget elementor-widget-heading\" data-id=\"c93ffab\" data-element_type=\"widget\" data-e-type=\"widget\" data-widget_type=\"heading.default\">\n\t\t\t\t<div class=\"elementor-widget-container\">\n\t\t\t\t\t<h2 class=\"elementor-heading-title elementor-size-default\">Train de vie: vers une retraite h\u00e2tive<\/h2>\t\t\t\t<\/div>\n\t\t\t\t<\/div>\n\t\t\t\t<div class=\"elementor-element elementor-element-8809aa8 elementor-widget elementor-widget-text-editor\" data-id=\"8809aa8\" data-element_type=\"widget\" data-e-type=\"widget\" data-widget_type=\"text-editor.default\">\n\t\t\t\t<div class=\"elementor-widget-container\">\n\t\t\t\t\t\t\t\t\t<p>Les conjoints Pierre*, 61\u00a0ans, et Monique*, 63\u00a0ans, envisagent de se retirer du march\u00e9 du travail pour amorcer leur retraite.<\/p>\t\t\t\t\t\t\t\t<\/div>\n\t\t\t\t<\/div>\n\t\t\t\t<\/div>\n\t\t\t\t<div class=\"elementor-element elementor-element-9a4064e elementor-widget__width-initial elementor-widget elementor-widget-image\" data-id=\"9a4064e\" data-element_type=\"widget\" data-e-type=\"widget\" data-widget_type=\"image.default\">\n\t\t\t\t<div class=\"elementor-widget-container\">\n\t\t\t\t\t\t\t\t\t\t\t\t\t\t\t<img decoding=\"async\" width=\"300\" height=\"200\" src=\"https:\/\/whitemont.com\/wp-content\/uploads\/2023\/09\/Actualite2-300x200.jpeg\" class=\"attachment-medium size-medium wp-image-3589\" alt=\"\" srcset=\"https:\/\/whitemont.com\/wp-content\/uploads\/2023\/09\/Actualite2-300x200.jpeg 300w, https:\/\/whitemont.com\/wp-content\/uploads\/2023\/09\/Actualite2-768x511.jpeg 768w, https:\/\/whitemont.com\/wp-content\/uploads\/2023\/09\/Actualite2-18x12.jpeg 18w, https:\/\/whitemont.com\/wp-content\/uploads\/2023\/09\/Actualite2.jpeg 924w\" sizes=\"(max-width: 300px) 100vw, 300px\" \/>\t\t\t\t\t\t\t\t\t\t\t\t\t\t\t<\/div>\n\t\t\t\t<\/div>\n\t\t\t\t\t<\/div>\n\t\t\t\t<\/a>\n\t\t\t\t\t<\/div>\n\t\t\t\t<\/div>\n\t\t<div data-particle_enable=\"false\" data-particle-mobile-disabled=\"false\" class=\"elementor-element elementor-element-c09d1b3 e-flex e-con-boxed e-con e-parent\" data-id=\"c09d1b3\" data-element_type=\"container\" data-e-type=\"container\">\n\t\t\t\t\t<div class=\"e-con-inner\">\n\t\t<a data-particle_enable=\"false\" data-particle-mobile-disabled=\"false\" class=\"elementor-element elementor-element-9fad323 e-flex e-con-boxed e-con e-child\" data-id=\"9fad323\" data-element_type=\"container\" data-e-type=\"container\" data-settings=\"{&quot;background_background&quot;:&quot;classic&quot;}\" href=\"https:\/\/blogue.genium360.ca\/article\/avantages\/la-volatilite-on-aime-un-automne-tout-en-action\/\" target=\"_blank\">\n\t\t\t\t\t<div class=\"e-con-inner\">\n\t\t\t\t<div class=\"elementor-element elementor-element-f163db5 elementor-widget__width-initial elementor-widget elementor-widget-heading\" data-id=\"f163db5\" data-element_type=\"widget\" data-e-type=\"widget\" data-widget_type=\"heading.default\">\n\t\t\t\t<div class=\"elementor-widget-container\">\n\t\t\t\t\t<h2 class=\"elementor-heading-title elementor-size-default\">31 Octobre 2018<\/h2>\t\t\t\t<\/div>\n\t\t\t\t<\/div>\n\t\t<div data-particle_enable=\"false\" data-particle-mobile-disabled=\"false\" class=\"elementor-element elementor-element-12792cf e-con-full e-flex e-con e-child\" data-id=\"12792cf\" data-element_type=\"container\" data-e-type=\"container\">\n\t\t\t\t<div class=\"elementor-element elementor-element-f33e0a2 elementor-widget elementor-widget-heading\" data-id=\"f33e0a2\" data-element_type=\"widget\" data-e-type=\"widget\" data-widget_type=\"heading.default\">\n\t\t\t\t<div class=\"elementor-widget-container\">\n\t\t\t\t\t<h2 class=\"elementor-heading-title elementor-size-default\">La volatilit\u00e9? On aime! Un automne tout en action\u2026<\/h2>\t\t\t\t<\/div>\n\t\t\t\t<\/div>\n\t\t\t\t<div class=\"elementor-element elementor-element-cc7d785 elementor-widget elementor-widget-text-editor\" data-id=\"cc7d785\" data-element_type=\"widget\" data-e-type=\"widget\" data-widget_type=\"text-editor.default\">\n\t\t\t\t<div class=\"elementor-widget-container\">\n\t\t\t\t\t\t\t\t\t<p>L\u2019automne est bel et bien parmi nous\u2026 Le vent souffle, les arbres s\u2019agitent, les feuilles tombent \u2026 tout comme les mouvements de march\u00e9s boursiers! Cause d\u2019inqui\u00e9tude, mouvement temporaire, ou nouvelle tendance?<\/p>\t\t\t\t\t\t\t\t<\/div>\n\t\t\t\t<\/div>\n\t\t\t\t<\/div>\n\t\t\t\t<div class=\"elementor-element elementor-element-57111ad elementor-widget__width-initial elementor-widget elementor-widget-image\" data-id=\"57111ad\" data-element_type=\"widget\" data-e-type=\"widget\" data-widget_type=\"image.default\">\n\t\t\t\t<div class=\"elementor-widget-container\">\n\t\t\t\t\t\t\t\t\t\t\t\t\t\t\t<img decoding=\"async\" width=\"600\" height=\"351\" src=\"https:\/\/whitemont.com\/wp-content\/uploads\/2023\/09\/Actualite3-1.jpeg\" class=\"attachment-full size-full wp-image-3595\" alt=\"\" srcset=\"https:\/\/whitemont.com\/wp-content\/uploads\/2023\/09\/Actualite3-1.jpeg 600w, https:\/\/whitemont.com\/wp-content\/uploads\/2023\/09\/Actualite3-1-300x176.jpeg 300w, https:\/\/whitemont.com\/wp-content\/uploads\/2023\/09\/Actualite3-1-18x12.jpeg 18w\" sizes=\"(max-width: 600px) 100vw, 600px\" \/>\t\t\t\t\t\t\t\t\t\t\t\t\t\t\t<\/div>\n\t\t\t\t<\/div>\n\t\t\t\t\t<\/div>\n\t\t\t\t<\/a>\n\t\t\t\t\t<\/div>\n\t\t\t\t<\/div>\n\t\t<div data-particle_enable=\"false\" data-particle-mobile-disabled=\"false\" class=\"elementor-element elementor-element-941ea41 e-flex e-con-boxed e-con e-parent\" data-id=\"941ea41\" data-element_type=\"container\" data-e-type=\"container\">\n\t\t\t\t\t<div class=\"e-con-inner\">\n\t\t<a data-particle_enable=\"false\" data-particle-mobile-disabled=\"false\" class=\"elementor-element elementor-element-970f2f7 e-flex e-con-boxed e-con e-child\" data-id=\"970f2f7\" data-element_type=\"container\" data-e-type=\"container\" href=\"https:\/\/www.chambresf.com\/files\/medias\/pdf\/magazine-csf-mars-2017.pdf\" target=\"_blank\">\n\t\t\t\t\t<div class=\"e-con-inner\">\n\t\t\t\t<div class=\"elementor-element elementor-element-15bb3a2 elementor-widget__width-initial elementor-widget elementor-widget-heading\" data-id=\"15bb3a2\" data-element_type=\"widget\" data-e-type=\"widget\" data-widget_type=\"heading.default\">\n\t\t\t\t<div class=\"elementor-widget-container\">\n\t\t\t\t\t<h2 class=\"elementor-heading-title elementor-size-default\">March 2017<\/h2>\t\t\t\t<\/div>\n\t\t\t\t<\/div>\n\t\t<div data-particle_enable=\"false\" data-particle-mobile-disabled=\"false\" class=\"elementor-element elementor-element-9cfcfa3 e-con-full e-flex e-con e-child\" data-id=\"9cfcfa3\" data-element_type=\"container\" data-e-type=\"container\">\n\t\t\t\t<div class=\"elementor-element elementor-element-ac9da04 elementor-widget elementor-widget-heading\" data-id=\"ac9da04\" data-element_type=\"widget\" data-e-type=\"widget\" data-widget_type=\"heading.default\">\n\t\t\t\t<div class=\"elementor-widget-container\">\n\t\t\t\t\t<h2 class=\"elementor-heading-title elementor-size-default\">Le grand enjeu en 2017<\/h2>\t\t\t\t<\/div>\n\t\t\t\t<\/div>\n\t\t\t\t<\/div>\n\t\t\t\t<div class=\"elementor-element elementor-element-aa5475c elementor-widget__width-initial elementor-widget elementor-widget-image\" data-id=\"aa5475c\" data-element_type=\"widget\" data-e-type=\"widget\" data-widget_type=\"image.default\">\n\t\t\t\t<div class=\"elementor-widget-container\">\n\t\t\t\t\t\t\t\t\t\t\t\t\t\t\t<img loading=\"lazy\" decoding=\"async\" width=\"300\" height=\"225\" src=\"https:\/\/whitemont.com\/wp-content\/uploads\/2023\/09\/ARTICLE6-300x225.jpeg\" class=\"attachment-medium size-medium wp-image-3088\" alt=\"\" srcset=\"https:\/\/whitemont.com\/wp-content\/uploads\/2023\/09\/ARTICLE6-300x225.jpeg 300w, https:\/\/whitemont.com\/wp-content\/uploads\/2023\/09\/ARTICLE6-768x576.jpeg 768w, https:\/\/whitemont.com\/wp-content\/uploads\/2023\/09\/ARTICLE6-16x12.jpeg 16w, https:\/\/whitemont.com\/wp-content\/uploads\/2023\/09\/ARTICLE6.jpeg 800w\" sizes=\"(max-width: 300px) 100vw, 300px\" \/>\t\t\t\t\t\t\t\t\t\t\t\t\t\t\t<\/div>\n\t\t\t\t<\/div>\n\t\t\t\t\t<\/div>\n\t\t\t\t<\/a>\n\t\t\t\t\t<\/div>\n\t\t\t\t<\/div>\n\t\t<div data-particle_enable=\"false\" data-particle-mobile-disabled=\"false\" class=\"elementor-element elementor-element-2431f00 e-flex e-con-boxed e-con e-parent\" data-id=\"2431f00\" data-element_type=\"container\" data-e-type=\"container\">\n\t\t\t\t\t<div class=\"e-con-inner\">\n\t\t<a data-particle_enable=\"false\" data-particle-mobile-disabled=\"false\" class=\"elementor-element elementor-element-faa3fa3 e-flex e-con-boxed e-con e-child\" data-id=\"faa3fa3\" data-element_type=\"container\" data-e-type=\"container\" data-settings=\"{&quot;background_background&quot;:&quot;classic&quot;}\" href=\"https:\/\/www.finance-investissement.com\/zone-experts_\/peter-tsakiris\/des-emprunteurs-pris-en-otage\/\" target=\"_blank\">\n\t\t\t\t\t<div class=\"e-con-inner\">\n\t\t\t\t<div class=\"elementor-element elementor-element-6efbed9 elementor-widget__width-initial elementor-widget elementor-widget-heading\" data-id=\"6efbed9\" data-element_type=\"widget\" data-e-type=\"widget\" data-widget_type=\"heading.default\">\n\t\t\t\t<div class=\"elementor-widget-container\">\n\t\t\t\t\t<h2 class=\"elementor-heading-title elementor-size-default\">15 Mars 2017<\/h2>\t\t\t\t<\/div>\n\t\t\t\t<\/div>\n\t\t<div data-particle_enable=\"false\" data-particle-mobile-disabled=\"false\" class=\"elementor-element elementor-element-2bd7c97 e-con-full e-flex e-con e-child\" data-id=\"2bd7c97\" data-element_type=\"container\" data-e-type=\"container\">\n\t\t\t\t<div class=\"elementor-element elementor-element-5d10a36 elementor-widget elementor-widget-heading\" data-id=\"5d10a36\" data-element_type=\"widget\" data-e-type=\"widget\" data-widget_type=\"heading.default\">\n\t\t\t\t<div class=\"elementor-widget-container\">\n\t\t\t\t\t<h2 class=\"elementor-heading-title elementor-size-default\">10 faits sur notre relation \u00e0 l\u2019argent<\/h2>\t\t\t\t<\/div>\n\t\t\t\t<\/div>\n\t\t\t\t<div class=\"elementor-element elementor-element-1ece197 elementor-widget elementor-widget-text-editor\" data-id=\"1ece197\" data-element_type=\"widget\" data-e-type=\"widget\" data-widget_type=\"text-editor.default\">\n\t\t\t\t<div class=\"elementor-widget-container\">\n\t\t\t\t\t\t\t\t\t<p>Coup de pouce\u00a0a men\u00e9 un sondage pour sa voir quel rapport les femmes ont \u00e0 l\u2019argent. Analyse des r\u00e9sultats et conseils de nos experts pour enfin prendre nos finances en main.<\/p>\t\t\t\t\t\t\t\t<\/div>\n\t\t\t\t<\/div>\n\t\t\t\t<\/div>\n\t\t\t\t<div class=\"elementor-element elementor-element-442da80 elementor-widget__width-initial elementor-widget elementor-widget-image\" data-id=\"442da80\" data-element_type=\"widget\" data-e-type=\"widget\" data-widget_type=\"image.default\">\n\t\t\t\t<div class=\"elementor-widget-container\">\n\t\t\t\t\t\t\t\t\t\t\t\t\t\t\t<img loading=\"lazy\" decoding=\"async\" width=\"300\" height=\"225\" src=\"https:\/\/whitemont.com\/wp-content\/uploads\/2023\/09\/ARTICLE6-300x225.jpeg\" class=\"attachment-medium size-medium wp-image-3088\" alt=\"\" srcset=\"https:\/\/whitemont.com\/wp-content\/uploads\/2023\/09\/ARTICLE6-300x225.jpeg 300w, https:\/\/whitemont.com\/wp-content\/uploads\/2023\/09\/ARTICLE6-768x576.jpeg 768w, https:\/\/whitemont.com\/wp-content\/uploads\/2023\/09\/ARTICLE6-16x12.jpeg 16w, https:\/\/whitemont.com\/wp-content\/uploads\/2023\/09\/ARTICLE6.jpeg 800w\" sizes=\"(max-width: 300px) 100vw, 300px\" \/>\t\t\t\t\t\t\t\t\t\t\t\t\t\t\t<\/div>\n\t\t\t\t<\/div>\n\t\t\t\t\t<\/div>\n\t\t\t\t<\/a>\n\t\t\t\t\t<\/div>\n\t\t\t\t<\/div>\n\t\t<div data-particle_enable=\"false\" data-particle-mobile-disabled=\"false\" class=\"elementor-element elementor-element-4d52d22 e-flex e-con-boxed e-con e-parent\" data-id=\"4d52d22\" data-element_type=\"container\" data-e-type=\"container\">\n\t\t\t\t\t<div class=\"e-con-inner\">\n\t\t<a data-particle_enable=\"false\" data-particle-mobile-disabled=\"false\" class=\"elementor-element elementor-element-ab34c87 e-flex e-con-boxed e-con e-child\" data-id=\"ab34c87\" data-element_type=\"container\" data-e-type=\"container\" href=\"https:\/\/www.chambresf.com\/files\/medias\/pdf\/magazine-csf-mars-2017.pdf\" target=\"_blank\">\n\t\t\t\t\t<div class=\"e-con-inner\">\n\t\t\t\t<div class=\"elementor-element elementor-element-fd40e9a elementor-widget__width-initial elementor-widget elementor-widget-heading\" data-id=\"fd40e9a\" data-element_type=\"widget\" data-e-type=\"widget\" data-widget_type=\"heading.default\">\n\t\t\t\t<div class=\"elementor-widget-container\">\n\t\t\t\t\t<h2 class=\"elementor-heading-title elementor-size-default\">8 Mars 2016<\/h2>\t\t\t\t<\/div>\n\t\t\t\t<\/div>\n\t\t<div data-particle_enable=\"false\" data-particle-mobile-disabled=\"false\" class=\"elementor-element elementor-element-ab1ba5f e-con-full e-flex e-con e-child\" data-id=\"ab1ba5f\" data-element_type=\"container\" data-e-type=\"container\">\n\t\t\t\t<div class=\"elementor-element elementor-element-f0bec74 elementor-widget elementor-widget-heading\" data-id=\"f0bec74\" data-element_type=\"widget\" data-e-type=\"widget\" data-widget_type=\"heading.default\">\n\t\t\t\t<div class=\"elementor-widget-container\">\n\t\t\t\t\t<h2 class=\"elementor-heading-title elementor-size-default\">Cotisation d\u00e9termin\u00e9e, implication essentielle<\/h2>\t\t\t\t<\/div>\n\t\t\t\t<\/div>\n\t\t\t\t<div class=\"elementor-element elementor-element-2b3f0ee elementor-widget elementor-widget-text-editor\" data-id=\"2b3f0ee\" data-element_type=\"widget\" data-e-type=\"widget\" data-widget_type=\"text-editor.default\">\n\t\t\t\t<div class=\"elementor-widget-container\">\n\t\t\t\t\t\t\t\t\t<p>Difficile d\u2019imaginer un r\u00e9gime appr\u00e9ci\u00e9 des participants sans une implication sinc\u00e8re de la part du promoteur.<\/p>\t\t\t\t\t\t\t\t<\/div>\n\t\t\t\t<\/div>\n\t\t\t\t<\/div>\n\t\t\t\t<div class=\"elementor-element elementor-element-0c1dfda elementor-widget__width-initial elementor-widget elementor-widget-image\" data-id=\"0c1dfda\" data-element_type=\"widget\" data-e-type=\"widget\" data-widget_type=\"image.default\">\n\t\t\t\t<div class=\"elementor-widget-container\">\n\t\t\t\t\t\t\t\t\t\t\t\t\t\t\t<img loading=\"lazy\" decoding=\"async\" width=\"300\" height=\"200\" src=\"https:\/\/whitemont.com\/wp-content\/uploads\/2023\/09\/Actualite5-300x200.jpeg\" class=\"attachment-medium size-medium wp-image-3614\" alt=\"\" srcset=\"https:\/\/whitemont.com\/wp-content\/uploads\/2023\/09\/Actualite5-300x200.jpeg 300w, https:\/\/whitemont.com\/wp-content\/uploads\/2023\/09\/Actualite5-18x12.jpeg 18w, https:\/\/whitemont.com\/wp-content\/uploads\/2023\/09\/Actualite5.jpeg 425w\" sizes=\"(max-width: 300px) 100vw, 300px\" \/>\t\t\t\t\t\t\t\t\t\t\t\t\t\t\t<\/div>\n\t\t\t\t<\/div>\n\t\t\t\t\t<\/div>\n\t\t\t\t<\/a>\n\t\t\t\t\t<\/div>\n\t\t\t\t<\/div>\n\t\t\t\t<\/div>","protected":false},"excerpt":{"rendered":"<p>Actualit\u00e9s et Presse 9 Septembre 2015 T\u00eate-\u00e0-t\u00eate avec Peter Tsakiris Outiller ses conseillers ind\u00e9pendants pour qu\u2019ils puissent se concentrer sur leur client\u00e8le, voil\u00e0 sa mission. 8 Mars 2020 Train de vie: vers une retraite h\u00e2tive Les conjoints Pierre*, 61\u00a0ans, et Monique*, 63\u00a0ans, envisagent de se retirer du march\u00e9 du travail pour amorcer leur retraite. 31<br \/><a class=\"moretag\" href=\"https:\/\/whitemont.com\/en\/actualites-et-presse\/\">+ Read More<\/a><\/p>","protected":false},"author":1,"featured_media":0,"parent":0,"menu_order":0,"comment_status":"closed","ping_status":"closed","template":"elementor_header_footer","meta":{"footnotes":""},"class_list":["post-3586","page","type-page","status-publish","hentry"],"_links":{"self":[{"href":"https:\/\/whitemont.com\/en\/wp-json\/wp\/v2\/pages\/3586","targetHints":{"allow":["GET"]}}],"collection":[{"href":"https:\/\/whitemont.com\/en\/wp-json\/wp\/v2\/pages"}],"about":[{"href":"https:\/\/whitemont.com\/en\/wp-json\/wp\/v2\/types\/page"}],"author":[{"embeddable":true,"href":"https:\/\/whitemont.com\/en\/wp-json\/wp\/v2\/users\/1"}],"replies":[{"embeddable":true,"href":"https:\/\/whitemont.com\/en\/wp-json\/wp\/v2\/comments?post=3586"}],"version-history":[{"count":46,"href":"https:\/\/whitemont.com\/en\/wp-json\/wp\/v2\/pages\/3586\/revisions"}],"predecessor-version":[{"id":4178,"href":"https:\/\/whitemont.com\/en\/wp-json\/wp\/v2\/pages\/3586\/revisions\/4178"}],"wp:attachment":[{"href":"https:\/\/whitemont.com\/en\/wp-json\/wp\/v2\/media?parent=3586"}],"curies":[{"name":"wp","href":"https:\/\/api.w.org\/{rel}","templated":true}]}}