{"id":4416,"date":"2024-09-17T14:57:24","date_gmt":"2024-09-17T18:57:24","guid":{"rendered":"https:\/\/whitemont.com\/?page_id=4416"},"modified":"2024-09-17T15:02:59","modified_gmt":"2024-09-17T19:02:59","slug":"notre-cabinet","status":"publish","type":"page","link":"https:\/\/whitemont.com\/en\/notre-cabinet\/","title":{"rendered":"Our Firm"},"content":{"rendered":"<div data-elementor-type=\"wp-page\" data-elementor-id=\"4416\" class=\"elementor elementor-4416\" data-elementor-post-type=\"page\">\n\t\t\t\t<div data-particle_enable=\"false\" data-particle-mobile-disabled=\"false\" class=\"elementor-element elementor-element-2d948969 e-flex e-con-boxed e-con e-parent\" data-id=\"2d948969\" data-element_type=\"container\" data-e-type=\"container\">\n\t\t\t\t\t<div class=\"e-con-inner\">\n\t\t\t\t\t<\/div>\n\t\t\t\t<\/div>\n\t\t<div data-particle_enable=\"false\" data-particle-mobile-disabled=\"false\" class=\"elementor-element elementor-element-d219ff5 animated-slow e-flex e-con-boxed elementor-invisible e-con e-parent\" data-id=\"d219ff5\" data-element_type=\"container\" data-e-type=\"container\" data-settings=\"{&quot;animation&quot;:&quot;fadeIn&quot;}\">\n\t\t\t\t\t<div class=\"e-con-inner\">\n\t\t\t\t<div class=\"elementor-element elementor-element-72d7c87 elementor-widget elementor-widget-heading\" data-id=\"72d7c87\" data-element_type=\"widget\" data-e-type=\"widget\" data-widget_type=\"heading.default\">\n\t\t\t\t<div class=\"elementor-widget-container\">\n\t\t\t\t\t<h2 class=\"elementor-heading-title elementor-size-default\">Our Firm<\/h2>\t\t\t\t<\/div>\n\t\t\t\t<\/div>\n\t\t\t\t<div class=\"elementor-element elementor-element-4dc3064 elementor-widget elementor-widget-text-editor\" data-id=\"4dc3064\" data-element_type=\"widget\" data-e-type=\"widget\" data-widget_type=\"text-editor.default\">\n\t\t\t\t<div class=\"elementor-widget-container\">\n\t\t\t\t\t\t\t\t\t<p class=\"p1\">WHITEMONT Financial Services is a financial services firm that provides its partner advisors and clients with unparalleled administrative support and resources essential for their success. A multidisciplinary staff with extensive experience is at your disposal! We can guide and advise you on the entire spectrum of financial planning services.<\/p><p class=\"p1\"><br><\/p>\n<p class=\"p1\">We believe that good business conduct encompasses more than the creation of new high-end financial products, solid financial performance, and outstanding administrative service. At WHITEMONT Financial Services, good business conduct begins with impeccable ethics. We have built and maintained a high level of credibility and trust among our employees, clients, advisors, partners, and the community by working with diligence, honesty, and transparency.<\/p>\t\t\t\t\t\t\t\t<\/div>\n\t\t\t\t<\/div>\n\t\t\t\t\t<\/div>\n\t\t\t\t<\/div>\n\t\t\t\t<\/div>","protected":false},"excerpt":{"rendered":"<p>Notre Cabinet Services financiers WHITEMONT est un cabinet de services financiers qui offre \u00e0 ses conseillers partenaires et \u00e0 ses clients un soutien administratif et des ressources in\u00e9gal\u00e9s essentiels \u00e0 leur r\u00e9ussite. Une \u00e9quipe multidisciplinaire chevronn\u00e9e est mise \u00e0 votre disposition ! Nous sommes en mesure de vous guider et de vous conseiller sur l&rsquo;ensemble<br \/><a class=\"moretag\" href=\"https:\/\/whitemont.com\/en\/notre-cabinet\/\">+ Read More<\/a><\/p>","protected":false},"author":1,"featured_media":0,"parent":0,"menu_order":0,"comment_status":"closed","ping_status":"closed","template":"elementor_header_footer","meta":{"footnotes":""},"class_list":["post-4416","page","type-page","status-publish","hentry"],"_links":{"self":[{"href":"https:\/\/whitemont.com\/en\/wp-json\/wp\/v2\/pages\/4416","targetHints":{"allow":["GET"]}}],"collection":[{"href":"https:\/\/whitemont.com\/en\/wp-json\/wp\/v2\/pages"}],"about":[{"href":"https:\/\/whitemont.com\/en\/wp-json\/wp\/v2\/types\/page"}],"author":[{"embeddable":true,"href":"https:\/\/whitemont.com\/en\/wp-json\/wp\/v2\/users\/1"}],"replies":[{"embeddable":true,"href":"https:\/\/whitemont.com\/en\/wp-json\/wp\/v2\/comments?post=4416"}],"version-history":[{"count":13,"href":"https:\/\/whitemont.com\/en\/wp-json\/wp\/v2\/pages\/4416\/revisions"}],"predecessor-version":[{"id":4430,"href":"https:\/\/whitemont.com\/en\/wp-json\/wp\/v2\/pages\/4416\/revisions\/4430"}],"wp:attachment":[{"href":"https:\/\/whitemont.com\/en\/wp-json\/wp\/v2\/media?parent=4416"}],"curies":[{"name":"wp","href":"https:\/\/api.w.org\/{rel}","templated":true}]}}